{"id":10155,"date":"2025-03-31T10:55:23","date_gmt":"2025-03-31T10:55:23","guid":{"rendered":"https:\/\/whitelip.com\/iceberg-cherry-extreme\/"},"modified":"2026-05-01T10:10:40","modified_gmt":"2026-05-01T10:10:40","slug":"iceberg-cherry-extreme","status":"publish","type":"product","link":"https:\/\/whitelip.com\/de\/iceberg\/iceberg-cherry-extreme\/","title":{"rendered":"ICEBERG Kirsche Extrem"},"content":{"rendered":"<h2><strong>ICEBERG Kirsche Extrem<\/strong><\/h2>\n<p class=\"\" data-start=\"80\" data-end=\"707\">ICEBERG Cherry Extreme Nikotinbeutel liefern einen kr\u00e4ftigen und saftigen Kirschgeschmack mit einem s\u00fc\u00dfen und doch leicht s\u00e4uerlichen Profil und bieten ein reichhaltiges und fruchtiges Erlebnis. Jeder Beutel im Slim-Format enth\u00e4lt 50 mg Nikotin pro Gramm - etwa 35 mg pro Beutel - und ist damit ideal f\u00fcr erfahrene Raucher, die einen kr\u00e4ftigen und geschmackvollen Nikotinsto\u00df suchen. Sie wurden f\u00fcr den diskreten Gebrauch unter der Lippe entwickelt, ohne die Z\u00e4hne zu verf\u00e4rben, und sind somit perfekt f\u00fcr unterwegs. Produziert von Neoptolem, einem polnischen Hersteller, der daf\u00fcr bekannt ist, moderne Innovation mit traditioneller Handwerkskunst zu verbinden, zeichnen sich diese tabakfreien Beutel durch intensiven Geschmack und erstklassige Qualit\u00e4t aus.<\/p>\n<table>\n<tbody>\n<tr>\n<td><b>Attribut<\/b><\/td>\n<td><b>Einzelheiten<\/b><\/td>\n<\/tr>\n<tr>\n<td><b>Inhalt pro Dose<\/b><\/td>\n<td><span style=\"font-weight: 400;\">13g (20 Beutel)<\/span><\/td>\n<\/tr>\n<tr>\n<td><b>Nikotingehalt<\/b><\/td>\n<td><span style=\"font-weight: 400;\">50 mg\/g (35 mg pro Beutel)<\/span><\/td>\n<\/tr>\n<tr>\n<td><b>Format des Beutels<\/b><\/td>\n<td><span style=\"font-weight: 400;\">Schlank<\/span><\/td>\n<\/tr>\n<tr>\n<td><b>Produzent<\/b><\/td>\n<td><span style=\"font-weight: 400;\">Neoptolem<\/span><\/td>\n<\/tr>\n<tr>\n<td><b>Geschmack<\/b><\/td>\n<td>Kirsche<\/td>\n<\/tr>\n<tr>\n<td><b>Typ<\/b><\/td>\n<td><span style=\"font-weight: 400;\">Ganz wei\u00dfe Tasche<\/span><\/td>\n<\/tr>\n<\/tbody>\n<\/table>\n<p>\u00a0<\/p>","protected":false},"excerpt":{"rendered":"<p>ICEBERG Cherry liefert einen kr\u00e4ftigen, saftigen <strong data-start=\"38\" data-end=\"48\">Kirsche<\/strong> Geschmack mit einem s\u00fc\u00dfen, leicht s\u00e4uerlichen Profil f\u00fcr ein reichhaltiges, fruchtiges Erlebnis. <strong data-start=\"123\" data-end=\"131\">Schlank<\/strong> Die ganz wei\u00dfen Beutel sitzen diskret unter der Lippe, ohne zu f\u00e4rben. Jeder Beutel enth\u00e4lt <strong data-start=\"217\" data-end=\"235\">35 mg Nikotin<\/strong>, Ideal f\u00fcr erfahrene Konsumenten, die einen kr\u00e4ftigen, geschmackvollen Zug suchen. Tabakfrei. Produziert von Neoptolem in Polen.<\/p>","protected":false},"featured_media":10156,"comment_status":"open","ping_status":"closed","template":"","format":[206],"meta":{"_acf_changed":false},"product_brand":[],"product_cat":[50],"product_tag":[16603],"flavours":[196],"nicotine":[226,233],"class_list":{"0":"post-10155","1":"product","2":"type-product","3":"status-publish","4":"has-post-thumbnail","6":"product_cat-iceberg","7":"product_tag-35-mg-pouch","8":"pa_quantity-1-pack","9":"pa_quantity-10-pack","10":"pa_quantity-3-pack","11":"pa_quantity-30-pack","12":"pa_quantity-5-pack","13":"pa_quantity-60-pack","14":"flavours-fruits-berries","15":"format-slim","16":"nicotine-50-mg-g","17":"nicotine-extreme","19":"first","20":"instock","21":"taxable","22":"shipping-taxable","23":"purchasable","24":"product-type-variable","25":"has-default-attributes"},"acf":[],"_links":{"self":[{"href":"https:\/\/whitelip.com\/de\/wp-json\/wp\/v2\/product\/10155","targetHints":{"allow":["GET"]}}],"collection":[{"href":"https:\/\/whitelip.com\/de\/wp-json\/wp\/v2\/product"}],"about":[{"href":"https:\/\/whitelip.com\/de\/wp-json\/wp\/v2\/types\/product"}],"replies":[{"embeddable":true,"href":"https:\/\/whitelip.com\/de\/wp-json\/wp\/v2\/comments?post=10155"}],"wp:featuredmedia":[{"embeddable":true,"href":"https:\/\/whitelip.com\/de\/wp-json\/wp\/v2\/media\/10156"}],"wp:attachment":[{"href":"https:\/\/whitelip.com\/de\/wp-json\/wp\/v2\/media?parent=10155"}],"wp:term":[{"taxonomy":"product_brand","embeddable":true,"href":"https:\/\/whitelip.com\/de\/wp-json\/wp\/v2\/product_brand?post=10155"},{"taxonomy":"product_cat","embeddable":true,"href":"https:\/\/whitelip.com\/de\/wp-json\/wp\/v2\/product_cat?post=10155"},{"taxonomy":"product_tag","embeddable":true,"href":"https:\/\/whitelip.com\/de\/wp-json\/wp\/v2\/product_tag?post=10155"},{"taxonomy":"flavours","embeddable":true,"href":"https:\/\/whitelip.com\/de\/wp-json\/wp\/v2\/flavours?post=10155"},{"taxonomy":"format","embeddable":true,"href":"https:\/\/whitelip.com\/de\/wp-json\/wp\/v2\/format?post=10155"},{"taxonomy":"nicotine","embeddable":true,"href":"https:\/\/whitelip.com\/de\/wp-json\/wp\/v2\/nicotine?post=10155"}],"curies":[{"name":"wp","href":"https:\/\/api.w.org\/{rel}","templated":true}]}}