{"id":10150,"date":"2025-03-31T09:46:12","date_gmt":"2025-03-31T09:46:12","guid":{"rendered":"https:\/\/whitelip.com\/iceberg-black-currant-medium\/"},"modified":"2026-05-01T10:10:40","modified_gmt":"2026-05-01T10:10:40","slug":"iceberg-black-currant-medium","status":"publish","type":"product","link":"https:\/\/whitelip.com\/de\/iceberg\/iceberg-black-currant-medium\/","title":{"rendered":"ICEBERG Schwarze Johannisbeere Medium"},"content":{"rendered":"<h2><strong>ICEBERG Schwarze Johannisbeere Medium<\/strong><\/h2>\n<p class=\"\" data-start=\"85\" data-end=\"743\">ICEBERG Black Currant Medium Nikotinbeutel bieten einen reichhaltigen und w\u00fcrzigen Geschmack von schwarzen Johannisbeeren, der tiefe Beerennoten mit einem leicht s\u00e4uerlichen Rand f\u00fcr ein erfrischendes und befriedigendes Erlebnis liefert. Mit einer mittleren Nikotinst\u00e4rke von 20 mg pro Gramm - etwa 12 mg pro Beutel - sind diese schlanken Beutel ideal f\u00fcr erfahrene Raucher, die einen ausgewogenen und dennoch geschmackvollen Kick suchen. Sie wurden f\u00fcr den diskreten Gebrauch entwickelt, ohne die Z\u00e4hne zu verf\u00e4rben, und sind perfekt f\u00fcr den t\u00e4glichen Genuss unterwegs. Produziert von Neoptolem, einem polnischen Hersteller, der daf\u00fcr bekannt ist, moderne Techniken mit traditioneller Qualit\u00e4t zu verbinden, zeichnen sich diese tabakfreien Beutel durch einen kr\u00e4ftigen Geschmack und eine gleichbleibende Leistung aus.<\/p>\n<table>\n<tbody>\n<tr>\n<td><b>Attribut<\/b><\/td>\n<td><b>Einzelheiten<\/b><\/td>\n<\/tr>\n<tr>\n<td><b>Inhalt pro Dose<\/b><\/td>\n<td><span style=\"font-weight: 400;\">12g (20 Beutel)<\/span><\/td>\n<\/tr>\n<tr>\n<td><b>Nikotingehalt<\/b><\/td>\n<td><span style=\"font-weight: 400;\">20 mg\/g (12 mg pro Beutel)<\/span><\/td>\n<\/tr>\n<tr>\n<td><b>Format des Beutels<\/b><\/td>\n<td><span style=\"font-weight: 400;\">Schlank<\/span><\/td>\n<\/tr>\n<tr>\n<td><b>Produzent<\/b><\/td>\n<td><span style=\"font-weight: 400;\">Neoptolem<\/span><\/td>\n<\/tr>\n<tr>\n<td><b>Geschmack<\/b><\/td>\n<td>Schwarze Johannisbeere<\/td>\n<\/tr>\n<tr>\n<td><b>Typ<\/b><\/td>\n<td><span style=\"font-weight: 400;\">Ganz wei\u00dfe Tasche<\/span><\/td>\n<\/tr>\n<\/tbody>\n<\/table>","protected":false},"excerpt":{"rendered":"<p>ICEBERG Schwarze Johannisbeere bietet einen reichhaltigen, w\u00fcrzigen <strong data-start=\"43\" data-end=\"60\">schwarze Johannisbeere<\/strong> Geschmack mit intensiven Beerennoten und leicht s\u00e4uerlicher Note. <strong data-start=\"116\" data-end=\"124\">Schlank<\/strong> Die ganz wei\u00dfen Beutel sitzen diskret unter der Lippe, ohne zu f\u00e4rben. Jeder Beutel enth\u00e4lt <strong data-start=\"210\" data-end=\"228\">12 mg Nikotin<\/strong>, und liefert einen ausgewogenen, befriedigenden Kick. Tabakfrei. Produziert von Neoptolem in Polen.<\/p>","protected":false},"featured_media":10151,"comment_status":"open","ping_status":"closed","template":"","format":[206],"meta":{"_acf_changed":false},"product_brand":[],"product_cat":[50],"product_tag":[16561],"flavours":[196],"nicotine":[218,232],"class_list":{"0":"post-10150","1":"product","2":"type-product","3":"status-publish","4":"has-post-thumbnail","6":"product_cat-iceberg","7":"product_tag-12-mg-pouch","8":"pa_quantity-1-pack","9":"pa_quantity-10-pack","10":"pa_quantity-3-pack","11":"pa_quantity-30-pack","12":"pa_quantity-5-pack","13":"pa_quantity-60-pack","14":"flavours-fruits-berries","15":"format-slim","16":"nicotine-20-mg-g","17":"nicotine-extra-strong","19":"first","20":"instock","21":"taxable","22":"shipping-taxable","23":"purchasable","24":"product-type-variable"},"acf":[],"_links":{"self":[{"href":"https:\/\/whitelip.com\/de\/wp-json\/wp\/v2\/product\/10150","targetHints":{"allow":["GET"]}}],"collection":[{"href":"https:\/\/whitelip.com\/de\/wp-json\/wp\/v2\/product"}],"about":[{"href":"https:\/\/whitelip.com\/de\/wp-json\/wp\/v2\/types\/product"}],"replies":[{"embeddable":true,"href":"https:\/\/whitelip.com\/de\/wp-json\/wp\/v2\/comments?post=10150"}],"wp:featuredmedia":[{"embeddable":true,"href":"https:\/\/whitelip.com\/de\/wp-json\/wp\/v2\/media\/10151"}],"wp:attachment":[{"href":"https:\/\/whitelip.com\/de\/wp-json\/wp\/v2\/media?parent=10150"}],"wp:term":[{"taxonomy":"product_brand","embeddable":true,"href":"https:\/\/whitelip.com\/de\/wp-json\/wp\/v2\/product_brand?post=10150"},{"taxonomy":"product_cat","embeddable":true,"href":"https:\/\/whitelip.com\/de\/wp-json\/wp\/v2\/product_cat?post=10150"},{"taxonomy":"product_tag","embeddable":true,"href":"https:\/\/whitelip.com\/de\/wp-json\/wp\/v2\/product_tag?post=10150"},{"taxonomy":"flavours","embeddable":true,"href":"https:\/\/whitelip.com\/de\/wp-json\/wp\/v2\/flavours?post=10150"},{"taxonomy":"format","embeddable":true,"href":"https:\/\/whitelip.com\/de\/wp-json\/wp\/v2\/format?post=10150"},{"taxonomy":"nicotine","embeddable":true,"href":"https:\/\/whitelip.com\/de\/wp-json\/wp\/v2\/nicotine?post=10150"}],"curies":[{"name":"wp","href":"https:\/\/api.w.org\/{rel}","templated":true}]}}