{"id":10145,"date":"2025-03-31T09:43:56","date_gmt":"2025-03-31T09:43:56","guid":{"rendered":"https:\/\/whitelip.com\/iceberg-black-currant-extreme\/"},"modified":"2026-04-29T10:11:14","modified_gmt":"2026-04-29T10:11:14","slug":"iceberg-black-currant-extreme","status":"publish","type":"product","link":"https:\/\/whitelip.com\/de\/iceberg\/iceberg-black-currant-extreme\/","title":{"rendered":"ICEBERG Schwarze Johannisbeere Extrem"},"content":{"rendered":"<h2><strong>ICEBERG Schwarze Johannisbeere Extrem<\/strong><\/h2>\n<p class=\"\" data-start=\"86\" data-end=\"720\">ICEBERG Black Currant Extreme Nikotinbeutel liefern einen kr\u00e4ftigen und w\u00fcrzigen Geschmack von schwarzen Johannisbeeren mit tiefen, fruchtigen Noten und einem leicht s\u00e4uerlichen Abgang. Mit einem hohen Nikotingehalt von 50 mg pro Gramm - ca. 35 mg pro Beutel - sind diese schlanken Beutel f\u00fcr erfahrene Raucher geeignet, die ein intensives und geschmackvolles Nikotinerlebnis suchen. Sie wurden f\u00fcr den diskreten Gebrauch unter der Lippe entwickelt und sind frei von Zahnverf\u00e4rbungen - perfekt f\u00fcr unterwegs. Produziert von Neoptolem, einem polnischen Hersteller, der daf\u00fcr bekannt ist, moderne Innovation mit traditioneller Qualit\u00e4t zu verbinden, zeichnen sich diese tabakfreien Beutel durch ihren reichhaltigen Geschmack und ihren starken Kick aus.<\/p>\n<table>\n<tbody>\n<tr>\n<td><b>Attribut<\/b><\/td>\n<td><b>Einzelheiten<\/b><\/td>\n<\/tr>\n<tr>\n<td><b>Inhalt pro Dose<\/b><\/td>\n<td><span style=\"font-weight: 400;\">13g (20 Beutel)<\/span><\/td>\n<\/tr>\n<tr>\n<td><b>Nikotingehalt<\/b><\/td>\n<td><span style=\"font-weight: 400;\">50 mg\/g (35 mg pro Beutel)<\/span><\/td>\n<\/tr>\n<tr>\n<td><b>Format des Beutels<\/b><\/td>\n<td><span style=\"font-weight: 400;\">Schlank<\/span><\/td>\n<\/tr>\n<tr>\n<td><b>Produzent<\/b><\/td>\n<td><span style=\"font-weight: 400;\">Neoptolem<\/span><\/td>\n<\/tr>\n<tr>\n<td><b>Geschmack<\/b><\/td>\n<td>Schwarze Johannisbeere<\/td>\n<\/tr>\n<tr>\n<td><b>Typ<\/b><\/td>\n<td><span style=\"font-weight: 400;\">Ganz wei\u00dfe Tasche<\/span><\/td>\n<\/tr>\n<\/tbody>\n<\/table>\n<p>\u00a0<\/p>","protected":false},"excerpt":{"rendered":"<p>ICEBERG Schwarze Johannisbeere liefert einen kr\u00e4ftigen, w\u00fcrzigen <strong data-start=\"45\" data-end=\"62\">schwarze Johannisbeere<\/strong> Geschmack mit tiefen fruchtigen Noten und leicht s\u00e4uerlichem Abgang. <strong data-start=\"121\" data-end=\"129\">Schlank<\/strong> Die ganz wei\u00dfen Beutel sitzen diskret unter der Lippe, ohne zu f\u00e4rben. Jeder Beutel enth\u00e4lt <strong data-start=\"215\" data-end=\"233\">35 mg Nikotin<\/strong>, und bietet einen intensiven, geschmackvollen Zug. Tabakfrei. Produziert von Neoptolem in Polen.<\/p>","protected":false},"featured_media":10146,"comment_status":"open","ping_status":"closed","template":"","format":[206],"meta":{"_acf_changed":false},"product_brand":[],"product_cat":[50],"product_tag":[16603],"flavours":[196],"nicotine":[226,233],"class_list":{"0":"post-10145","1":"product","2":"type-product","3":"status-publish","4":"has-post-thumbnail","6":"product_cat-iceberg","7":"product_tag-35-mg-pouch","8":"pa_quantity-1-pack","9":"pa_quantity-10-pack","10":"pa_quantity-3-pack","11":"pa_quantity-30-pack","12":"pa_quantity-5-pack","13":"pa_quantity-60-pack","14":"flavours-fruits-berries","15":"format-slim","16":"nicotine-50-mg-g","17":"nicotine-extreme","19":"first","20":"instock","21":"taxable","22":"shipping-taxable","23":"purchasable","24":"product-type-variable","25":"has-default-attributes"},"acf":[],"_links":{"self":[{"href":"https:\/\/whitelip.com\/de\/wp-json\/wp\/v2\/product\/10145","targetHints":{"allow":["GET"]}}],"collection":[{"href":"https:\/\/whitelip.com\/de\/wp-json\/wp\/v2\/product"}],"about":[{"href":"https:\/\/whitelip.com\/de\/wp-json\/wp\/v2\/types\/product"}],"replies":[{"embeddable":true,"href":"https:\/\/whitelip.com\/de\/wp-json\/wp\/v2\/comments?post=10145"}],"wp:featuredmedia":[{"embeddable":true,"href":"https:\/\/whitelip.com\/de\/wp-json\/wp\/v2\/media\/10146"}],"wp:attachment":[{"href":"https:\/\/whitelip.com\/de\/wp-json\/wp\/v2\/media?parent=10145"}],"wp:term":[{"taxonomy":"product_brand","embeddable":true,"href":"https:\/\/whitelip.com\/de\/wp-json\/wp\/v2\/product_brand?post=10145"},{"taxonomy":"product_cat","embeddable":true,"href":"https:\/\/whitelip.com\/de\/wp-json\/wp\/v2\/product_cat?post=10145"},{"taxonomy":"product_tag","embeddable":true,"href":"https:\/\/whitelip.com\/de\/wp-json\/wp\/v2\/product_tag?post=10145"},{"taxonomy":"flavours","embeddable":true,"href":"https:\/\/whitelip.com\/de\/wp-json\/wp\/v2\/flavours?post=10145"},{"taxonomy":"format","embeddable":true,"href":"https:\/\/whitelip.com\/de\/wp-json\/wp\/v2\/format?post=10145"},{"taxonomy":"nicotine","embeddable":true,"href":"https:\/\/whitelip.com\/de\/wp-json\/wp\/v2\/nicotine?post=10145"}],"curies":[{"name":"wp","href":"https:\/\/api.w.org\/{rel}","templated":true}]}}