{"id":10130,"date":"2025-03-31T09:14:02","date_gmt":"2025-03-31T09:14:02","guid":{"rendered":"https:\/\/whitelip.com\/cuba-white-ice-spearmint\/"},"modified":"2026-03-26T14:14:26","modified_gmt":"2026-03-26T14:14:26","slug":"cuba-white-ice-spearmint","status":"publish","type":"product","link":"https:\/\/whitelip.com\/de\/cuba\/cuba-white-ice-spearmint\/","title":{"rendered":"CUBA Wei\u00dfes Eis Spearmint"},"content":{"rendered":"<h2><strong>CUBA Wei\u00dfes Eis Spearmint<\/strong><\/h2>\n<p class=\"\" data-start=\"82\" data-end=\"712\">CUBA White Ice Spearmint Nikotinbeutel liefern einen knackigen und belebenden Spearmint-Geschmack mit einem k\u00fchlenden Eis-Finish und bieten ein frisches und langanhaltendes Geschmackserlebnis. Jeder schmale, komplett wei\u00dfe Beutel enth\u00e4lt 16 mg Nikotin und liefert einen starken und befriedigenden Kick, der f\u00fcr erfahrene Benutzer geeignet ist. Diese Beutel sind f\u00fcr den diskreten und bequemen Gebrauch unter der Lippe konzipiert, verf\u00e4rben die Z\u00e4hne nicht und sind ideal f\u00fcr unterwegs. Diese tabakfreien Beutel zeichnen sich durch ihre Premium-Qualit\u00e4t und ihr erfrischendes Geschmacksprofil aus.<\/p>\n<table>\n<tbody>\n<tr>\n<td><b>Attribut<\/b><\/td>\n<td><b>Einzelheiten<\/b><\/td>\n<\/tr>\n<tr>\n<td><b>Inhalt pro Dose<\/b><\/td>\n<td><span style=\"font-weight: 400;\">13g (20 Beutel)<\/span><\/td>\n<\/tr>\n<tr>\n<td><b>Nikotingehalt<\/b><\/td>\n<td><span style=\"font-weight: 400;\">16 mg\/g (16 mg pro Beutel)<\/span><\/td>\n<\/tr>\n<tr>\n<td><b>Format des Beutels<\/b><\/td>\n<td><span style=\"font-weight: 400;\">Schlank<\/span><\/td>\n<\/tr>\n<tr>\n<td><b>Produzent<\/b><\/td>\n<td><span style=\"font-weight: 400;\">CUBA<\/span><\/td>\n<\/tr>\n<tr>\n<td><b>Geschmack<\/b><\/td>\n<td><span style=\"font-weight: 400;\">Gr\u00fcne Minze<\/span><\/td>\n<\/tr>\n<tr>\n<td><b>Typ<\/b><\/td>\n<td><span style=\"font-weight: 400;\">Ganz wei\u00dfe Tasche<\/span><\/td>\n<\/tr>\n<\/tbody>\n<\/table>","protected":false},"excerpt":{"rendered":"<p>Knackig, belebend <strong data-start=\"20\" data-end=\"52\">Krauseminze <\/strong>mit einem eiskalten Finish f\u00fcr einen frischen, langanhaltenden Geschmack. Der <strong data-start=\"90\" data-end=\"109\">schlank, <\/strong>reinwei\u00dfe Beutel sitzen diskret und bequem unter der Lippe f\u00fcr saubere, unterwegs-Anwendung. Jeder Beutel enth\u00e4lt <strong data-start=\"209\" data-end=\"237\">16 mg Nikotin pro Beutel<\/strong>, liefert einen kr\u00e4ftigen, befriedigenden Kick aus CUBA's Premium-Tabakfrei-Sortiment.<\/p>","protected":false},"featured_media":10131,"comment_status":"open","ping_status":"closed","template":"","format":[206],"meta":{"_acf_changed":false},"product_brand":[],"product_cat":[46],"product_tag":[16569],"flavours":[199],"nicotine":[213,232],"class_list":{"0":"post-10130","1":"product","2":"type-product","3":"status-publish","4":"has-post-thumbnail","6":"product_cat-cuba","7":"product_tag-16-mg-pouch","8":"pa_quantity-1-pack","9":"pa_quantity-10-pack","10":"pa_quantity-3-pack","11":"pa_quantity-30-pack","12":"pa_quantity-5-pack","13":"pa_quantity-60-pack","14":"flavours-mint","15":"format-slim","16":"nicotine-16-mg-g","17":"nicotine-extra-strong","19":"first","20":"outofstock","21":"taxable","22":"shipping-taxable","23":"purchasable","24":"product-type-variable","25":"has-default-attributes"},"acf":[],"_links":{"self":[{"href":"https:\/\/whitelip.com\/de\/wp-json\/wp\/v2\/product\/10130","targetHints":{"allow":["GET"]}}],"collection":[{"href":"https:\/\/whitelip.com\/de\/wp-json\/wp\/v2\/product"}],"about":[{"href":"https:\/\/whitelip.com\/de\/wp-json\/wp\/v2\/types\/product"}],"replies":[{"embeddable":true,"href":"https:\/\/whitelip.com\/de\/wp-json\/wp\/v2\/comments?post=10130"}],"wp:featuredmedia":[{"embeddable":true,"href":"https:\/\/whitelip.com\/de\/wp-json\/wp\/v2\/media\/10131"}],"wp:attachment":[{"href":"https:\/\/whitelip.com\/de\/wp-json\/wp\/v2\/media?parent=10130"}],"wp:term":[{"taxonomy":"product_brand","embeddable":true,"href":"https:\/\/whitelip.com\/de\/wp-json\/wp\/v2\/product_brand?post=10130"},{"taxonomy":"product_cat","embeddable":true,"href":"https:\/\/whitelip.com\/de\/wp-json\/wp\/v2\/product_cat?post=10130"},{"taxonomy":"product_tag","embeddable":true,"href":"https:\/\/whitelip.com\/de\/wp-json\/wp\/v2\/product_tag?post=10130"},{"taxonomy":"flavours","embeddable":true,"href":"https:\/\/whitelip.com\/de\/wp-json\/wp\/v2\/flavours?post=10130"},{"taxonomy":"format","embeddable":true,"href":"https:\/\/whitelip.com\/de\/wp-json\/wp\/v2\/format?post=10130"},{"taxonomy":"nicotine","embeddable":true,"href":"https:\/\/whitelip.com\/de\/wp-json\/wp\/v2\/nicotine?post=10130"}],"curies":[{"name":"wp","href":"https:\/\/api.w.org\/{rel}","templated":true}]}}