{"id":10115,"date":"2025-03-31T09:02:17","date_gmt":"2025-03-31T09:02:17","guid":{"rendered":"https:\/\/whitelip.com\/77-ghost-cola-ice-mini\/"},"modified":"2026-04-22T16:09:02","modified_gmt":"2026-04-22T16:09:02","slug":"77-ghost-cola-ice-mini","status":"publish","type":"product","link":"https:\/\/whitelip.com\/de\/77\/77-ghost-cola-ice-mini\/","title":{"rendered":"77 Geist Cola Ice Mini"},"content":{"rendered":"<h2><strong>77 Geist Cola Ice Mini<\/strong><\/h2>\n<p class=\"\" data-start=\"89\" data-end=\"694\">77 Ghost Cola Ice Mini Nikotinbeutel kombinieren den kr\u00e4ftigen, nostalgischen Geschmack von klassischer Cola mit einer eisigen Mentholnote f\u00fcr ein erfrischendes und belebendes Erlebnis. Jeder wei\u00dfe Mini-Beutel enth\u00e4lt 20 mg Nikotin, was ihn zu einer leistungsstarken Option f\u00fcr sehr erfahrene Raucher macht. Die f\u00fcr den diskreten Gebrauch konzipierten Beutel passen bequem unter die Lippe, ohne die Z\u00e4hne zu verf\u00e4rben, und sorgen so f\u00fcr ein sauberes und bequemes Erlebnis zu jeder Zeit. Die von der 77 Group hergestellten tabakfreien Beutel zeichnen sich durch ihren intensiven Geschmack und ihren extra starken Kick aus und sind Ausdruck von Innovation und hochwertiger Handwerkskunst.<\/p>\n<table>\n<tbody>\n<tr>\n<td><b>Attribut<\/b><\/td>\n<td><b>Einzelheiten<\/b><\/td>\n<\/tr>\n<tr>\n<td><b>Inhalt pro Dose<\/b><\/td>\n<td><span style=\"font-weight: 400;\">13g (20 Beutel)<\/span><\/td>\n<\/tr>\n<tr>\n<td><b>Nikotingehalt<\/b><\/td>\n<td><span style=\"font-weight: 400;\">40 mg\/g (20 mg pro Beutel)<\/span><\/td>\n<\/tr>\n<tr>\n<td><b>Format des Beutels<\/b><\/td>\n<td><span style=\"font-weight: 400;\">Mini<\/span><\/td>\n<\/tr>\n<tr>\n<td><b>Produzent<\/b><\/td>\n<td><span style=\"font-weight: 400;\">77 Gruppe<\/span><\/td>\n<\/tr>\n<tr>\n<td><b>Geschmack<\/b><\/td>\n<td><span style=\"font-weight: 400;\">Cola<\/span><\/td>\n<\/tr>\n<tr>\n<td><b>Typ<\/b><\/td>\n<td><span style=\"font-weight: 400;\">Ganz wei\u00dfe Tasche<\/span><\/td>\n<\/tr>\n<\/tbody>\n<\/table>","protected":false},"excerpt":{"rendered":"<p>K\u00fchn, nostalgisch <strong data-start=\"16\" data-end=\"41\">Cola mit eisigem Menthol<\/strong> f\u00fcr einen knackigen, erfrischenden Hit. Die <strong data-start=\"75\" data-end=\"94\">Mini,<\/strong> Die komplett wei\u00dfen Beutel sitzen diskret unter der Lippe und k\u00f6nnen jederzeit sauber verwendet werden. Jeder Beutel enth\u00e4lt <strong data-start=\"176\" data-end=\"194\">20 mg Nikotin<\/strong>, und liefert einen extrastarken, belebenden Kick f\u00fcr erfahrene Konsumenten.<\/p>","protected":false},"featured_media":10116,"comment_status":"open","ping_status":"closed","template":"","format":[205],"meta":{"_acf_changed":false},"product_brand":[],"product_cat":[23],"product_tag":[16545],"flavours":[193,199],"nicotine":[225,233],"class_list":{"0":"post-10115","1":"product","2":"type-product","3":"status-publish","4":"has-post-thumbnail","6":"product_cat-23","7":"product_tag-20-mg-pouch","8":"pa_quantity-1-pack","9":"pa_quantity-10-pack","10":"pa_quantity-3-pack","11":"pa_quantity-30-pack","12":"pa_quantity-5-pack","13":"pa_quantity-60-pack","14":"flavours-cola","15":"flavours-mint","16":"format-mini","17":"nicotine-40-mg-g","18":"nicotine-extreme","20":"first","21":"instock","22":"taxable","23":"shipping-taxable","24":"purchasable","25":"product-type-variable","26":"has-default-attributes"},"acf":[],"_links":{"self":[{"href":"https:\/\/whitelip.com\/de\/wp-json\/wp\/v2\/product\/10115","targetHints":{"allow":["GET"]}}],"collection":[{"href":"https:\/\/whitelip.com\/de\/wp-json\/wp\/v2\/product"}],"about":[{"href":"https:\/\/whitelip.com\/de\/wp-json\/wp\/v2\/types\/product"}],"replies":[{"embeddable":true,"href":"https:\/\/whitelip.com\/de\/wp-json\/wp\/v2\/comments?post=10115"}],"wp:featuredmedia":[{"embeddable":true,"href":"https:\/\/whitelip.com\/de\/wp-json\/wp\/v2\/media\/10116"}],"wp:attachment":[{"href":"https:\/\/whitelip.com\/de\/wp-json\/wp\/v2\/media?parent=10115"}],"wp:term":[{"taxonomy":"product_brand","embeddable":true,"href":"https:\/\/whitelip.com\/de\/wp-json\/wp\/v2\/product_brand?post=10115"},{"taxonomy":"product_cat","embeddable":true,"href":"https:\/\/whitelip.com\/de\/wp-json\/wp\/v2\/product_cat?post=10115"},{"taxonomy":"product_tag","embeddable":true,"href":"https:\/\/whitelip.com\/de\/wp-json\/wp\/v2\/product_tag?post=10115"},{"taxonomy":"flavours","embeddable":true,"href":"https:\/\/whitelip.com\/de\/wp-json\/wp\/v2\/flavours?post=10115"},{"taxonomy":"format","embeddable":true,"href":"https:\/\/whitelip.com\/de\/wp-json\/wp\/v2\/format?post=10115"},{"taxonomy":"nicotine","embeddable":true,"href":"https:\/\/whitelip.com\/de\/wp-json\/wp\/v2\/nicotine?post=10115"}],"curies":[{"name":"wp","href":"https:\/\/api.w.org\/{rel}","templated":true}]}}