{"id":10072,"date":"2025-03-25T13:43:07","date_gmt":"2025-03-25T13:43:07","guid":{"rendered":"https:\/\/whitelip.com\/garant-mint-18mg\/"},"modified":"2026-04-28T15:17:37","modified_gmt":"2026-04-28T15:17:37","slug":"garant-mint-18mg","status":"publish","type":"product","link":"https:\/\/whitelip.com\/de\/garant\/garant-mint-18mg\/","title":{"rendered":"Garant Minze 18mg"},"content":{"rendered":"<h2><strong>Garant Minze 18mg<\/strong><\/h2>\n<p>Garant Mint Nikotinbeutel bieten einen erfrischenden, reichhaltigen Pfefferminzgeschmack, der perfekt mit der sanften S\u00fc\u00dfe der Minze abgestimmt ist. Der k\u00fchle, knackige Geschmack der Pfefferminze \u00fcbernimmt die F\u00fchrung, w\u00e4hrend die Minze eine subtile S\u00fc\u00dfe hinzuf\u00fcgt, die nachklingt und ein sanftes, belebendes Erlebnis von Anfang bis Ende schafft. Jeder schlanke, ganz in Wei\u00df gehaltene Beutel enth\u00e4lt 8 mg Nikotin, insgesamt 18 mg Nikotin pro Gramm, und sorgt so f\u00fcr eine starke und anhaltende Wirkung. Diese tabakfreien Beutel passen bequem unter die Lippe und sorgen bei jedem Gebrauch f\u00fcr einen sauberen, erfrischenden Nikotinschub. Ideal f\u00fcr alle, die ein k\u00fchles, minziges Gef\u00fchl mit einem befriedigenden Nikotin-Kick genie\u00dfen.<\/p>\n<table>\n<tbody>\n<tr>\n<td><b>Attribut<\/b><\/td>\n<td><b>Einzelheiten<\/b><\/td>\n<\/tr>\n<tr>\n<td><span style=\"font-weight: 400;\">Inhalt pro Dose<\/span><\/td>\n<td>27 S\u00e4ckchen<\/td>\n<\/tr>\n<tr>\n<td><span style=\"font-weight: 400;\">Nikotingehalt<\/span><\/td>\n<td><span style=\"font-weight: 400;\">18 mg\/g (8 mg pro Beutel)<\/span><\/td>\n<\/tr>\n<tr>\n<td><span style=\"font-weight: 400;\">Format der Tasche<\/span><\/td>\n<td><span style=\"font-weight: 400;\">Schlank<\/span><\/td>\n<\/tr>\n<tr>\n<td><span style=\"font-weight: 400;\">Produzent<\/span><\/td>\n<td><span style=\"font-weight: 400;\">Garant<\/span><\/td>\n<\/tr>\n<tr>\n<td><span style=\"font-weight: 400;\">Geschmack<\/span><\/td>\n<td>Minze<\/td>\n<\/tr>\n<tr>\n<td><span style=\"font-weight: 400;\">Typ<\/span><\/td>\n<td><span style=\"font-weight: 400;\">Wei\u00dfe Beutel, tabakfrei<\/span><\/td>\n<\/tr>\n<\/tbody>\n<\/table>","protected":false},"excerpt":{"rendered":"<p>Erfrischend, reichhaltig <strong data-start=\"17\" data-end=\"25\">Minze<\/strong> eine Mischung aus k\u00fchler Pfefferminze und sanfter Minzs\u00fc\u00dfe f\u00fcr einen knackigen, belebenden Abgang. <strong data-start=\"117\" data-end=\"125\">Schlank<\/strong>, Die komplett wei\u00dfen, tabakfreien Beutel sitzen diskret unter der Lippe und erm\u00f6glichen eine saubere und bequeme Anwendung. Jeder Beutel enth\u00e4lt <strong data-start=\"236\" data-end=\"253\">8 mg Nikotin<\/strong> (18 mg\/g) und sorgt f\u00fcr eine starke, anhaltende Wirkung.<\/p>","protected":false},"featured_media":10073,"comment_status":"open","ping_status":"closed","template":"","format":[206],"meta":{"_acf_changed":false},"product_brand":[],"product_cat":[102],"product_tag":[16510,16583],"flavours":[199],"nicotine":[215,232],"class_list":{"0":"post-10072","1":"product","2":"type-product","3":"status-publish","4":"has-post-thumbnail","6":"product_cat-garant","7":"product_tag-12-off","8":"product_tag-8-mg-pouch","9":"pa_quantity-1-pack","10":"pa_quantity-10-pack","11":"pa_quantity-3-pack","12":"pa_quantity-30-pack","13":"pa_quantity-5-pack","14":"pa_quantity-60-pack","15":"flavours-mint","16":"format-slim","17":"nicotine-18-mg-g","18":"nicotine-extra-strong","20":"first","21":"instock","22":"sale","23":"taxable","24":"shipping-taxable","25":"purchasable","26":"product-type-variable","27":"has-default-attributes"},"acf":[],"_links":{"self":[{"href":"https:\/\/whitelip.com\/de\/wp-json\/wp\/v2\/product\/10072","targetHints":{"allow":["GET"]}}],"collection":[{"href":"https:\/\/whitelip.com\/de\/wp-json\/wp\/v2\/product"}],"about":[{"href":"https:\/\/whitelip.com\/de\/wp-json\/wp\/v2\/types\/product"}],"replies":[{"embeddable":true,"href":"https:\/\/whitelip.com\/de\/wp-json\/wp\/v2\/comments?post=10072"}],"wp:featuredmedia":[{"embeddable":true,"href":"https:\/\/whitelip.com\/de\/wp-json\/wp\/v2\/media\/10073"}],"wp:attachment":[{"href":"https:\/\/whitelip.com\/de\/wp-json\/wp\/v2\/media?parent=10072"}],"wp:term":[{"taxonomy":"product_brand","embeddable":true,"href":"https:\/\/whitelip.com\/de\/wp-json\/wp\/v2\/product_brand?post=10072"},{"taxonomy":"product_cat","embeddable":true,"href":"https:\/\/whitelip.com\/de\/wp-json\/wp\/v2\/product_cat?post=10072"},{"taxonomy":"product_tag","embeddable":true,"href":"https:\/\/whitelip.com\/de\/wp-json\/wp\/v2\/product_tag?post=10072"},{"taxonomy":"flavours","embeddable":true,"href":"https:\/\/whitelip.com\/de\/wp-json\/wp\/v2\/flavours?post=10072"},{"taxonomy":"format","embeddable":true,"href":"https:\/\/whitelip.com\/de\/wp-json\/wp\/v2\/format?post=10072"},{"taxonomy":"nicotine","embeddable":true,"href":"https:\/\/whitelip.com\/de\/wp-json\/wp\/v2\/nicotine?post=10072"}],"curies":[{"name":"wp","href":"https:\/\/api.w.org\/{rel}","templated":true}]}}