{"id":10057,"date":"2025-03-25T13:43:07","date_gmt":"2025-03-25T13:43:07","guid":{"rendered":"https:\/\/whitelip.com\/garant-cola-20mg\/"},"modified":"2026-04-21T10:11:32","modified_gmt":"2026-04-21T10:11:32","slug":"garant-cola-20mg","status":"publish","type":"product","link":"https:\/\/whitelip.com\/de\/garant\/garant-cola-20mg\/","title":{"rendered":"Garant Cola 20mg"},"content":{"rendered":"<h2><strong>Garant Cola 20mg<\/strong><\/h2>\n<p>Garant Cola Nikotinbeutel liefern ein k\u00fchnes, geschmackvolles Erlebnis, das die Essenz Ihrer Lieblings-Cola einf\u00e4ngt. Die reichhaltige, komplexe Mischung kombiniert s\u00fc\u00dfe, w\u00fcrzige und subtil bittere Noten und schafft so ein ausgewogenes, sprudelndes Gef\u00fchl, das der klassischen Limonade sehr \u00e4hnlich ist. Jeder schlanke, ganz in Wei\u00df gehaltene Beutel enth\u00e4lt 10 mg Nikotin, insgesamt 20 mg Nikotin pro Gramm, und sorgt so f\u00fcr eine starke und anhaltende Wirkung. Mit ihrem schlanken Design passen diese tabakfreien Beutel bequem unter die Lippe und sorgen f\u00fcr ein erfrischendes Nikotinerlebnis.<\/p>\n<table>\n<tbody>\n<tr>\n<td><b>Attribut<\/b><\/td>\n<td><b>Einzelheiten<\/b><\/td>\n<\/tr>\n<tr>\n<td><span style=\"font-weight: 400;\">Inhalt pro Dose<\/span><\/td>\n<td>27 S\u00e4ckchen<\/td>\n<\/tr>\n<tr>\n<td><span style=\"font-weight: 400;\">Nikotingehalt<\/span><\/td>\n<td><span style=\"font-weight: 400;\">20 mg\/g (10 mg pro Beutel)<\/span><\/td>\n<\/tr>\n<tr>\n<td><span style=\"font-weight: 400;\">Format der Tasche<\/span><\/td>\n<td><span style=\"font-weight: 400;\">Schlank<\/span><\/td>\n<\/tr>\n<tr>\n<td><span style=\"font-weight: 400;\">Produzent<\/span><\/td>\n<td><span style=\"font-weight: 400;\">Garant<\/span><\/td>\n<\/tr>\n<tr>\n<td><span style=\"font-weight: 400;\">Geschmack<\/span><\/td>\n<td>Cola<\/td>\n<\/tr>\n<tr>\n<td><span style=\"font-weight: 400;\">Typ<\/span><\/td>\n<td><span style=\"font-weight: 400;\">Wei\u00dfe Beutel, tabakfrei<\/span><\/td>\n<\/tr>\n<\/tbody>\n<\/table>","protected":false},"excerpt":{"rendered":"<p>Kr\u00e4ftig, geschmackvoll <strong data-start=\"16\" data-end=\"24\">Cola<\/strong> eine Mischung aus s\u00fc\u00dfen, w\u00fcrzigen und dezent bitteren Noten f\u00fcr ein ausgewogenes, sprudelndes Gef\u00fchl. <strong data-start=\"107\" data-end=\"115\">Schlank<\/strong>, Die komplett wei\u00dfen, tabakfreien Beutel passen diskret unter die Lippe und lassen sich bequem verwenden. Jeder Beutel enth\u00e4lt <strong data-start=\"219\" data-end=\"237\">10 mg Nikotin<\/strong> (20 mg\/g) und sorgt f\u00fcr eine starke, lang anhaltende Wirkung.<\/p>","protected":false},"featured_media":10058,"comment_status":"open","ping_status":"closed","template":"","format":[206],"meta":{"_acf_changed":false},"product_brand":[],"product_cat":[102],"product_tag":[16587,16510],"flavours":[193],"nicotine":[218,232],"class_list":{"0":"post-10057","1":"product","2":"type-product","3":"status-publish","4":"has-post-thumbnail","6":"product_cat-garant","7":"product_tag-10-mg-pouch","8":"product_tag-12-off","9":"pa_quantity-1-pack","10":"pa_quantity-10-pack","11":"pa_quantity-3-pack","12":"pa_quantity-30-pack","13":"pa_quantity-5-pack","14":"pa_quantity-60-pack","15":"flavours-cola","16":"format-slim","17":"nicotine-20-mg-g","18":"nicotine-extra-strong","20":"first","21":"outofstock","22":"sale","23":"taxable","24":"shipping-taxable","25":"purchasable","26":"product-type-variable","27":"has-default-attributes"},"acf":[],"_links":{"self":[{"href":"https:\/\/whitelip.com\/de\/wp-json\/wp\/v2\/product\/10057","targetHints":{"allow":["GET"]}}],"collection":[{"href":"https:\/\/whitelip.com\/de\/wp-json\/wp\/v2\/product"}],"about":[{"href":"https:\/\/whitelip.com\/de\/wp-json\/wp\/v2\/types\/product"}],"replies":[{"embeddable":true,"href":"https:\/\/whitelip.com\/de\/wp-json\/wp\/v2\/comments?post=10057"}],"wp:featuredmedia":[{"embeddable":true,"href":"https:\/\/whitelip.com\/de\/wp-json\/wp\/v2\/media\/10058"}],"wp:attachment":[{"href":"https:\/\/whitelip.com\/de\/wp-json\/wp\/v2\/media?parent=10057"}],"wp:term":[{"taxonomy":"product_brand","embeddable":true,"href":"https:\/\/whitelip.com\/de\/wp-json\/wp\/v2\/product_brand?post=10057"},{"taxonomy":"product_cat","embeddable":true,"href":"https:\/\/whitelip.com\/de\/wp-json\/wp\/v2\/product_cat?post=10057"},{"taxonomy":"product_tag","embeddable":true,"href":"https:\/\/whitelip.com\/de\/wp-json\/wp\/v2\/product_tag?post=10057"},{"taxonomy":"flavours","embeddable":true,"href":"https:\/\/whitelip.com\/de\/wp-json\/wp\/v2\/flavours?post=10057"},{"taxonomy":"format","embeddable":true,"href":"https:\/\/whitelip.com\/de\/wp-json\/wp\/v2\/format?post=10057"},{"taxonomy":"nicotine","embeddable":true,"href":"https:\/\/whitelip.com\/de\/wp-json\/wp\/v2\/nicotine?post=10057"}],"curies":[{"name":"wp","href":"https:\/\/api.w.org\/{rel}","templated":true}]}}