{"id":10002,"date":"2025-03-25T13:43:09","date_gmt":"2025-03-25T13:43:09","guid":{"rendered":"https:\/\/whitelip.com\/garant-extreme-edition-ice-blueberry-50-mg\/"},"modified":"2026-04-30T10:11:02","modified_gmt":"2026-04-30T10:11:02","slug":"garant-extreme-edition-ice-blueberry-50-mg","status":"publish","type":"product","link":"https:\/\/whitelip.com\/de\/garant\/garant-extreme-edition-ice-blueberry-50-mg\/","title":{"rendered":"Garant Extreme Edition Eis Heidelbeere 50 mg"},"content":{"rendered":"<h2><strong>Garant Extreme Edition Eis Heidelbeere 50 mg<\/strong><\/h2>\n<p>Garant Extreme Ice Blueberry Nikotinbeutel bieten den wahren Geschmack von wilden Waldheidelbeeren, die vor reichhaltiger, nat\u00fcrlicher S\u00fc\u00dfe nur so strotzen. Dieser authentische Beerengeschmack wird perfekt durch einen Hauch von milder Minze erg\u00e4nzt, die eine erfrischende K\u00fchle hinzuf\u00fcgt, die das Erlebnis erhellt. Jeder schlanke, ganz in Wei\u00df gehaltene Beutel enth\u00e4lt 25 mg Nikotin, insgesamt 50 mg Nikotin pro Gramm, und sorgt so f\u00fcr eine starke und anhaltende Wirkung. Diese tabakfreien Beutel wurden f\u00fcr Komfort und Diskretion entwickelt und bieten ein sanftes, belebendes Nikotinerlebnis, das die besten Aromen der Natur mit einer k\u00fchlen, belebenden Note zusammenbringt.<\/p>\n<table>\n<tbody>\n<tr>\n<td><b>Attribut<\/b><\/td>\n<td><b>Einzelheiten<\/b><\/td>\n<\/tr>\n<tr>\n<td><span style=\"font-weight: 400;\">Inhalt pro Dose<\/span><\/td>\n<td>27 S\u00e4ckchen<\/td>\n<\/tr>\n<tr>\n<td><span style=\"font-weight: 400;\">Nikotingehalt<\/span><\/td>\n<td><span style=\"font-weight: 400;\">50 mg\/g (25 mg pro Beutel)<\/span><\/td>\n<\/tr>\n<tr>\n<td><span style=\"font-weight: 400;\">Format der Tasche<\/span><\/td>\n<td><span style=\"font-weight: 400;\">Schlank<\/span><\/td>\n<\/tr>\n<tr>\n<td><span style=\"font-weight: 400;\">Produzent<\/span><\/td>\n<td><span style=\"font-weight: 400;\">Garant<\/span><\/td>\n<\/tr>\n<tr>\n<td><span style=\"font-weight: 400;\">Geschmack<\/span><\/td>\n<td>Heidelbeere, Minze<\/td>\n<\/tr>\n<tr>\n<td><span style=\"font-weight: 400;\">Typ<\/span><\/td>\n<td><span style=\"font-weight: 400;\">Wei\u00dfe Beutel, tabakfrei<\/span><\/td>\n<\/tr>\n<\/tbody>\n<\/table>","protected":false},"excerpt":{"rendered":"<p>Reichhaltig, nat\u00fcrlich <strong data-start=\"14\" data-end=\"27\">Blaubeere<\/strong> S\u00fc\u00dfe mit einer leichten Minzk\u00fchle f\u00fcr einen erfrischenden Kick. <strong data-start=\"87\" data-end=\"95\">Schlank<\/strong>, Die komplett wei\u00dfen, tabakfreien Beutel sitzen diskret unter der Lippe. Jeder Beutel enth\u00e4lt <strong data-start=\"179\" data-end=\"197\">25 mg Nikotin<\/strong> (50 mg\/g), die eine starke, lang anhaltende Wirkung entfaltet.<\/p>","protected":false},"featured_media":3302,"comment_status":"open","ping_status":"closed","template":"","format":[206],"meta":{"_acf_changed":false},"product_brand":[],"product_cat":[102],"product_tag":[16510,16589],"flavours":[196,199],"nicotine":[226,233],"class_list":{"0":"post-10002","1":"product","2":"type-product","3":"status-publish","4":"has-post-thumbnail","6":"product_cat-garant","7":"product_tag-12-off","8":"product_tag-25-mg-pouch","9":"pa_quantity-1-pack","10":"pa_quantity-10-pack","11":"pa_quantity-3-pack","12":"pa_quantity-30-pack","13":"pa_quantity-5-pack","14":"pa_quantity-60-pack","15":"flavours-fruits-berries","16":"flavours-mint","17":"format-slim","18":"nicotine-50-mg-g","19":"nicotine-extreme","21":"first","22":"instock","23":"sale","24":"taxable","25":"shipping-taxable","26":"purchasable","27":"product-type-variable","28":"has-default-attributes"},"acf":[],"_links":{"self":[{"href":"https:\/\/whitelip.com\/de\/wp-json\/wp\/v2\/product\/10002","targetHints":{"allow":["GET"]}}],"collection":[{"href":"https:\/\/whitelip.com\/de\/wp-json\/wp\/v2\/product"}],"about":[{"href":"https:\/\/whitelip.com\/de\/wp-json\/wp\/v2\/types\/product"}],"replies":[{"embeddable":true,"href":"https:\/\/whitelip.com\/de\/wp-json\/wp\/v2\/comments?post=10002"}],"wp:featuredmedia":[{"embeddable":true,"href":"https:\/\/whitelip.com\/de\/wp-json\/wp\/v2\/media\/3302"}],"wp:attachment":[{"href":"https:\/\/whitelip.com\/de\/wp-json\/wp\/v2\/media?parent=10002"}],"wp:term":[{"taxonomy":"product_brand","embeddable":true,"href":"https:\/\/whitelip.com\/de\/wp-json\/wp\/v2\/product_brand?post=10002"},{"taxonomy":"product_cat","embeddable":true,"href":"https:\/\/whitelip.com\/de\/wp-json\/wp\/v2\/product_cat?post=10002"},{"taxonomy":"product_tag","embeddable":true,"href":"https:\/\/whitelip.com\/de\/wp-json\/wp\/v2\/product_tag?post=10002"},{"taxonomy":"flavours","embeddable":true,"href":"https:\/\/whitelip.com\/de\/wp-json\/wp\/v2\/flavours?post=10002"},{"taxonomy":"format","embeddable":true,"href":"https:\/\/whitelip.com\/de\/wp-json\/wp\/v2\/format?post=10002"},{"taxonomy":"nicotine","embeddable":true,"href":"https:\/\/whitelip.com\/de\/wp-json\/wp\/v2\/nicotine?post=10002"}],"curies":[{"name":"wp","href":"https:\/\/api.w.org\/{rel}","templated":true}]}}