{"id":7543,"date":"2024-11-29T19:48:43","date_gmt":"2024-11-29T19:48:43","guid":{"rendered":"https:\/\/whitelip.com\/privacy\/"},"modified":"2026-01-19T12:35:58","modified_gmt":"2026-01-19T12:35:58","slug":"datenschutz","status":"publish","type":"page","link":"https:\/\/whitelip.com\/de\/privacy\/","title":{"rendered":"Datenschutz"},"content":{"rendered":"<div class=\"wp-block-group container\"><div class=\"wp-block-group__inner-container is-layout-constrained wp-block-group-is-layout-constrained\"><section class=\"block--text\">\n    <div class=\"inner_blocks\">\n        \n\n<h1 class=\"wp-block-heading\">PRIVACY<\/h1>\n\n\n\n<p>Diese Datenschutzrichtlinie beschreibt, wie Whitelip AB (\u201cdie Website\u201d, \u201cwhitelip.com\u201d oder \u201cwir\u201d) Ihre pers\u00f6nlichen Daten sammelt und verwendet, wenn Sie die Website besuchen oder einen Kauf auf der Website t\u00e4tigen.<\/p>\n\n\n\n<p><strong>Sammeln von personenbezogenen Daten<\/strong><\/p>\n\n\n\n<p>Wenn Sie die Website besuchen, erfassen wir bestimmte Informationen \u00fcber Ihr Ger\u00e4t, Ihre Interaktion mit der Website und Informationen, die f\u00fcr die Bearbeitung Ihrer Eink\u00e4ufe erforderlich sind. Wir k\u00f6nnen auch zus\u00e4tzliche Informationen sammeln, wenn Sie uns f\u00fcr den Kundensupport kontaktieren. In dieser Datenschutzrichtlinie bezeichnen wir alle Informationen, mit denen eine Person eindeutig identifiziert werden kann (einschlie\u00dflich der unten aufgef\u00fchrten Informationen) als \u201cpers\u00f6nliche Daten\u201d. In der folgenden Liste finden Sie weitere Informationen dar\u00fcber, welche personenbezogenen Daten wir erfassen und warum.<\/p>\n\n\n\n<p><strong>Verantwortlicher f\u00fcr die Datenverarbeitung<\/strong><\/p>\n\n\n\n<p>Whitelip AB ist der Verantwortliche f\u00fcr die Datenverarbeitung, die im Rahmen der Gesch\u00e4ftst\u00e4tigkeit von Whitelip AB erfolgt. (Whitelip AB, 559330-1087, L\u00e5ngedragsv\u00e4gen 20, 42671, V\u00e4stra Fr\u00f6lunda)<\/p>\n\n\n\n<p><strong>Informationen zum Ger\u00e4t<\/strong><\/p>\n\n\n\n<ol class=\"wp-block-list\">\n<li>Beispiele f\u00fcr erfasste personenbezogene Daten: Browserversion, IP-Adresse, Zeitzone, Cookie-Informationen, welche Websites oder Produkte Sie sich ansehen, Suchbegriffe und wie Sie mit der Website interagieren.<\/li>\n\n\n\n<li>Erhebungszweck: um die Website f\u00fcr Sie korrekt zu laden und um eine Analyse der Website-Nutzung durchzuf\u00fchren, um unsere Website zu optimieren.<\/li>\n\n\n\n<li>Quelle der Sammlung: Wird automatisch erhoben, wenn Sie auf unsere Website zugreifen, und zwar mit Hilfe von Cookies, Protokolldateien, Webbeacons, Tags oder Pixeln.<\/li>\n\n\n\n<li>Ver\u00f6ffentlichung zu Gesch\u00e4ftszwecken: Weitergabe an unseren Auftragsverarbeiter WordPress und andere Auftragsverarbeiter.<\/li>\n<\/ol>\n\n\n\n<p><\/p>\n\n\n\n<p><strong>Informationen zur Bestellung<\/strong><\/p>\n\n\n\n<ol class=\"wp-block-list\">\n<li>Beispiele f\u00fcr erfasste personenbezogene Daten: Name, Adresse, Lieferadresse, Zahlungsinformationen (einschlie\u00dflich Kreditkartennummer und Bonit\u00e4tspr\u00fcfung f\u00fcr die Rechnungserf\u00fcllung), E-Mail-Adresse und Telefonnummer.<\/li>\n\n\n\n<li>Erhebungszwecke: um Ihnen Produkte oder Dienstleistungen zu liefern, um unsere Vereinbarung zu erf\u00fcllen, um Ihre Zahlungsinformationen zu verarbeiten, den Versand zu arrangieren und Ihnen Rechnungen und\/oder Auftragsbest\u00e4tigungen zukommen zu lassen, um mit Ihnen zu kommunizieren, um unsere Auftr\u00e4ge auf potenzielle Risiken oder Betrug zu \u00fcberpr\u00fcfen und um Ihnen in \u00dcbereinstimmung mit Ihren Pr\u00e4ferenzen, die Sie uns mitgeteilt haben, Informationen oder Werbung \u00fcber unsere Produkte oder Dienstleistungen zukommen zu lassen.<\/li>\n\n\n\n<li>Quelle der Sammlung: Quelle von Ihnen.<\/li>\n\n\n\n<li>Ver\u00f6ffentlichung zu Gesch\u00e4ftszwecken: Weitergabe an unseren Auftragsverarbeiter WordPress und andere Auftragsverarbeiter.<\/li>\n<\/ol>\n\n\n\n<p><\/p>\n\n\n\n<p><strong>Informationen zur Kundenbetreuung<\/strong><\/p>\n\n\n\n<ol class=\"wp-block-list\">\n<li>Beispiele f\u00fcr erfasste personenbezogene Daten: Name, Adresse, Lieferadresse, Zahlungsinformationen (einschlie\u00dflich Kreditkartennummer und Bonit\u00e4tspr\u00fcfung f\u00fcr die Rechnungserf\u00fcllung), E-Mail-Adresse und Telefonnummer.<\/li>\n\n\n\n<li>Zweck der Erhebung: Kundenbetreuung.<\/li>\n\n\n\n<li>Quelle der Sammlung: Quelle von Ihnen.<\/li>\n\n\n\n<li>Ver\u00f6ffentlichung zu Gesch\u00e4ftszwecken: Weitergabe an unseren Auftragsverarbeiter WordPress und andere Auftragsverarbeiter.<\/li>\n<\/ol>\n\n\n\n<p><\/p>\n\n\n\n<p><strong>Informationen zum Newsletter<\/strong><\/p>\n\n\n\n<ol class=\"wp-block-list\">\n<li>Beispiele f\u00fcr erfasste personenbezogene Daten: Name, Adresse, E-Mail-Adresse und Telefonnummer.<\/li>\n\n\n\n<li>Zweck der Erhebung: Bereitstellung von Newslettern.<\/li>\n\n\n\n<li>Quelle der Sammlung: Quelle von Ihnen.<\/li>\n\n\n\n<li>Ver\u00f6ffentlichung f\u00fcr gesch\u00e4ftliche Zwecke: gemeinsam mit unserem Prozessor WordPress und Mailchimp f\u00fcr Mailings.<\/li>\n<\/ol>\n\n\n\n<p><\/p>\n\n\n\n<p><strong>Minderj\u00e4hrige<\/strong><\/p>\n\n\n\n<p>Die Website ist nicht f\u00fcr Personen unter 18 Jahren bestimmt. Wir sammeln nicht absichtlich personenbezogene Daten von Kindern. Wenn Sie ein Elternteil oder Erziehungsberechtigter sind und glauben, dass Ihr Kind uns personenbezogene Daten zur Verf\u00fcgung gestellt hat, wenden Sie sich bitte an die unten stehende Adresse, um die L\u00f6schung zu beantragen.<\/p>\n\n\n\n<p>support@whitelip.com<\/p>\n\n\n\n<p><strong>Weitergabe pers\u00f6nlicher Informationen<\/strong><\/p>\n\n\n\n<p>Wir teilen Ihre pers\u00f6nlichen Daten mit Dienstleistern, die uns bei der Erbringung unserer Dienstleistungen und der Erf\u00fcllung unserer Vereinbarungen mit Ihnen helfen, wie oben beschrieben, zum Beispiel:<\/p>\n\n\n\n<ol class=\"wp-block-list\">\n<li>Wir verwenden WordPress f\u00fcr den Betrieb unseres Online-Shops. Sie k\u00f6nnen hier mehr dar\u00fcber lesen, wie WordPress Ihre pers\u00f6nlichen Daten verwendet:\u00a0<a href=\"https:\/\/ca.wordpress.org\/about\/privacy\/\" target=\"_blank\" rel=\"noreferrer noopener\">WordPress<\/a><\/li>\n\n\n\n<li>Wir k\u00f6nnen Ihre pers\u00f6nlichen Daten weitergeben, um geltende Gesetze und Vorschriften einzuhalten, um auf eine Vorladung, einen Durchsuchungsbefehl oder eine andere rechtm\u00e4\u00dfige Anfrage nach Informationen zu reagieren, die wir erhalten, oder um unsere Rechte anderweitig zu sch\u00fctzen.<\/li>\n<\/ol>\n\n\n\n<p><\/p>\n\n\n\n<p><strong>Gezielte Werbung<\/strong><\/p>\n\n\n\n<p>Wie oben beschrieben, verwenden wir Ihre personenbezogenen Daten, um Ihnen gezielte Werbe- oder Marketingmitteilungen zukommen zu lassen, von denen wir glauben, dass sie f\u00fcr Sie von Interesse sein k\u00f6nnten, zum Beispiel:<\/p>\n\n\n\n<ol class=\"wp-block-list\">\n<li>Wir verwenden Google Analytics, um zu verstehen, wie unsere Kunden die Website nutzen. Sie k\u00f6nnen hier mehr dar\u00fcber lesen, wie Google Ihre pers\u00f6nlichen Daten verwendet:&nbsp;<a href=\"https:\/\/policies.google.com\/privacy?hl=en\" target=\"_blank\" rel=\"noreferrer noopener\">Google&nbsp;<\/a>Sie k\u00f6nnen Google Analytics auch hier deaktivieren:&nbsp;<a href=\"https:\/\/tools.google.com\/dlpage\/gaoptout\" target=\"_blank\" rel=\"noreferrer noopener\">Abmeldung von Google Analytics<\/a><\/li>\n\n\n\n<li>Wir geben Informationen \u00fcber Ihre Nutzung der Website, Ihre Eink\u00e4ufe und Ihre Interaktion mit unserer Werbung auf anderen Websites an unsere Werbepartner weiter. Wir sammeln und teilen einige dieser Informationen direkt mit unseren Werbepartnern und in einigen F\u00e4llen durch die Verwendung von Cookies oder anderen \u00e4hnlichen Technologien (denen Sie je nach Ihrem Standort zustimmen k\u00f6nnen).<\/li>\n<\/ol>\n\n\n\n<p>Weitere Informationen dar\u00fcber, wie gezielte Werbung funktioniert, finden Sie auf der Schulungsseite der Network Advertising Initiative (\u201cNAI\u201d) hier:&nbsp;<a href=\"https:\/\/www.networkadvertising.org\/understanding-online-advertising\/how-does-it-work\" target=\"_blank\" rel=\"noreferrer noopener\">NAI<\/a><\/p>\n\n\n\n<p>Sie k\u00f6nnen sich gegen gezielte Werbung entscheiden:&nbsp;<a href=\"https:\/\/www.facebook.com\/adpreferences\/ad_settings\/?entry_product=account_settings_menu\" target=\"_blank\" rel=\"noreferrer noopener\">FACEBOOK<\/a>&nbsp;<a href=\"https:\/\/adssettings.google.com\/authenticated?hl=sv\" target=\"_blank\" rel=\"noreferrer noopener\">GOOGLE<\/a>&nbsp;<a href=\"https:\/\/about.ads.microsoft.com\/en-us\/resources\/policies\/personalized-ads\" target=\"_blank\" rel=\"noreferrer noopener\">BING<\/a><\/p>\n\n\n\n<p>Dar\u00fcber hinaus k\u00f6nnen Sie sich von einigen dieser Dienste abmelden, indem Sie das Abmeldeportal der Digital Advertising Alliance besuchen:&nbsp;<a href=\"https:\/\/optout.aboutads.info\/?c=2&amp;lang=EN\" target=\"_blank\" rel=\"noreferrer noopener\">DAA<\/a><\/p>\n\n\n\n<p><strong>Verwendung pers\u00f6nlicher Informationen<\/strong><\/p>\n\n\n\n<p>Wir verwenden Ihre personenbezogenen Daten, um Ihnen unsere Dienstleistungen anbieten zu k\u00f6nnen. Dazu geh\u00f6ren: das Anbieten von Produkten zum Verkauf, die Bearbeitung von Zahlungen, der Versand und die Ausf\u00fchrung Ihrer Bestellung sowie die Information \u00fcber neue Produkte, Dienstleistungen und Angebote.<\/p>\n\n\n\n<p><strong>Rechtsgrundlage<\/strong><\/p>\n\n\n\n<p>Gem\u00e4\u00df der Allgemeinen Datenschutzverordnung (GDPR\u201c) verarbeiten wir Ihre personenbezogenen Daten auf den folgenden Rechtsgrundlagen, wenn Sie Ihren Wohnsitz im Europ\u00e4ischen Wirtschaftsraum (EWR\u201d) haben:<\/p>\n\n\n\n<ol class=\"wp-block-list\">\n<li>Ihre Zustimmung;<\/li>\n\n\n\n<li>Die Erf\u00fcllung des Vertrags zwischen Ihnen und der Website;<\/li>\n\n\n\n<li>Einhaltung unserer rechtlichen Verpflichtungen;<\/li>\n\n\n\n<li>Zum Schutz Ihrer lebenswichtigen Interessen;<\/li>\n\n\n\n<li>Zur Erf\u00fcllung einer Aufgabe, die im \u00f6ffentlichen Interesse liegt.<\/li>\n\n\n\n<li>F\u00fcr unsere berechtigten Interessen, die nicht gegen Ihre Grundrechte und -freiheiten versto\u00dfen.<\/li>\n<\/ol>\n\n\n\n<p><\/p>\n\n\n\n<p><strong>Lagerung<\/strong><\/p>\n\n\n\n<p>Wenn Sie eine Bestellung \u00fcber die Website aufgeben, werden wir Ihre personenbezogenen Daten f\u00fcr unsere Unterlagen aufbewahren, bis Sie uns bitten, diese Informationen zu l\u00f6schen. Weitere Informationen zu Ihrem Recht auf L\u00f6schung finden Sie im Abschnitt \u201cIhre Rechte\u201d weiter unten.<\/p>\n\n\n\n<p><strong>Automatisch&nbsp;<u>Entscheidungsfindung<\/u><\/strong><\/p>\n\n\n\n<p>Wenn Sie im EWR ans\u00e4ssig sind, haben Sie das Recht, gegen eine ausschlie\u00dflich auf einer automatisierten Entscheidungsfindung (einschlie\u00dflich Profiling) beruhende Verarbeitung Widerspruch einzulegen, wenn diese Entscheidungsfindung rechtliche Auswirkungen auf Sie hat oder Sie auf andere Weise erheblich beeintr\u00e4chtigt.<\/p>\n\n\n\n<p>Wir treffen vollautomatische Entscheidungen, die rechtliche oder anderweitig erhebliche Auswirkungen auf die Verwendung von Kundendaten haben.<\/p>\n\n\n\n<p>Unser Auftragsverarbeiter WordPress verwendet eine begrenzte automatisierte Entscheidungsfindung, um Betrug zu verhindern, der keine rechtlichen oder anderweitig erheblichen Auswirkungen auf Sie hat.<\/p>\n\n\n\n<p>Zu den Diensten, die Elemente der automatisierten Entscheidungsfindung enthalten, geh\u00f6ren:<\/p>\n\n\n\n<ol class=\"wp-block-list\">\n<li>Vor\u00fcbergehende schwarze Liste von IP-Adressen, die mit wiederholt fehlgeschlagenen Transaktionen in Verbindung gebracht werden. Diese Sperrliste bleibt f\u00fcr eine geringe Anzahl von Stunden bestehen.<\/li>\n\n\n\n<li>Vor\u00fcbergehende Ablehnung von Kreditkarten, die mit IP-Adressen auf der schwarzen Liste verbunden sind. Diese schwarze Liste wird f\u00fcr eine geringe Anzahl von Tagen bestehen bleiben.<\/li>\n<\/ol>\n\n\n\n<p><\/p>\n\n\n\n<p><strong>Ihre Rechte<\/strong><\/p>\n\n\n\n<p>Als betroffene Person haben Sie nach geltendem Recht eine Reihe von Rechten. Sie haben das Recht, einen Auszug dar\u00fcber zu erhalten, welche personenbezogenen Daten wir \u00fcber Sie gespeichert haben. Sie k\u00f6nnen die Berichtigung unrichtiger Daten und in einigen F\u00e4llen die L\u00f6schung verlangen.<\/p>\n\n\n\n<p>Beispiele f\u00fcr erfasste personenbezogene Daten: Name, Adresse, Lieferadresse, Zahlungsinformationen (einschlie\u00dflich Kreditkartennummer und Bonit\u00e4tspr\u00fcfung f\u00fcr die Rechnungserf\u00fcllung), E-Mail-Adresse und Telefonnummer.<\/p>\n\n\n\n<p>Wenden Sie sich an uns, wenn Sie Fragen zur Verarbeitung personenbezogener Daten durch uns haben<\/p>\n\n\n\n<p>Wenn Sie Fragen zur Verarbeitung personenbezogener Daten durch uns haben, wenden Sie sich bitte an Whitelip AB, die f\u00fcr Fragen zu personenbezogenen Daten zust\u00e4ndig ist.<\/p>\n\n\n\n<p>Wir k\u00f6nnen \u00c4nderungen an unserer Datenschutzpolitik vornehmen. Die neueste Version der Datenschutzrichtlinie ist immer hier auf der Website\/im Personalhandbuch verf\u00fcgbar.<\/p>\n\n\n\n<p><strong>GDPR<\/strong><\/p>\n\n\n\n<p>Wenn Sie Ihren Wohnsitz im EWR haben, haben Sie das Recht, auf die pers\u00f6nlichen Daten, die wir \u00fcber Sie gespeichert haben, zuzugreifen, sie auf einen neuen Dienst zu \u00fcbertragen und zu verlangen, dass Ihre pers\u00f6nlichen Daten korrigiert, aktualisiert oder gel\u00f6scht werden. Wenn Sie von diesen Rechten Gebrauch machen m\u00f6chten, setzen Sie sich bitte \u00fcber die unten stehenden Kontaktinformationen mit uns in Verbindung.<\/p>\n\n\n\n<p>Weitere Informationen dar\u00fcber, wie Daten\u00fcbertragungen mit der GDPR \u00fcbereinstimmen, finden Sie im WordPress GDPR Whitepaper:&nbsp;<a href=\"https:\/\/wordpress.com\/sv\/support\/din-webbplats-och-gdpr\/\" target=\"_blank\" rel=\"noreferrer noopener\">WordPress<\/a>&nbsp;GDPR.<\/p>\n\n\n\n<p><strong>Cookies<\/strong><\/p>\n\n\n\n<p>Ein Cookie ist eine kleine Informationsmenge, die auf Ihren Computer oder Ihr Ger\u00e4t heruntergeladen wird, wenn Sie unsere Website besuchen. Wir verwenden eine Reihe verschiedener Cookies, darunter Funktions-, Leistungs-, Werbe- und Social-Media- oder Inhalts-Cookies. Cookies verbessern Ihr Surferlebnis, indem sie es der Website erm\u00f6glichen, sich an Ihre Aktionen und Pr\u00e4ferenzen zu erinnern (z. B. Anmeldung und Auswahl der Region). Das bedeutet, dass Sie diese Informationen nicht jedes Mal eingeben m\u00fcssen, wenn Sie auf die Website zur\u00fcckkehren oder von einer Seite zur anderen wechseln. Cookies liefern auch Informationen \u00fcber die Nutzung der Website, z. B. dar\u00fcber, ob Sie die Website zum ersten Mal besuchen oder ob es sich um einen h\u00e4ufigen Besucher handelt.<\/p>\n\n\n\n<p>Wie lange ein Cookie auf Ihrem Computer oder Mobilger\u00e4t verbleibt, h\u00e4ngt davon ab, ob es sich um ein \u201cdauerhaftes\u201d oder ein \u201cSitzungs\u201d-Cookie handelt. Sitzungs-Cookies bleiben so lange gespeichert, bis Sie das Surfen einstellen, w\u00e4hrend dauerhafte Cookies so lange gespeichert bleiben, bis sie ablaufen oder gel\u00f6scht werden. Die meisten von uns verwendeten Cookies sind dauerhaft und laufen zwischen 30 Minuten und zwei Jahren nach dem Herunterladen auf Ihr Ger\u00e4t ab.<\/p>\n\n\n\n<p>Sie k\u00f6nnen Cookies auf verschiedene Weise kontrollieren und verwalten. Bitte beachten Sie, dass das L\u00f6schen oder Blockieren von Cookies negative Auswirkungen auf Ihre Nutzererfahrung haben kann und Teile unserer Website m\u00f6glicherweise nicht mehr vollst\u00e4ndig verf\u00fcgbar sind.<\/p>\n\n\n\n<p>Die meisten Browser akzeptieren Cookies automatisch, aber Sie k\u00f6nnen \u00fcber die Einstellungen Ihres Browsers, die Sie oft im Men\u00fc \u2018Extras\u2019 oder \u2018Einstellungen\u2019 Ihres Browsers finden, w\u00e4hlen, ob Sie Cookies akzeptieren oder nicht. Weitere Informationen dar\u00fcber, wie Sie Ihre Browsereinstellungen \u00e4ndern oder Cookies blockieren, verwalten oder filtern k\u00f6nnen, finden Sie in der Hilfedatei Ihres Browsers oder auf Websites wie z. B.:&nbsp;<a href=\"https:\/\/www.allaboutcookies.org\/\" target=\"_blank\" rel=\"noreferrer noopener\">ALLABOUTCOOKIES<\/a><\/p>\n\n\n\n<p>Bitte beachten Sie auch, dass das Blockieren von Cookies nicht vollst\u00e4ndig verhindern kann, dass wir Informationen mit Dritten, wie z. B. unseren Werbepartnern, teilen. Um Ihre Rechte auszu\u00fcben oder bestimmte Verwendungen Ihrer Daten durch diese Parteien abzulehnen, folgen Sie bitte den Anweisungen im Abschnitt \u201cGezielte Werbung\u201d oben.<\/p>\n\n\n\n<p><strong>Nicht verfolgen<\/strong><\/p>\n\n\n\n<p>Bitte beachten Sie, dass es in der Branche kein einheitliches Verst\u00e4ndnis dar\u00fcber gibt, wie auf \"Do Not Track\"-Signale zu reagieren ist, und dass wir unsere Datenerfassungs- und Nutzungspraktiken nicht \u00e4ndern, wenn wir ein solches Signal von Ihrem Browser erkennen.<\/p>\n\n\n\n<p><strong>\u00c4nderungen der Datenschutzrichtlinie<\/strong><\/p>\n\n\n\n<p>Wir behalten uns vor, diese Datenschutzrichtlinie von Zeit zu Zeit zu aktualisieren, um beispielsweise \u00c4nderungen unserer Praktiken oder anderen betrieblichen, rechtlichen oder regulatorischen Gr\u00fcnden Rechnung zu tragen.<\/p>\n\n\n\n<p>Netze<\/p>\n\n\n\n<p>Um Ihnen die Nets-Zahlungsmethoden anbieten zu k\u00f6nnen, k\u00f6nnen wir Ihre pers\u00f6nlichen Daten in Form von Kontaktdaten und Bestellinformationen an Nets weitergeben, damit Nets beurteilen kann, ob Sie die Zahlungsmethoden w\u00e4hlen k\u00f6nnen, und um sie f\u00fcr Sie anzupassen. Ihre personenbezogenen Daten, die weitergegeben werden, werden gem\u00e4\u00df den folgenden Bestimmungen verarbeitet&nbsp;<a href=\"https:\/\/support.nets.eu\/document\/nets-privacy-notice\" target=\"_blank\" rel=\"noreferrer noopener\">Netzeigene Datenschutzinformationen<\/a>.<\/p>\n\n\n\n<p><strong>Kontakt<\/strong><\/p>\n\n\n\n<p>Wenn Sie weitere Informationen \u00fcber unsere Datenschutzpraktiken w\u00fcnschen, Fragen haben oder eine Beschwerde einreichen m\u00f6chten, wenden Sie sich bitte per E-Mail an support@whitelip.com.<\/p>\n\n\n\n<p><em>Zuletzt aktualisiert: 29-11-2024<\/em><\/p>\n\n\n\n<p>Wenn Sie mit unserer Antwort auf Ihre Beschwerde nicht zufrieden sind, haben Sie das Recht, Ihre Beschwerde bei der zust\u00e4ndigen Datenschutzbeh\u00f6rde einzureichen. Sie k\u00f6nnen Ihre \u00f6rtliche Datenschutzbeh\u00f6rde oder unsere Aufsichtsbeh\u00f6rde hier kontaktieren:&nbsp;<a href=\"https:\/\/www.konsumentverket.se\/\" target=\"_blank\" rel=\"noreferrer noopener\">Konsumentverket.se<\/a><\/p>\n\n\n    <\/div>\n<\/section>\n<\/div><\/div>","protected":false},"excerpt":{"rendered":"","protected":false},"author":8456,"featured_media":0,"parent":0,"menu_order":0,"comment_status":"open","ping_status":"open","template":"text.php","meta":{"_acf_changed":false,"footnotes":""},"class_list":["post-7543","page","type-page","status-publish","hentry"],"acf":[],"_links":{"self":[{"href":"https:\/\/whitelip.com\/de\/wp-json\/wp\/v2\/pages\/7543","targetHints":{"allow":["GET"]}}],"collection":[{"href":"https:\/\/whitelip.com\/de\/wp-json\/wp\/v2\/pages"}],"about":[{"href":"https:\/\/whitelip.com\/de\/wp-json\/wp\/v2\/types\/page"}],"author":[{"embeddable":true,"href":"https:\/\/whitelip.com\/de\/wp-json\/wp\/v2\/users\/8456"}],"replies":[{"embeddable":true,"href":"https:\/\/whitelip.com\/de\/wp-json\/wp\/v2\/comments?post=7543"}],"version-history":[{"count":0,"href":"https:\/\/whitelip.com\/de\/wp-json\/wp\/v2\/pages\/7543\/revisions"}],"wp:attachment":[{"href":"https:\/\/whitelip.com\/de\/wp-json\/wp\/v2\/media?parent=7543"}],"curies":[{"name":"wp","href":"https:\/\/api.w.org\/{rel}","templated":true}]}}