{"id":7542,"date":"2024-11-29T19:42:42","date_gmt":"2024-11-29T19:42:42","guid":{"rendered":"https:\/\/whitelip.com\/faq\/"},"modified":"2026-03-11T10:42:48","modified_gmt":"2026-03-11T10:42:48","slug":"haufig-gestellte-fragen","status":"publish","type":"page","link":"https:\/\/whitelip.com\/de\/faq\/","title":{"rendered":"FAQ"},"content":{"rendered":"<div class=\"wp-block-group container\"><div class=\"wp-block-group__inner-container is-layout-constrained wp-block-group-is-layout-constrained\">\n<h1 class=\"wp-block-heading has-text-align-center\">FAQ<\/h1>\n\n\n<section class=\"block--title_aside\">\n    <aside class=\"block_aside\">\n        <p><strong>Wenn Sie bestellen<\/strong><\/p>\n\n    <\/aside>\n\n    <main class=\"block_main\">\n        \n\n<p>\u00dcberpr\u00fcfen Sie, ob Sie die richtigen Informationen eingegeben haben. Whitelip.com \u00fcbernimmt keine Verantwortung f\u00fcr falsche Adressdaten. Geben Sie sowohl Ihre Telefonnummer als auch Ihre E-Mail-Adresse an, um sicherzustellen, dass Sie alle notwendigen Lieferinformationen erhalten und es unseren Lieferanten leicht machen, zu liefern.<br><\/p>\n\n\n    <\/main>\n<\/section>\n\n\n<section class=\"block--title_aside\">\n    <aside class=\"block_aside\">\n        <p><strong>Muss ich bei der Bestellung Z\u00f6lle oder Steuern zahlen?<\/strong><\/p>\n\n    <\/aside>\n\n    <main class=\"block_main\">\n        \n\n<p>Die Z\u00f6lle und Steuern variieren je nach Land. Wir raten Ihnen, Ihre lokale Zollbeh\u00f6rde zu konsultieren, um mehr Details \u00fcber Ihre Bestellung zu erfahren.<br><\/p>\n\n\n    <\/main>\n<\/section>\n\n\n<section class=\"block--title_aside\">\n    <aside class=\"block_aside\">\n        <p><strong>Bis zu welchem Alter kann man Nikotinprodukte bestellen?<\/strong><\/p>\n\n    <\/aside>\n\n    <main class=\"block_main\">\n        \n\n<p>Die Altersgrenze f\u00fcr den Kauf unserer Produkte liegt bei 18 oder 21 Jahren, je nachdem, wo Sie wohnen. Es werden keine Ausnahmen gemacht.<br><\/p>\n\n\n    <\/main>\n<\/section>\n\n\n<section class=\"block--title_aside\">\n    <aside class=\"block_aside\">\n        <p><strong>Wie sollte ich meine Produkte lagern?<\/strong><\/p>\n\n    <\/aside>\n\n    <main class=\"block_main\">\n        \n\n<p>Die Lagerung der einzelnen Produkte ist unterschiedlich, aber im Allgemeinen schmecken sie am besten, wenn sie gek\u00fchlt werden. Unge\u00f6ffnete Dosen sollten immer im K\u00fchlschrank aufbewahrt werden, damit sie l\u00e4nger frisch bleiben, aber das ist f\u00fcr All White nicht erforderlich.<br><\/p>\n\n\n    <\/main>\n<\/section>\n\n\n<section class=\"block--title_aside\">\n    <aside class=\"block_aside\">\n        <p><strong>Kann ich meine Bestellung zur\u00fcckgeben?<\/strong><\/p>\n\n    <\/aside>\n\n    <main class=\"block_main\">\n        \n\n<p>Aufgrund der Verderblichkeit unserer Produkte akzeptieren wir keine R\u00fccksendungen. Wenn Ihr erhaltenes Paket besch\u00e4digt ist, m\u00fcssen Sie sich direkt an unseren Support wenden. Wenn das erhaltene Paket ein falsches Produkt\/eine falsche Menge enth\u00e4lt, wenden Sie sich bitte direkt an unser Support-Team.<\/p>\n\n\n\n<p>Lesen Sie hier unsere vollst\u00e4ndigen R\u00fcckgabebedingungen:\u00a0<a href=\"https:\/\/whitelip.com\/de\/rucksendungen\/\">R\u00fcckgabepolitik<\/a><\/p>\n\n\n    <\/main>\n<\/section>\n\n\n<section class=\"block--title_aside\">\n    <aside class=\"block_aside\">\n        <p><strong>Wie lange sind die Lieferzeiten?<\/strong><\/p>\n\n    <\/aside>\n\n    <main class=\"block_main\">\n        \n\n<p>Die Lieferzeit kann je nach dem von Ihnen bestellten Produkt und der von Ihnen gew\u00e4hlten Versandart variieren, betr\u00e4gt aber in der Regel zwischen 2 und 5 Werktagen. Die Lieferzeit kann auch beeinflusst werden, wenn Ihr Produkt nicht auf Lager ist. In diesem Fall werden wir Sie per E-Mail kontaktieren, in der Regel innerhalb von 7 Werktagen.<\/p>\n\n\n\n<p>Bestellungen, die vor 14:00 Uhr aufgegeben werden, werden noch am selben Tag fertiggestellt und an unsere Versandpartner ausgeliefert, sofern wir alle Produkte auf Lager haben. Gilt nicht f\u00fcr Ereignisse mit hohem Druck wie Zahltage und Neueinf\u00fchrungen.<\/p>\n\n\n\n<p>Lesen Sie unsere vollst\u00e4ndige Versandpolitik hier:&nbsp;<a href=\"https:\/\/whitelip.com\/de\/versand-lieferung\/\">Versand &amp; Lieferungen<\/a><\/p>\n\n\n    <\/main>\n<\/section>\n\n\n<section class=\"block--title_aside\">\n    <aside class=\"block_aside\">\n        <p><strong>Wo kann ich meine Bestellung verfolgen?<\/strong><\/p>\n\n    <\/aside>\n\n    <main class=\"block_main\">\n        \n\n<p>Sobald wir Ihre Bestellung verpackt haben, erhalten Sie eine E-Mail, die Sie dar\u00fcber informiert, dass Ihre Bestellung bearbeitet wurde. Diese E-Mail enth\u00e4lt auch einen Link zur Sendungsverfolgung f\u00fcr Ihr Paket.<br><\/p>\n\n\n    <\/main>\n<\/section>\n<\/div><\/div>","protected":false},"excerpt":{"rendered":"<p>FAQ<\/p>","protected":false},"author":8456,"featured_media":0,"parent":0,"menu_order":0,"comment_status":"open","ping_status":"open","template":"text.php","meta":{"_acf_changed":false,"footnotes":""},"class_list":["post-7542","page","type-page","status-publish","hentry"],"acf":[],"_links":{"self":[{"href":"https:\/\/whitelip.com\/de\/wp-json\/wp\/v2\/pages\/7542","targetHints":{"allow":["GET"]}}],"collection":[{"href":"https:\/\/whitelip.com\/de\/wp-json\/wp\/v2\/pages"}],"about":[{"href":"https:\/\/whitelip.com\/de\/wp-json\/wp\/v2\/types\/page"}],"author":[{"embeddable":true,"href":"https:\/\/whitelip.com\/de\/wp-json\/wp\/v2\/users\/8456"}],"replies":[{"embeddable":true,"href":"https:\/\/whitelip.com\/de\/wp-json\/wp\/v2\/comments?post=7542"}],"version-history":[{"count":0,"href":"https:\/\/whitelip.com\/de\/wp-json\/wp\/v2\/pages\/7542\/revisions"}],"wp:attachment":[{"href":"https:\/\/whitelip.com\/de\/wp-json\/wp\/v2\/media?parent=7542"}],"curies":[{"name":"wp","href":"https:\/\/api.w.org\/{rel}","templated":true}]}}