{"id":9962,"date":"2025-03-25T13:43:36","date_gmt":"2025-03-25T13:43:36","guid":{"rendered":"https:\/\/whitelip.com\/garant-extreme-edition-citrus-50-mg\/"},"modified":"2026-05-11T10:11:35","modified_gmt":"2026-05-11T10:11:35","slug":"garant-extreme-edition-citrus-50-mg","status":"publish","type":"product","link":"https:\/\/whitelip.com\/da\/garant\/garant-extreme-edition-citrus-50-mg\/","title":{"rendered":"Garant Extreme Edition Citrus 50 mg"},"content":{"rendered":"<h2><strong>Garant Extreme Edition Citrus 50 mg<\/strong><\/h2>\n<p>Garant Extreme Citrus nikotinpouches tilbyder en levende, syrlig udbrud af citrus, der perfekt balancerer s\u00f8de og syrlige noter for en virkelig frisk oplevelse. Hver slim, helt hvid pouch er pakket med 25 mg nikotin, i alt 50 mg nikotin pr. gram, hvilket giver en st\u00e6rk og langvarig effekt for \u00f8vede brugere. Det moderne design sikrer en diskret, komfortabel pasform under l\u00e6ben, hvilket giver en smooth, behagelig f\u00f8lelse uden at blegte t\u00e6nder. For dem, der l\u00e6nges efter et stingsmart, citrusly kick med et potent nikotinboost, leverer disse tobaksafri pouches den perfekte blanding af smag og intensitet.<\/p>\n<table>\n<tbody>\n<tr>\n<td><b>Attribute<\/b><\/td>\n<td><b>Detaljer<\/b><\/td>\n<\/tr>\n<tr>\n<td><span style=\"font-weight: 400;\">Indhold pr. D\u00e5se<\/span><\/td>\n<td><\/td>\n<\/tr>\n<tr>\n<td><span style=\"font-weight: 400;\">Nikotin Indhold<\/span><\/td>\n<td><span style=\"font-weight: 400;\">50 mg\/g (25 mg pr. pouch)<\/span><\/td>\n<\/tr>\n<tr>\n<td><span style=\"font-weight: 400;\">Pouch Format<\/span><\/td>\n<td><span style=\"font-weight: 400;\">Slim<\/span><\/td>\n<\/tr>\n<tr>\n<td><span style=\"font-weight: 400;\">Producent<\/span><\/td>\n<td><span style=\"font-weight: 400;\">Garant<\/span><\/td>\n<\/tr>\n<tr>\n<td><span style=\"font-weight: 400;\">Smag<\/span><\/td>\n<td>Citrus<\/td>\n<\/tr>\n<tr>\n<td><span style=\"font-weight: 400;\">Type<\/span><\/td>\n<td><span style=\"font-weight: 400;\">Alt hvid pouch, Tobaksri<\/span><\/td>\n<\/tr>\n<\/tbody>\n<\/table>","protected":false},"excerpt":{"rendered":"<p data-start=\"0\" data-end=\"264\">Levende, syrlig <strong data-start=\"15\" data-end=\"25\">citrus<\/strong> med en balanceret s\u00f8dt-sur kick. <strong data-start=\"59\" data-end=\"67\">Slim<\/strong>, helt hvide, tobaksafri pouches sidder diskret under l\u00e6ben uden at blegte t\u00e6nder. Hver pouch indeholder <strong data-start=\"174\" data-end=\"192\">25 mg nikotin<\/strong> (50 mg\/g), hvilket giver en st\u00e6rk, langtidsholdbar effekt for \u00f8vede brugere.<\/p>\n<p data-start=\"266\" data-end=\"380\" data-is-last-node=\"\" data-is-only-node=\"\">","protected":false},"featured_media":9963,"comment_status":"open","ping_status":"closed","template":"","format":[206],"meta":{"_acf_changed":false},"product_brand":[],"product_cat":[102],"product_tag":[16589],"flavours":[190],"nicotine":[226,233],"class_list":{"0":"post-9962","1":"product","2":"type-product","3":"status-publish","4":"has-post-thumbnail","6":"product_cat-garant","7":"product_tag-25-mg-pouch","8":"pa_quantity-1-pack","9":"pa_quantity-10-pack","10":"pa_quantity-3-pack","11":"pa_quantity-30-pack","12":"pa_quantity-5-pack","13":"pa_quantity-60-pack","14":"flavours-citrus","15":"format-slim","16":"nicotine-50-mg-g","17":"nicotine-extreme","19":"first","20":"outofstock","21":"taxable","22":"shipping-taxable","23":"purchasable","24":"product-type-variable","25":"has-default-attributes"},"acf":[],"_links":{"self":[{"href":"https:\/\/whitelip.com\/da\/wp-json\/wp\/v2\/product\/9962","targetHints":{"allow":["GET"]}}],"collection":[{"href":"https:\/\/whitelip.com\/da\/wp-json\/wp\/v2\/product"}],"about":[{"href":"https:\/\/whitelip.com\/da\/wp-json\/wp\/v2\/types\/product"}],"replies":[{"embeddable":true,"href":"https:\/\/whitelip.com\/da\/wp-json\/wp\/v2\/comments?post=9962"}],"wp:featuredmedia":[{"embeddable":true,"href":"https:\/\/whitelip.com\/da\/wp-json\/wp\/v2\/media\/9963"}],"wp:attachment":[{"href":"https:\/\/whitelip.com\/da\/wp-json\/wp\/v2\/media?parent=9962"}],"wp:term":[{"taxonomy":"product_brand","embeddable":true,"href":"https:\/\/whitelip.com\/da\/wp-json\/wp\/v2\/product_brand?post=9962"},{"taxonomy":"product_cat","embeddable":true,"href":"https:\/\/whitelip.com\/da\/wp-json\/wp\/v2\/product_cat?post=9962"},{"taxonomy":"product_tag","embeddable":true,"href":"https:\/\/whitelip.com\/da\/wp-json\/wp\/v2\/product_tag?post=9962"},{"taxonomy":"flavours","embeddable":true,"href":"https:\/\/whitelip.com\/da\/wp-json\/wp\/v2\/flavours?post=9962"},{"taxonomy":"format","embeddable":true,"href":"https:\/\/whitelip.com\/da\/wp-json\/wp\/v2\/format?post=9962"},{"taxonomy":"nicotine","embeddable":true,"href":"https:\/\/whitelip.com\/da\/wp-json\/wp\/v2\/nicotine?post=9962"}],"curies":[{"name":"wp","href":"https:\/\/api.w.org\/{rel}","templated":true}]}}