{"id":9911,"date":"2025-02-20T13:47:21","date_gmt":"2025-02-20T13:47:21","guid":{"rendered":"https:\/\/whitelip.com\/frokens-energy\/"},"modified":"2026-04-09T22:33:34","modified_gmt":"2026-04-09T22:33:34","slug":"frokens-energy","status":"publish","type":"product","link":"https:\/\/whitelip.com\/da\/frokens\/frokens-energy\/","title":{"rendered":"FR\u00d6KENS Energi Udl\u00f8bsdato: 2024-12-04"},"content":{"rendered":"<h2><strong>FR\u00d6KENS Energy<\/strong><\/h2>\n<p><strong>Udl\u00f8bet produkt &#8211; Udl\u00f8bsdato: 2024-12-04<\/strong><\/p>\n<p><span style=\"font-weight: 400;\">FR\u00d6KENS Energi nikotinposer leverer en forfriskende energidriksmag med en stimulerende sensation, ideel for energidrik-entusiaster, der s\u00f8ger en s\u00f8d smag. Hver slim, all-white pose indeholder 6 mg nikotin, hvilket tilbyder en moderat styrke, der passer til b\u00e5de nye og erfarne brugere. Det diskrete design tillader brug n\u00e5r som helst, hvor som helst, uden at t\u00e6nder bliver plettet. Lavet af Smitify Limited sikrer disse tobaksfri poser en tilfredsstillende energidriks-smag.<\/span><\/p>\n<p><b>Specifikationer<\/b><\/p>\n<table>\n<tbody>\n<tr>\n<td><b>Attribute<\/b><\/td>\n<td><b>Detaljer<\/b><\/td>\n<\/tr>\n<tr>\n<td><b>Indhold pr. d\u00e5se<\/b><\/td>\n<td><span style=\"font-weight: 400;\">11g (20 pouches)<\/span><\/td>\n<\/tr>\n<tr>\n<td><b>Nikotinindhold<\/b><\/td>\n<td><span style=\"font-weight: 400;\">6 mg\/g (3 mg pr. pose)<\/span><\/td>\n<\/tr>\n<tr>\n<td><b>Poseformat<\/b><\/td>\n<td><span style=\"font-weight: 400;\">Slim<\/span><\/td>\n<\/tr>\n<tr>\n<td><b>Producent<\/b><\/td>\n<td><span style=\"font-weight: 400;\">Smitify Limited<\/span><\/td>\n<\/tr>\n<tr>\n<td><b>Smag<\/b><\/td>\n<td><span style=\"font-weight: 400;\">Energidrik<\/span><\/td>\n<\/tr>\n<tr>\n<td><b>Type<\/b><\/td>\n<td><span style=\"font-weight: 400;\">Helt hvid pose<\/span><\/td>\n<\/tr>\n<\/tbody>\n<\/table>","protected":false},"excerpt":{"rendered":"<p><strong>Udl\u00f8bet produkt &#8211; Udl\u00f8bsdato: 2024-12-04<\/strong><\/p>\n<p><span style=\"font-weight: 400;\">FR\u00d6KENS Energi nikotinposer leverer en forfriskende energidriksmag med en stimulerende sensation, ideel for energidrik-entusiaster, der s\u00f8ger en s\u00f8d smag. Hver slim, all-white pose indeholder 6 mg nikotin, hvilket tilbyder en moderat styrke, der passer til b\u00e5de nye og erfarne brugere. Det diskrete design tillader brug n\u00e5r som helst, hvor som helst, uden at t\u00e6nder bliver plettet. Lavet af Smitify Limited sikrer disse tobaksfri poser en tilfredsstillende energidriks-smag.<\/span><\/p>","protected":false},"featured_media":3285,"comment_status":"open","ping_status":"closed","template":"","format":[206],"meta":{"_acf_changed":false},"product_brand":[],"product_cat":[100],"product_tag":[16579],"flavours":[196],"nicotine":[228,235],"class_list":{"0":"post-9911","1":"product","2":"type-product","3":"status-publish","4":"has-post-thumbnail","6":"product_cat-frokens","7":"product_tag-3-mg-pouch","8":"pa_quantity-30-pack","9":"pa_quantity-60-pack","10":"flavours-fruits-berries","11":"format-slim","12":"nicotine-6-mg-g","13":"nicotine-normal","15":"first","16":"instock","17":"taxable","18":"shipping-taxable","19":"purchasable","20":"product-type-variable"},"acf":[],"_links":{"self":[{"href":"https:\/\/whitelip.com\/da\/wp-json\/wp\/v2\/product\/9911","targetHints":{"allow":["GET"]}}],"collection":[{"href":"https:\/\/whitelip.com\/da\/wp-json\/wp\/v2\/product"}],"about":[{"href":"https:\/\/whitelip.com\/da\/wp-json\/wp\/v2\/types\/product"}],"replies":[{"embeddable":true,"href":"https:\/\/whitelip.com\/da\/wp-json\/wp\/v2\/comments?post=9911"}],"wp:featuredmedia":[{"embeddable":true,"href":"https:\/\/whitelip.com\/da\/wp-json\/wp\/v2\/media\/3285"}],"wp:attachment":[{"href":"https:\/\/whitelip.com\/da\/wp-json\/wp\/v2\/media?parent=9911"}],"wp:term":[{"taxonomy":"product_brand","embeddable":true,"href":"https:\/\/whitelip.com\/da\/wp-json\/wp\/v2\/product_brand?post=9911"},{"taxonomy":"product_cat","embeddable":true,"href":"https:\/\/whitelip.com\/da\/wp-json\/wp\/v2\/product_cat?post=9911"},{"taxonomy":"product_tag","embeddable":true,"href":"https:\/\/whitelip.com\/da\/wp-json\/wp\/v2\/product_tag?post=9911"},{"taxonomy":"flavours","embeddable":true,"href":"https:\/\/whitelip.com\/da\/wp-json\/wp\/v2\/flavours?post=9911"},{"taxonomy":"format","embeddable":true,"href":"https:\/\/whitelip.com\/da\/wp-json\/wp\/v2\/format?post=9911"},{"taxonomy":"nicotine","embeddable":true,"href":"https:\/\/whitelip.com\/da\/wp-json\/wp\/v2\/nicotine?post=9911"}],"curies":[{"name":"wp","href":"https:\/\/api.w.org\/{rel}","templated":true}]}}