{"id":9901,"date":"2025-02-20T13:47:22","date_gmt":"2025-02-20T13:47:22","guid":{"rendered":"https:\/\/whitelip.com\/frokens-sweet-apple\/"},"modified":"2026-04-03T19:43:13","modified_gmt":"2026-04-03T19:43:13","slug":"frokens-sweet-apple","status":"publish","type":"product","link":"https:\/\/whitelip.com\/da\/frokens\/frokens-sweet-apple\/","title":{"rendered":"FR\u00d6KENS Sweet Apple Udl\u00f8bsdato: 2024-12-04"},"content":{"rendered":"<h2><strong>FR\u00d6KENS Sweet Apple<\/strong><\/h2>\n<p><strong>Udl\u00f8bet produkt &#8211; Udl\u00f8bsdato: 2024-12-04<\/strong><\/p>\n<p><span style=\"font-weight: 400;\">FR\u00d6KENS Sweet Apple nikotinposer leverer en friskende \u00e6ble-smag med en s\u00f8d sensation, idealt for \u00e6ble-entusiaster, der s\u00f8ger en frisk smag. Hver slank, helt hvid pose indeholder 6 mg nikotin og tilbyder moderat styrke, der passer b\u00e5de til nye og erfarne brugere. Det diskrete design tillader brug n\u00e5r som helst, hvor som helst, uden at plettet t\u00e6nder. H\u00e5ndv\u00e6rk af Smitify Limited, disse tobaksfri poser sikrer en tilfredsstillende \u00e6ble-s\u00f8de.<\/span><\/p>\n<p><b>Specifikationer<\/b><\/p>\n<table>\n<tbody>\n<tr>\n<td><b>Attribute<\/b><\/td>\n<td><b>Detaljer<\/b><\/td>\n<\/tr>\n<tr>\n<td><b>Indhold pr. d\u00e5se<\/b><\/td>\n<td><span style=\"font-weight: 400;\">11g (20 pouches)<\/span><\/td>\n<\/tr>\n<tr>\n<td><b>Nikotinindhold<\/b><\/td>\n<td><span style=\"font-weight: 400;\">12 mg\/g (6 mg pr. pose)<\/span><\/td>\n<\/tr>\n<tr>\n<td><b>Poseformat<\/b><\/td>\n<td><span style=\"font-weight: 400;\">Slim<\/span><\/td>\n<\/tr>\n<tr>\n<td><b>Producent<\/b><\/td>\n<td><span style=\"font-weight: 400;\">Smitify Limited<\/span><\/td>\n<\/tr>\n<tr>\n<td><b>Smag<\/b><\/td>\n<td><span style=\"font-weight: 400;\">B\u00e6r<\/span><\/td>\n<\/tr>\n<tr>\n<td><b>Type<\/b><\/td>\n<td><span style=\"font-weight: 400;\">Helt hvid pose<\/span><\/td>\n<\/tr>\n<\/tbody>\n<\/table>","protected":false},"excerpt":{"rendered":"<p><strong>Udl\u00f8bet produkt &#8211; Udl\u00f8bsdato: 2024-12-04<\/strong><\/p>\n<p><span style=\"font-weight: 400;\">FR\u00d6KENS Sweet Apple nikotinposer leverer en friskende \u00e6ble-smag med en s\u00f8d sensation, idealt for \u00e6ble-entusiaster, der s\u00f8ger en frisk smag. Hver slank, helt hvid pose indeholder 6 mg nikotin og tilbyder moderat styrke, der passer b\u00e5de til nye og erfarne brugere. Det diskrete design tillader brug n\u00e5r som helst, hvor som helst, uden at plettet t\u00e6nder. H\u00e5ndv\u00e6rk af Smitify Limited, disse tobaksfri poser sikrer en tilfredsstillende \u00e6ble-s\u00f8de.<\/span><\/p>","protected":false},"featured_media":3283,"comment_status":"open","ping_status":"closed","template":"","format":[206],"meta":{"_acf_changed":false},"product_brand":[],"product_cat":[100],"product_tag":[16559],"flavours":[196],"nicotine":[209,232],"class_list":{"0":"post-9901","1":"product","2":"type-product","3":"status-publish","4":"has-post-thumbnail","6":"product_cat-frokens","7":"product_tag-6-mg-pouch","8":"pa_quantity-30-pack","9":"pa_quantity-60-pack","10":"flavours-fruits-berries","11":"format-slim","12":"nicotine-12-mg-g","13":"nicotine-extra-strong","15":"first","16":"instock","17":"taxable","18":"shipping-taxable","19":"purchasable","20":"product-type-variable"},"acf":[],"_links":{"self":[{"href":"https:\/\/whitelip.com\/da\/wp-json\/wp\/v2\/product\/9901","targetHints":{"allow":["GET"]}}],"collection":[{"href":"https:\/\/whitelip.com\/da\/wp-json\/wp\/v2\/product"}],"about":[{"href":"https:\/\/whitelip.com\/da\/wp-json\/wp\/v2\/types\/product"}],"replies":[{"embeddable":true,"href":"https:\/\/whitelip.com\/da\/wp-json\/wp\/v2\/comments?post=9901"}],"wp:featuredmedia":[{"embeddable":true,"href":"https:\/\/whitelip.com\/da\/wp-json\/wp\/v2\/media\/3283"}],"wp:attachment":[{"href":"https:\/\/whitelip.com\/da\/wp-json\/wp\/v2\/media?parent=9901"}],"wp:term":[{"taxonomy":"product_brand","embeddable":true,"href":"https:\/\/whitelip.com\/da\/wp-json\/wp\/v2\/product_brand?post=9901"},{"taxonomy":"product_cat","embeddable":true,"href":"https:\/\/whitelip.com\/da\/wp-json\/wp\/v2\/product_cat?post=9901"},{"taxonomy":"product_tag","embeddable":true,"href":"https:\/\/whitelip.com\/da\/wp-json\/wp\/v2\/product_tag?post=9901"},{"taxonomy":"flavours","embeddable":true,"href":"https:\/\/whitelip.com\/da\/wp-json\/wp\/v2\/flavours?post=9901"},{"taxonomy":"format","embeddable":true,"href":"https:\/\/whitelip.com\/da\/wp-json\/wp\/v2\/format?post=9901"},{"taxonomy":"nicotine","embeddable":true,"href":"https:\/\/whitelip.com\/da\/wp-json\/wp\/v2\/nicotine?post=9901"}],"curies":[{"name":"wp","href":"https:\/\/api.w.org\/{rel}","templated":true}]}}