{"id":9896,"date":"2025-02-20T13:47:23","date_gmt":"2025-02-20T13:47:23","guid":{"rendered":"https:\/\/whitelip.com\/frokens-heizenberg\/"},"modified":"2026-03-05T10:34:51","modified_gmt":"2026-03-05T10:34:51","slug":"frokens-heizenberg","status":"publish","type":"product","link":"https:\/\/whitelip.com\/da\/frokens\/frokens-heizenberg\/","title":{"rendered":"FR\u00d6KENS Heizenberg Udl\u00f8bsdato: 2024-12-01"},"content":{"rendered":"<h2><strong>FR\u00d6KENS Heizenberg <\/strong><\/h2>\n<p><strong>Udl\u00f8bet produkt &#8211; Udl\u00f8bsdato: 2024-12-01<\/strong><\/p>\n<p><span style=\"font-weight: 400;\">FR\u00d6KENS Heizenberg nikotinposer leverer en forfriskende blandet b\u00e6rsmag med en fyldig sensation, ideel for b\u00e6r-entusiaster, der s\u00f8ger en forfriskende smag. Hver slim, all-white pose indeholder 9 mg nikotin, hvilket tilbyder en moderat styrke, der passer til b\u00e5de nye og erfarne brugere. Det diskrete design tillader brug n\u00e5r som helst, hvor som helst, uden at t\u00e6nder bliver plettet. Lavet af Smitify Limited sikrer disse tobaksfri poser en tilfredsstillende b\u00e6rs\u00f8dhed.<\/span><\/p>\n<p><b>Specifikationer<\/b><\/p>\n<table>\n<tbody>\n<tr>\n<td><b>Attribute<\/b><\/td>\n<td><b>Detaljer<\/b><\/td>\n<\/tr>\n<tr>\n<td><b>Indhold pr. d\u00e5se<\/b><\/td>\n<td><span style=\"font-weight: 400;\">11g (20 pouches)<\/span><\/td>\n<\/tr>\n<tr>\n<td><b>Nikotinindhold<\/b><\/td>\n<td><span style=\"font-weight: 400;\">18 mg\/g (9 mg pr. pose)<\/span><\/td>\n<\/tr>\n<tr>\n<td><b>Poseformat<\/b><\/td>\n<td><span style=\"font-weight: 400;\">Slim<\/span><\/td>\n<\/tr>\n<tr>\n<td><b>Producent<\/b><\/td>\n<td><span style=\"font-weight: 400;\">Smitify Limited<\/span><\/td>\n<\/tr>\n<tr>\n<td><b>Smag<\/b><\/td>\n<td><span style=\"font-weight: 400;\">B\u00e6r<\/span><\/td>\n<\/tr>\n<tr>\n<td><b>Type<\/b><\/td>\n<td><span style=\"font-weight: 400;\">Helt hvid pose<\/span><\/td>\n<\/tr>\n<\/tbody>\n<\/table>","protected":false},"excerpt":{"rendered":"<p><strong>Udl\u00f8bet produkt &#8211; Udl\u00f8bsdato: 2024-12-01<\/strong><\/p>\n<p><span style=\"font-weight: 400;\">FR\u00d6KENS Heizenberg nikotinposer leverer en forfriskende blandet b\u00e6rsmag med en fyldig sensation, ideel for b\u00e6r-entusiaster, der s\u00f8ger en forfriskende smag. Hver slim, all-white pose indeholder 9 mg nikotin, hvilket tilbyder en moderat styrke, der passer til b\u00e5de nye og erfarne brugere. Det diskrete design tillader brug n\u00e5r som helst, hvor som helst, uden at t\u00e6nder bliver plettet. Lavet af Smitify Limited sikrer disse tobaksfri poser en tilfredsstillende b\u00e6rs\u00f8dhed.<\/span><\/p>","protected":false},"featured_media":3282,"comment_status":"open","ping_status":"closed","template":"","format":[206],"meta":{"_acf_changed":false},"product_brand":[],"product_cat":[100],"product_tag":[16563],"flavours":[196],"nicotine":[215,232],"class_list":{"0":"post-9896","1":"product","2":"type-product","3":"status-publish","4":"has-post-thumbnail","6":"product_cat-frokens","7":"product_tag-9-mg-pouch","8":"pa_quantity-30-pack","9":"pa_quantity-60-pack","10":"flavours-fruits-berries","11":"format-slim","12":"nicotine-18-mg-g","13":"nicotine-extra-strong","15":"first","16":"instock","17":"taxable","18":"shipping-taxable","19":"purchasable","20":"product-type-variable"},"acf":[],"_links":{"self":[{"href":"https:\/\/whitelip.com\/da\/wp-json\/wp\/v2\/product\/9896","targetHints":{"allow":["GET"]}}],"collection":[{"href":"https:\/\/whitelip.com\/da\/wp-json\/wp\/v2\/product"}],"about":[{"href":"https:\/\/whitelip.com\/da\/wp-json\/wp\/v2\/types\/product"}],"replies":[{"embeddable":true,"href":"https:\/\/whitelip.com\/da\/wp-json\/wp\/v2\/comments?post=9896"}],"wp:featuredmedia":[{"embeddable":true,"href":"https:\/\/whitelip.com\/da\/wp-json\/wp\/v2\/media\/3282"}],"wp:attachment":[{"href":"https:\/\/whitelip.com\/da\/wp-json\/wp\/v2\/media?parent=9896"}],"wp:term":[{"taxonomy":"product_brand","embeddable":true,"href":"https:\/\/whitelip.com\/da\/wp-json\/wp\/v2\/product_brand?post=9896"},{"taxonomy":"product_cat","embeddable":true,"href":"https:\/\/whitelip.com\/da\/wp-json\/wp\/v2\/product_cat?post=9896"},{"taxonomy":"product_tag","embeddable":true,"href":"https:\/\/whitelip.com\/da\/wp-json\/wp\/v2\/product_tag?post=9896"},{"taxonomy":"flavours","embeddable":true,"href":"https:\/\/whitelip.com\/da\/wp-json\/wp\/v2\/flavours?post=9896"},{"taxonomy":"format","embeddable":true,"href":"https:\/\/whitelip.com\/da\/wp-json\/wp\/v2\/format?post=9896"},{"taxonomy":"nicotine","embeddable":true,"href":"https:\/\/whitelip.com\/da\/wp-json\/wp\/v2\/nicotine?post=9896"}],"curies":[{"name":"wp","href":"https:\/\/api.w.org\/{rel}","templated":true}]}}