{"id":9821,"date":"2025-02-24T11:02:21","date_gmt":"2025-02-24T11:02:21","guid":{"rendered":"https:\/\/whitelip.com\/camo-ice-cold-mint-6mg\/"},"modified":"2026-03-05T10:13:09","modified_gmt":"2026-03-05T10:13:09","slug":"camo-ice-cold-mint-6mg","status":"publish","type":"product","link":"https:\/\/whitelip.com\/da\/camo\/camo-ice-cold-mint-6mg\/","title":{"rendered":"CAMO Ice Cold Mint 6mg"},"content":{"rendered":"<h2><strong>CAMO Ice Cold Mint 6mg<\/strong><\/h2>\n<p><span style=\"font-weight: 400;\">CAMO Ice Cold Mint 6mg tilbyder en dristig og frisk mintsmag. Hver slank, helt hvid pouse indeholder 6 mg nikotin, hvilket giver en st\u00e6rk men stabil frigivelse, ideelt til dem, der s\u00f8ger et potentielt slag.<\/span><\/p>\n<p><span style=\"font-weight: 400;\">Det slanke format sikrer en diskret og komfortabel pasning under l\u00e6ben, hvilket tillader rent, pletfrit forbrug p\u00e5 ethvert tidspunkt. Fremstillet helt af h\u00f8jkvalitets, plantebaserede materialer, CAMO Ice Cold Mint 6mg tilbyder et moderne og behageligt nikotinalternativ med en vibrant, k\u00f8lende smag.<\/span><\/p>\n<table>\n<tbody>\n<tr>\n<td><b>Attribute<\/b><\/td>\n<td><b>Detaljer<\/b><\/td>\n<\/tr>\n<tr>\n<td><span style=\"font-weight: 400;\">M\u00e6rke<\/span><\/td>\n<td><span style=\"font-weight: 400;\">CAMO<\/span><\/td>\n<\/tr>\n<tr>\n<td><span style=\"font-weight: 400;\">Produkttype<\/span><\/td>\n<td><span style=\"font-weight: 400;\">Alt hvide nikotinposer<\/span><\/td>\n<\/tr>\n<tr>\n<td><span style=\"font-weight: 400;\">Format<\/span><\/td>\n<td><span style=\"font-weight: 400;\">Slim<\/span><\/td>\n<\/tr>\n<tr>\n<td><span style=\"font-weight: 400;\">Smag<\/span><\/td>\n<td><span style=\"font-weight: 400;\">Mint<\/span><\/td>\n<\/tr>\n<tr>\n<td><span style=\"font-weight: 400;\">Nikotinstyrke<\/span><\/td>\n<td><span style=\"font-weight: 400;\">6 mg pr. pouse<\/span><\/td>\n<\/tr>\n<tr>\n<td><span style=\"font-weight: 400;\">Portionsv\u00e6gt<\/span><\/td>\n<td><span style=\"font-weight: 400;\">0,75 gram<\/span><\/td>\n<\/tr>\n<tr>\n<td><span style=\"font-weight: 400;\">Antal portioner<\/span><\/td>\n<td><span style=\"font-weight: 400;\">20 pr. d\u00e5se<\/span><\/td>\n<\/tr>\n<tr>\n<td><span style=\"font-weight: 400;\">Samlet d\u00e5sev\u00e6gt<\/span><\/td>\n<td><span style=\"font-weight: 400;\">15 gram<\/span><\/td>\n<\/tr>\n<tr>\n<td><span style=\"font-weight: 400;\">Producent<\/span><\/td>\n<td><span style=\"font-weight: 400;\">CAMO<\/span><\/td>\n<\/tr>\n<tr>\n<td><span style=\"font-weight: 400;\">Bem\u00e6rkelsesv\u00e6rdige funktioner<\/span><\/td>\n<td><span style=\"font-weight: 400;\">Tobaksfrit, slank format, frisk mintsmag<\/span><\/td>\n<\/tr>\n<\/tbody>\n<\/table>\n<p>\u00a0<\/p>","protected":false},"excerpt":{"rendered":"<p>Dristig, frisk <strong data-start=\"12\" data-end=\"20\">mynte<\/strong> for en frisk og k\u00f8lende smag. De <strong data-start=\"56\" data-end=\"75\">smalle, <\/strong>helt hvide pouser sidder diskret under l\u00e6ben til et rent, erfrisckende feel. Hver pouse indeholder <strong data-start=\"163\" data-end=\"190\">6 mg nikotin pr. pouse<\/strong>, hvilket leverer en st\u00e6rk, stabil frigivelse.<\/p>","protected":false},"featured_media":9822,"comment_status":"open","ping_status":"closed","template":"","format":[206],"meta":{"_acf_changed":false},"product_brand":[],"product_cat":[95],"product_tag":[16559],"flavours":[199],"nicotine":[208,236],"class_list":{"0":"post-9821","1":"product","2":"type-product","3":"status-publish","4":"has-post-thumbnail","6":"product_cat-camo","7":"product_tag-6-mg-pouch","8":"pa_quantity-1-pack","9":"pa_quantity-10-pack","10":"pa_quantity-3-pack","11":"pa_quantity-30-pack","12":"pa_quantity-5-pack","13":"pa_quantity-60-pack","14":"flavours-mint","15":"format-slim","16":"nicotine-11-mg-g","17":"nicotine-strong","19":"first","20":"outofstock","21":"taxable","22":"shipping-taxable","23":"purchasable","24":"product-type-variable"},"acf":[],"_links":{"self":[{"href":"https:\/\/whitelip.com\/da\/wp-json\/wp\/v2\/product\/9821","targetHints":{"allow":["GET"]}}],"collection":[{"href":"https:\/\/whitelip.com\/da\/wp-json\/wp\/v2\/product"}],"about":[{"href":"https:\/\/whitelip.com\/da\/wp-json\/wp\/v2\/types\/product"}],"replies":[{"embeddable":true,"href":"https:\/\/whitelip.com\/da\/wp-json\/wp\/v2\/comments?post=9821"}],"wp:featuredmedia":[{"embeddable":true,"href":"https:\/\/whitelip.com\/da\/wp-json\/wp\/v2\/media\/9822"}],"wp:attachment":[{"href":"https:\/\/whitelip.com\/da\/wp-json\/wp\/v2\/media?parent=9821"}],"wp:term":[{"taxonomy":"product_brand","embeddable":true,"href":"https:\/\/whitelip.com\/da\/wp-json\/wp\/v2\/product_brand?post=9821"},{"taxonomy":"product_cat","embeddable":true,"href":"https:\/\/whitelip.com\/da\/wp-json\/wp\/v2\/product_cat?post=9821"},{"taxonomy":"product_tag","embeddable":true,"href":"https:\/\/whitelip.com\/da\/wp-json\/wp\/v2\/product_tag?post=9821"},{"taxonomy":"flavours","embeddable":true,"href":"https:\/\/whitelip.com\/da\/wp-json\/wp\/v2\/flavours?post=9821"},{"taxonomy":"format","embeddable":true,"href":"https:\/\/whitelip.com\/da\/wp-json\/wp\/v2\/format?post=9821"},{"taxonomy":"nicotine","embeddable":true,"href":"https:\/\/whitelip.com\/da\/wp-json\/wp\/v2\/nicotine?post=9821"}],"curies":[{"name":"wp","href":"https:\/\/api.w.org\/{rel}","templated":true}]}}