{"id":97942,"date":"2026-05-11T13:47:58","date_gmt":"2026-05-11T13:47:58","guid":{"rendered":"https:\/\/whitelip.com\/?post_type=product&#038;p=97942"},"modified":"2026-05-17T10:11:21","modified_gmt":"2026-05-17T10:11:21","slug":"apres-raspberry-licorice-zero-nicotine-free","status":"publish","type":"product","link":"https:\/\/whitelip.com\/da\/uncategorized\/apres-raspberry-licorice-zero-nicotine-free\/","title":{"rendered":"Apr\u00e8s Raspberry Licorice Zero Nikotinfri"},"content":{"rendered":"<h1 data-section-id=\"ap1rl2\" data-start=\"1\" data-end=\"50\"><strong>Apr\u00e8s Raspberry Licorice Zero Nikotinfri<\/strong><\/h1>\n<p data-section-id=\"ap3rl4\" data-start=\"52\" data-end=\"350\">Apr\u00e8s Raspberry Licorice Zero er en nikotinfri og tobaksfri hvid snus i slim-format med en dristig og karakteristisk smag af hindb\u00e6r og lakrids, produceret af Apr\u00e8s Nicotine AB i Sverige. Fuldst\u00e6ndig fri for nikotin, tobak og koffein, tilbyder dette produkt en unik og eventyrlig smagsoplevelse for dem, der \u00f8nsker at nyde poseformatet uden nogen stimulanser. Apr\u00e8s blev grundlagt i 2020 og fremstiller sine poser ved hj\u00e6lp af plantebaserede materialer til b\u00e5de portioner og emballage.<\/p>\n<h2 data-section-id=\"ap5rl6\" data-start=\"352\" data-end=\"370\">Smag og format<\/h2>\n<p data-section-id=\"ap7rl8\" data-start=\"372\" data-end=\"570\">Apr\u00e8s Raspberry Licorice Zero leverer en intrigerende og velafbalanceret kombination af s\u00f8d hindb\u00e6r og dyb, jordagtig lakrids. Hindb\u00e6rrets frugtagtige s\u00f8de komplementerer lakridsens karakteristiske og lidt bitre karakter, hvilket skaber en smagsprofil, der er b\u00e5de dristig og overraskende harmonisk. Uden nikotin eller koffein er dette et glimrende valg for dem, der \u00f8nsker noget \u00e6gte anderledes og smagfuldt uden nogen stimulanser.<\/p>\n<h2 data-section-id=\"ap9rl0\" data-start=\"572\" data-end=\"590\">Pouch Format<\/h2>\n<p data-section-id=\"ap2rl5\" data-start=\"592\" data-end=\"780\">Apr\u00e8s Raspberry Licorice Zero kommer i slim-format. Hver d\u00e5se indeholder 20 poser, der alle er fuldst\u00e6ndig fri for nikotin, tobak, koffein og r\u00f8g. Den slanke pose sidder diskret og komfortabelt under l\u00e6ben og giver en j\u00e6vn frigivelse af smag i et praktisk og ualmindeligt format, der egner sig til brug n\u00e5r som helst og hvor som helst.<\/p>\n<h2 data-section-id=\"ap4rl7\" data-start=\"782\" data-end=\"796\">Om Apr\u00e8s<\/h2>\n<p data-section-id=\"ap6rl9\" data-start=\"798\" data-end=\"1050\">Apr\u00e8s was founded in 2020 in Sweden and is produced by Apr\u00e8s Nicotine AB. The range includes both nicotine-free and nicotine-containing products across a variety of flavours, strengths and formats, all made with plant-based materials. Apr\u00e8s Raspberry Licorice Zero is a prime example of Apr\u00e8s&#8217; ambition to offer creative and distinctive flavour profiles in a clean, nicotine-free format.<\/p>\n<table style=\"height: 235px;\" width=\"383\">\n<tbody>\n<tr>\n<td><b>Attribute<\/b><\/td>\n<td><b>Detaljer<\/b><\/td>\n<\/tr>\n<tr>\n<td><b>M\u00e6rke<\/b><\/td>\n<td><em><strong>Apr\u00e8s<\/strong><\/em><\/td>\n<\/tr>\n<tr>\n<td><b>Pouch Format<\/b><\/td>\n<td><em><strong>Slim<\/strong><\/em><\/td>\n<\/tr>\n<tr>\n<td><b>Styrke<\/b><\/td>\n<td><em><strong>Nikotinfri<\/strong><\/em><\/td>\n<\/tr>\n<tr>\n<td><b>Producent<\/b><\/td>\n<td><em><strong>Apr\u00e8s Nicotine AB<\/strong><\/em><\/td>\n<\/tr>\n<tr>\n<td><b>Smag<\/b><\/td>\n<td><span style=\"font-weight: 400;\">Raspberry, licorice<\/span><\/td>\n<\/tr>\n<tr>\n<td><b>Nikotin Indhold<\/b><\/td>\n<td><b><span style=\"font-weight: 400;\">0mg (nikotinfri)<\/span><\/b><\/td>\n<\/tr>\n<tr>\n<td><b>Indhold pr. D\u00e5se<\/b><\/td>\n<td><span style=\"font-weight: 400;\">20 poser<\/span><\/td>\n<\/tr>\n<tr>\n<td><b>Kategori<\/b><\/td>\n<td><em><strong>Nikotinfri<\/strong><\/em><\/td>\n<\/tr>\n<tr>\n<td><b>Type<\/b><\/td>\n<td><b><span style=\"font-weight: 400;\">Alt hvid pouch, Tobaksri<\/span><\/b><\/td>\n<\/tr>\n<\/tbody>\n<\/table>\n<p>&nbsp;<\/p>","protected":false},"excerpt":{"rendered":"<p>Apr\u00e8s Raspberry Licorice Zero er en nikotinfri, tobaksfri og koffeinfri hvid snus i slim-format med en dristig og karakteristisk kombination af hindb\u00e6r og lakrids. En unik smag for dem, der \u00f8nsker pose-oplevelsen uden nogen stimulanser. 20 poser pr. d\u00e5se, produceret af Apr\u00e8s Nicotine AB i Sverige.<\/p>","protected":false},"featured_media":97949,"comment_status":"open","ping_status":"closed","template":"","format":[206],"meta":{"_acf_changed":false},"product_brand":[],"product_cat":[15],"product_tag":[],"flavours":[196,198],"nicotine":[],"class_list":{"0":"post-97942","1":"product","2":"type-product","3":"status-publish","4":"has-post-thumbnail","6":"product_cat-uncategorized","7":"pa_quantity-1-pack","8":"pa_quantity-10-pack","9":"pa_quantity-3-pack","10":"pa_quantity-30-pack","11":"pa_quantity-5-pack","12":"pa_quantity-60-pack","13":"flavours-fruits-berries","14":"flavours-licorice","15":"format-slim","17":"first","18":"instock","19":"taxable","20":"shipping-taxable","21":"purchasable","22":"product-type-variable"},"acf":[],"_links":{"self":[{"href":"https:\/\/whitelip.com\/da\/wp-json\/wp\/v2\/product\/97942","targetHints":{"allow":["GET"]}}],"collection":[{"href":"https:\/\/whitelip.com\/da\/wp-json\/wp\/v2\/product"}],"about":[{"href":"https:\/\/whitelip.com\/da\/wp-json\/wp\/v2\/types\/product"}],"replies":[{"embeddable":true,"href":"https:\/\/whitelip.com\/da\/wp-json\/wp\/v2\/comments?post=97942"}],"wp:featuredmedia":[{"embeddable":true,"href":"https:\/\/whitelip.com\/da\/wp-json\/wp\/v2\/media\/97949"}],"wp:attachment":[{"href":"https:\/\/whitelip.com\/da\/wp-json\/wp\/v2\/media?parent=97942"}],"wp:term":[{"taxonomy":"product_brand","embeddable":true,"href":"https:\/\/whitelip.com\/da\/wp-json\/wp\/v2\/product_brand?post=97942"},{"taxonomy":"product_cat","embeddable":true,"href":"https:\/\/whitelip.com\/da\/wp-json\/wp\/v2\/product_cat?post=97942"},{"taxonomy":"product_tag","embeddable":true,"href":"https:\/\/whitelip.com\/da\/wp-json\/wp\/v2\/product_tag?post=97942"},{"taxonomy":"flavours","embeddable":true,"href":"https:\/\/whitelip.com\/da\/wp-json\/wp\/v2\/flavours?post=97942"},{"taxonomy":"format","embeddable":true,"href":"https:\/\/whitelip.com\/da\/wp-json\/wp\/v2\/format?post=97942"},{"taxonomy":"nicotine","embeddable":true,"href":"https:\/\/whitelip.com\/da\/wp-json\/wp\/v2\/nicotine?post=97942"}],"curies":[{"name":"wp","href":"https:\/\/api.w.org\/{rel}","templated":true}]}}