{"id":97926,"date":"2026-05-11T13:41:41","date_gmt":"2026-05-11T13:41:41","guid":{"rendered":"https:\/\/whitelip.com\/?post_type=product&#038;p=97926"},"modified":"2026-05-11T13:45:01","modified_gmt":"2026-05-11T13:45:01","slug":"apres-mint-zero-nicotine-free","status":"publish","type":"product","link":"https:\/\/whitelip.com\/da\/uncategorized\/apres-mint-zero-nicotine-free\/","title":{"rendered":"Apr\u00e8s Mint Zero Nikotinfri"},"content":{"rendered":"<h1 data-section-id=\"ap1mz2\" data-start=\"1\" data-end=\"50\"><strong>Apr\u00e8s Mint Zero Nikotinfri<\/strong><\/h1>\n<p data-section-id=\"ap3mz4\" data-start=\"52\" data-end=\"350\">Apr\u00e8s Mint Zero er en nikotinfri og tobaksfri hvid snus i slimformat med en ren og forfriskende mintsmag, produceret af Apr\u00e8s Nicotine AB i Sverige. Helt fri for nikotin, tobak og koffein er dette produkt det perfekte valg for dem, der \u00f8nsker at nyde poseoplevelsen uden nikotin eller stimulanser. Grundlagt i 2020 har Apr\u00e8s etableret sig som et betroet navn inden for nikotinfri og tobaksfri posekategori med en r\u00e6kke smagsvarianter og formater.<\/p>\n<h2 data-section-id=\"ap5mz6\" data-start=\"352\" data-end=\"370\">Smag og format<\/h2>\n<p data-section-id=\"ap7mz8\" data-start=\"372\" data-end=\"570\">Apr\u00e8s Mint Zero delivers a clean and refreshing mint flavour that feels crisp and pleasant throughout use. The mint profile is clear and well-defined without being overpowering, providing a satisfying and enjoyable experience from start to finish &#8211; entirely without nicotine or caffeine. This makes it an ideal option for those cutting down on nicotine, staying completely nicotine-free, or simply enjoying a fresh mint pouch at any time of day.<\/p>\n<h2 data-section-id=\"ap9mz0\" data-start=\"572\" data-end=\"590\">Pouch Format<\/h2>\n<p data-section-id=\"ap2mz5\" data-start=\"592\" data-end=\"780\">Apr\u00e8s Mint Zero kommer i slimformat. Hver d\u00e5se indeholder 20 poser, alle helt frie for nikotin, tobak, koffein og r\u00f8g. Sluspozen sidder diskret og komfortabelt under l\u00e6ben og giver en j\u00e6vn frigivelse af smag i et praktisk og ui\u00f8jnefaldende format, der passer til brug n\u00e5r som helst og hvor som helst.<\/p>\n<h2 data-section-id=\"ap4mz7\" data-start=\"782\" data-end=\"796\">Om Apr\u00e8s<\/h2>\n<p data-section-id=\"ap6mz9\" data-start=\"798\" data-end=\"1050\">Apr\u00e8s was founded in 2020 in Sweden and is produced by Apr\u00e8s Nicotine AB. The brand is known for its range of nicotine-free and tobacco-free pouches in a variety of flavours and formats, all made with plant-based materials. Apr\u00e8s Mint Zero is a prime example of Apr\u00e8s&#8217; commitment to offering clean, modern and accessible pouch options for every type of user.<\/p>\n<table style=\"height: 235px;\" width=\"383\">\n<tbody>\n<tr>\n<td><b>Attribute<\/b><\/td>\n<td><b>Detaljer<\/b><\/td>\n<\/tr>\n<tr>\n<td><b>M\u00e6rke<\/b><\/td>\n<td><em><strong>Apr\u00e8s<\/strong><\/em><\/td>\n<\/tr>\n<tr>\n<td><b>Pouch Format<\/b><\/td>\n<td><em><strong>Slim<\/strong><\/em><\/td>\n<\/tr>\n<tr>\n<td><b>Styrke<\/b><\/td>\n<td><em><strong>Nikotinfri<\/strong><\/em><\/td>\n<\/tr>\n<tr>\n<td><b>Producent<\/b><\/td>\n<td><em><strong>Apr\u00e8s Nicotine AB<\/strong><\/em><\/td>\n<\/tr>\n<tr>\n<td><b>Smag<\/b><\/td>\n<td><span style=\"font-weight: 400;\">Mint<\/span><\/td>\n<\/tr>\n<tr>\n<td><b>Nikotin Indhold<\/b><\/td>\n<td><b><span style=\"font-weight: 400;\">0mg (nikotinfri)<\/span><\/b><\/td>\n<\/tr>\n<tr>\n<td><b>Indhold pr. D\u00e5se<\/b><\/td>\n<td><span style=\"font-weight: 400;\">20 poser<\/span><\/td>\n<\/tr>\n<tr>\n<td><b>Kategori<\/b><\/td>\n<td><em><strong>Nikotinfri<\/strong><\/em><\/td>\n<\/tr>\n<tr>\n<td><b>Type<\/b><\/td>\n<td><b><span style=\"font-weight: 400;\">Alt hvid pouch, Tobaksri<\/span><\/b><\/td>\n<\/tr>\n<\/tbody>\n<\/table>\n<p>&nbsp;<\/p>","protected":false},"excerpt":{"rendered":"<p>Apr\u00e8s Mint Zero er en nikotinfri, tobaksfri og koffeinfri hvid snus i slimformat med en ren og forfriskende mintsmag. Det perfekte valg for dem, der \u00f8nsker poseoplevelsen uden noget nikotin. 20 poser pr. d\u00e5se, produceret af Apr\u00e8s Nicotine AB i Sverige.<\/p>","protected":false},"featured_media":97933,"comment_status":"open","ping_status":"closed","template":"","format":[206],"meta":{"_acf_changed":false},"product_brand":[],"product_cat":[15],"product_tag":[],"flavours":[199],"nicotine":[],"class_list":{"0":"post-97926","1":"product","2":"type-product","3":"status-publish","4":"has-post-thumbnail","6":"product_cat-uncategorized","7":"pa_quantity-1-pack","8":"pa_quantity-10-pack","9":"pa_quantity-3-pack","10":"pa_quantity-30-pack","11":"pa_quantity-5-pack","12":"pa_quantity-60-pack","13":"flavours-mint","14":"format-slim","16":"first","17":"instock","18":"taxable","19":"shipping-taxable","20":"purchasable","21":"product-type-variable"},"acf":[],"_links":{"self":[{"href":"https:\/\/whitelip.com\/da\/wp-json\/wp\/v2\/product\/97926","targetHints":{"allow":["GET"]}}],"collection":[{"href":"https:\/\/whitelip.com\/da\/wp-json\/wp\/v2\/product"}],"about":[{"href":"https:\/\/whitelip.com\/da\/wp-json\/wp\/v2\/types\/product"}],"replies":[{"embeddable":true,"href":"https:\/\/whitelip.com\/da\/wp-json\/wp\/v2\/comments?post=97926"}],"wp:featuredmedia":[{"embeddable":true,"href":"https:\/\/whitelip.com\/da\/wp-json\/wp\/v2\/media\/97933"}],"wp:attachment":[{"href":"https:\/\/whitelip.com\/da\/wp-json\/wp\/v2\/media?parent=97926"}],"wp:term":[{"taxonomy":"product_brand","embeddable":true,"href":"https:\/\/whitelip.com\/da\/wp-json\/wp\/v2\/product_brand?post=97926"},{"taxonomy":"product_cat","embeddable":true,"href":"https:\/\/whitelip.com\/da\/wp-json\/wp\/v2\/product_cat?post=97926"},{"taxonomy":"product_tag","embeddable":true,"href":"https:\/\/whitelip.com\/da\/wp-json\/wp\/v2\/product_tag?post=97926"},{"taxonomy":"flavours","embeddable":true,"href":"https:\/\/whitelip.com\/da\/wp-json\/wp\/v2\/flavours?post=97926"},{"taxonomy":"format","embeddable":true,"href":"https:\/\/whitelip.com\/da\/wp-json\/wp\/v2\/format?post=97926"},{"taxonomy":"nicotine","embeddable":true,"href":"https:\/\/whitelip.com\/da\/wp-json\/wp\/v2\/nicotine?post=97926"}],"curies":[{"name":"wp","href":"https:\/\/api.w.org\/{rel}","templated":true}]}}