{"id":97917,"date":"2026-05-11T13:35:14","date_gmt":"2026-05-11T13:35:14","guid":{"rendered":"https:\/\/whitelip.com\/?post_type=product&#038;p=97917"},"modified":"2026-05-11T13:39:27","modified_gmt":"2026-05-11T13:39:27","slug":"apres-blueberry-zero-nicotine-free","status":"publish","type":"product","link":"https:\/\/whitelip.com\/da\/uncategorized\/apres-blueberry-zero-nicotine-free\/","title":{"rendered":"Apr\u00e8s Blueberry Zero Nikotinfri"},"content":{"rendered":"<h1 data-section-id=\"ap1bz2\" data-start=\"1\" data-end=\"50\"><strong>Apr\u00e8s Blueberry Zero Nikotinfri<\/strong><\/h1>\n<p data-section-id=\"ap3bz4\" data-start=\"52\" data-end=\"350\">Apr\u00e8s Blueberry Zero er en nikotinfri og tobaksfri hvid snus i slimformat med frisk og frugtfuld bl\u00e5b\u00e6r- og b\u00e6rsmag, produceret af Apr\u00e8s Nicotine AB i Sverige. Helt fri for nikotin, tobak og koffein, er dette produkt det perfekte valg for dem, der \u00f8nsker at nyde poseoplevelsen uden noget nikotin eller stimulanser. Launched i 2020 har Apr\u00e8s bygget et ry for kvalitet tobaksfri produkter i en r\u00e6kke smagsvarianter og formater.<\/p>\n<h2 data-section-id=\"ap5bz6\" data-start=\"352\" data-end=\"370\">Smag og format<\/h2>\n<p data-section-id=\"ap7bz8\" data-start=\"372\" data-end=\"570\">Apr\u00e8s Blueberry Zero leverer en s\u00f8d og naturlig bl\u00e5b\u00e6rsmag med subtile b\u00e6rundertoner, der f\u00f8les frisk og behagelig gennem hele brugen. Smagen er ren og velafbalanceret uden at v\u00e6re afh\u00e6ngig af nikotin eller koffein for effekt, hvilket g\u00f8r den til et godt valg for dem, der reducerer nikotin, forbliver helt nikotinfri eller blot nyder en frugtfuld pose p\u00e5 ethvert tidspunkt af dagen. Slimformatet sikrer en diskret og komfortabel pasform under l\u00e6ben fra start til slut.<\/p>\n<h2 data-section-id=\"ap9bz0\" data-start=\"572\" data-end=\"590\">Pouch Format<\/h2>\n<p data-section-id=\"ap2bz5\" data-start=\"592\" data-end=\"780\">Apr\u00e8s Blueberry Zero kommer i slimformat. Hver d\u00e5se indeholder 20 poser, alle helt frie for nikotin, tobak, koffein og r\u00f8g. Sluspozen sidder diskret og komfortabelt under l\u00e6ben og giver en j\u00e6vn frigivelse af smag i et praktisk og ui\u00f8jnefaldende format, der passer til brug n\u00e5r som helst og hvor som helst.<\/p>\n<h2 data-section-id=\"ap4bz7\" data-start=\"782\" data-end=\"796\">Om Apr\u00e8s<\/h2>\n<p data-section-id=\"ap6bz9\" data-start=\"798\" data-end=\"1050\">Apr\u00e8s was established in 2020 and is produced by Apr\u00e8s Nicotine AB in Sweden. The range includes nicotine-free alternatives as well as products in various flavours, strengths and formats &#8211; all made with plant-based materials. No.12 Blueberry Zero is a prime example of Apr\u00e8s&#8217; commitment to offering clean, modern and accessible pouch options for every type of user.<\/p>\n<table style=\"height: 235px;\" width=\"383\">\n<tbody>\n<tr>\n<td><b>Attribute<\/b><\/td>\n<td><b>Detaljer<\/b><\/td>\n<\/tr>\n<tr>\n<td><b>M\u00e6rke<\/b><\/td>\n<td><em><strong>Apr\u00e8s<\/strong><\/em><\/td>\n<\/tr>\n<tr>\n<td><b>Pouch Format<\/b><\/td>\n<td><em><strong>Slim<\/strong><\/em><\/td>\n<\/tr>\n<tr>\n<td><b>Styrke<\/b><\/td>\n<td><em><strong>Nikotinfri<\/strong><\/em><\/td>\n<\/tr>\n<tr>\n<td><b>Producent<\/b><\/td>\n<td><em><strong>Apr\u00e8s Nicotine AB<\/strong><\/em><\/td>\n<\/tr>\n<tr>\n<td><b>Smag<\/b><\/td>\n<td><em><strong>Blueberry, berries<\/strong><\/em><\/td>\n<\/tr>\n<tr>\n<td><b>Nikotin Indhold<\/b><\/td>\n<td><b><span style=\"font-weight: 400;\">0mg (nikotinfri)<\/span><\/b><\/td>\n<\/tr>\n<tr>\n<td><b>Indhold pr. D\u00e5se<\/b><\/td>\n<td><span style=\"font-weight: 400;\">20 poser<\/span><\/td>\n<\/tr>\n<tr>\n<td><b>Kategori<\/b><\/td>\n<td><em><strong>Nikotinfri<\/strong><\/em><\/td>\n<\/tr>\n<tr>\n<td><b>Type<\/b><\/td>\n<td><b><span style=\"font-weight: 400;\">Alt hvid pouch, Tobaksri<\/span><\/b><\/td>\n<\/tr>\n<\/tbody>\n<\/table>\n<p>&nbsp;<\/p>","protected":false},"excerpt":{"rendered":"<p>Apr\u00e8s Blueberry Zero er en nikotinfri, tobaksfri og koffeinfri hvid snus i slimformat med frisk bl\u00e5b\u00e6r- og b\u00e6rsmag. Det perfekte valg for dem, der \u00f8nsker poseoplevelsen uden noget nikotin. 20 poser pr. d\u00e5se, produceret af Apr\u00e8s Nicotine AB i Sverige.<\/p>","protected":false},"featured_media":97924,"comment_status":"open","ping_status":"closed","template":"","format":[],"meta":{"_acf_changed":false},"product_brand":[],"product_cat":[15],"product_tag":[],"flavours":[196],"nicotine":[],"class_list":{"0":"post-97917","1":"product","2":"type-product","3":"status-publish","4":"has-post-thumbnail","6":"product_cat-uncategorized","7":"pa_quantity-1-pack","8":"pa_quantity-10-pack","9":"pa_quantity-3-pack","10":"pa_quantity-30-pack","11":"pa_quantity-5-pack","12":"pa_quantity-60-pack","13":"flavours-fruits-berries","15":"first","16":"instock","17":"taxable","18":"shipping-taxable","19":"purchasable","20":"product-type-variable"},"acf":[],"_links":{"self":[{"href":"https:\/\/whitelip.com\/da\/wp-json\/wp\/v2\/product\/97917","targetHints":{"allow":["GET"]}}],"collection":[{"href":"https:\/\/whitelip.com\/da\/wp-json\/wp\/v2\/product"}],"about":[{"href":"https:\/\/whitelip.com\/da\/wp-json\/wp\/v2\/types\/product"}],"replies":[{"embeddable":true,"href":"https:\/\/whitelip.com\/da\/wp-json\/wp\/v2\/comments?post=97917"}],"wp:featuredmedia":[{"embeddable":true,"href":"https:\/\/whitelip.com\/da\/wp-json\/wp\/v2\/media\/97924"}],"wp:attachment":[{"href":"https:\/\/whitelip.com\/da\/wp-json\/wp\/v2\/media?parent=97917"}],"wp:term":[{"taxonomy":"product_brand","embeddable":true,"href":"https:\/\/whitelip.com\/da\/wp-json\/wp\/v2\/product_brand?post=97917"},{"taxonomy":"product_cat","embeddable":true,"href":"https:\/\/whitelip.com\/da\/wp-json\/wp\/v2\/product_cat?post=97917"},{"taxonomy":"product_tag","embeddable":true,"href":"https:\/\/whitelip.com\/da\/wp-json\/wp\/v2\/product_tag?post=97917"},{"taxonomy":"flavours","embeddable":true,"href":"https:\/\/whitelip.com\/da\/wp-json\/wp\/v2\/flavours?post=97917"},{"taxonomy":"format","embeddable":true,"href":"https:\/\/whitelip.com\/da\/wp-json\/wp\/v2\/format?post=97917"},{"taxonomy":"nicotine","embeddable":true,"href":"https:\/\/whitelip.com\/da\/wp-json\/wp\/v2\/nicotine?post=97917"}],"curies":[{"name":"wp","href":"https:\/\/api.w.org\/{rel}","templated":true}]}}