{"id":97536,"date":"2026-05-08T09:51:51","date_gmt":"2026-05-08T09:51:51","guid":{"rendered":"https:\/\/whitelip.com\/?post_type=product&#038;p=97536"},"modified":"2026-05-09T10:11:28","modified_gmt":"2026-05-09T10:11:28","slug":"killa-watermelon-exp-05-15-2026","status":"publish","type":"product","link":"https:\/\/whitelip.com\/da\/killa\/killa-watermelon-exp-05-15-2026\/","title":{"rendered":"KILLA Watermelon Exp.05\/15\/2026"},"content":{"rendered":"<h2>KILLA Watermelon Exp.05\/15\/2026<\/h2>\n<p><span style=\"font-weight: 400;\">KILLA Vandmelon nikotinpulvere tilbyder en frisk burst af s\u00f8dt vandmelon-aroma, som leverer en tilfredsstillende oplevelse for brugere, der s\u00f8ger et st\u00e6rkt nikotinkick. Disse tobaksfrie, smalt-formatpulvere er designet til diskret og bekvem brug, hvilket g\u00f8r dem ideelle til on-the-go-nydelse. Det autentiske vandmelon-aroma og smag giver en dejlig sensorisk oplevelse, komplementeret af en afbalanceret nikotinstyrke, der passer til regelm\u00e6ssige brugere.<\/span><\/p>\n<table>\n<tbody>\n<tr>\n<td><b>Attribute<\/b><\/td>\n<td><b>Detaljer<\/b><\/td>\n<\/tr>\n<tr>\n<td><span style=\"font-weight: 400;\">Indhold pr. D\u00e5se<\/span><\/td>\n<td><span style=\"font-weight: 400;\">14g (20 poser)<\/span><\/td>\n<\/tr>\n<tr>\n<td><span style=\"font-weight: 400;\">Nikotin Indhold<\/span><\/td>\n<td><span style=\"font-weight: 400;\">16 mg\/g (11,2 mg pr. pouch)<\/span><\/td>\n<\/tr>\n<tr>\n<td><span style=\"font-weight: 400;\">Pouch Format<\/span><\/td>\n<td><span style=\"font-weight: 400;\">Slim<\/span><\/td>\n<\/tr>\n<tr>\n<td><span style=\"font-weight: 400;\">Producent<\/span><\/td>\n<td><span style=\"font-weight: 400;\">NGP<\/span><\/td>\n<\/tr>\n<tr>\n<td><span style=\"font-weight: 400;\">Smag<\/span><\/td>\n<td><span style=\"font-weight: 400;\">Vandmelon<\/span><\/td>\n<\/tr>\n<tr>\n<td><span style=\"font-weight: 400;\">Type<\/span><\/td>\n<td><span style=\"font-weight: 400;\">Alt hvid pouch, Tobaksri<\/span><\/td>\n<\/tr>\n<\/tbody>\n<\/table>","protected":false},"excerpt":{"rendered":"<p class=\"sr-only\"><span style=\"font-size: 16px;\">Opfriskende, s\u00f8dt <\/span><strong style=\"font-size: 16px;\" data-start=\"18\" data-end=\"32\">vandmelon<\/strong><span style=\"font-size: 16px;\"> for et rent, tilfredsstillende lift. <\/span><strong style=\"font-size: 16px;\" data-start=\"63\" data-end=\"71\">Slim<\/strong><span style=\"font-size: 16px;\">, tobaksfrie pulvere sidder diskret under l\u00e6ben for bekvem, mobil brug. Autentisk aroma og smag med en afbalanceret styrke, der passer til regelm\u00e6ssige brugere. Hver pude indeholder <\/span><strong style=\"font-size: 16px;\" data-start=\"253\" data-end=\"273\">11,2 mg nikotin<\/strong><span style=\"font-size: 16px;\"> for en st\u00e6rk, behagelig oplevelse.<\/span><\/p>","protected":false},"featured_media":97543,"comment_status":"open","ping_status":"closed","template":"","format":[],"meta":{"_acf_changed":false},"product_brand":[],"product_cat":[64],"product_tag":[16577,17015],"flavours":[],"nicotine":[],"class_list":{"0":"post-97536","1":"product","2":"type-product","3":"status-publish","4":"has-post-thumbnail","6":"product_cat-killa","7":"product_tag-11-2-mg-pouch","8":"product_tag-50-off","9":"pa_quantity-1-pack","10":"pa_quantity-10-pack","11":"pa_quantity-3-pack","12":"pa_quantity-30-pack","13":"pa_quantity-5-pack","14":"pa_quantity-60-pack","16":"first","17":"instock","18":"sale","19":"taxable","20":"shipping-taxable","21":"purchasable","22":"product-type-variable"},"acf":[],"_links":{"self":[{"href":"https:\/\/whitelip.com\/da\/wp-json\/wp\/v2\/product\/97536","targetHints":{"allow":["GET"]}}],"collection":[{"href":"https:\/\/whitelip.com\/da\/wp-json\/wp\/v2\/product"}],"about":[{"href":"https:\/\/whitelip.com\/da\/wp-json\/wp\/v2\/types\/product"}],"replies":[{"embeddable":true,"href":"https:\/\/whitelip.com\/da\/wp-json\/wp\/v2\/comments?post=97536"}],"wp:featuredmedia":[{"embeddable":true,"href":"https:\/\/whitelip.com\/da\/wp-json\/wp\/v2\/media\/97543"}],"wp:attachment":[{"href":"https:\/\/whitelip.com\/da\/wp-json\/wp\/v2\/media?parent=97536"}],"wp:term":[{"taxonomy":"product_brand","embeddable":true,"href":"https:\/\/whitelip.com\/da\/wp-json\/wp\/v2\/product_brand?post=97536"},{"taxonomy":"product_cat","embeddable":true,"href":"https:\/\/whitelip.com\/da\/wp-json\/wp\/v2\/product_cat?post=97536"},{"taxonomy":"product_tag","embeddable":true,"href":"https:\/\/whitelip.com\/da\/wp-json\/wp\/v2\/product_tag?post=97536"},{"taxonomy":"flavours","embeddable":true,"href":"https:\/\/whitelip.com\/da\/wp-json\/wp\/v2\/flavours?post=97536"},{"taxonomy":"format","embeddable":true,"href":"https:\/\/whitelip.com\/da\/wp-json\/wp\/v2\/format?post=97536"},{"taxonomy":"nicotine","embeddable":true,"href":"https:\/\/whitelip.com\/da\/wp-json\/wp\/v2\/nicotine?post=97536"}],"curies":[{"name":"wp","href":"https:\/\/api.w.org\/{rel}","templated":true}]}}