{"id":97514,"date":"2026-05-08T09:31:35","date_gmt":"2026-05-08T09:31:35","guid":{"rendered":"https:\/\/whitelip.com\/?post_type=product&#038;p=97514"},"modified":"2026-05-09T10:11:28","modified_gmt":"2026-05-09T10:11:28","slug":"iceberg-cherry-apricot-gum-extreme-exp-05-06-2026","status":"publish","type":"product","link":"https:\/\/whitelip.com\/da\/iceberg\/iceberg-cherry-apricot-gum-extreme-exp-05-06-2026\/","title":{"rendered":"ICEBERG Cherry Apricot Gum Extreme Exp.05\/06\/2026"},"content":{"rendered":"<h2>ICEBERG Cherry Apricot Gum Extreme Exp.05\/06\/2026<\/h2>\n<p><span style=\"font-weight: 400;\">ICEBERG Cherry Apricot Gum Extreme nikotinposer kombinerer den dristige s\u00f8thed af kirseb\u00e6r med den subtile skarphed af abrikoser, afsluttet med en glat kageligende twist. Denne unikke smagsprofil tilbyder en virkelig fruktosoplevelse kombineret med et intens nikotinkick, hvilket g\u00f8r det perfekt for erfarne brugere. Disse slimme, tobaksfri poser er h\u00e5ndv\u00e6rks til diskret og bekvem brug, hvilket giver en smagfuld og kraftig nikotinmulighed for dem p\u00e5 farten.<\/span><\/p>\n<table>\n<tbody>\n<tr>\n<td><b>Attribute<\/b><\/td>\n<td><b>Detaljer<\/b><\/td>\n<\/tr>\n<tr>\n<td><span style=\"font-weight: 400;\">Indhold pr. D\u00e5se<\/span><\/td>\n<td><span style=\"font-weight: 400;\">12g (20 poser)<\/span><\/td>\n<\/tr>\n<tr>\n<td><span style=\"font-weight: 400;\">Nikotin Indhold<\/span><\/td>\n<td><span style=\"font-weight: 400;\">50 mg\/g (35 mg pr. pose)<\/span><\/td>\n<\/tr>\n<tr>\n<td><span style=\"font-weight: 400;\">Pouch Format<\/span><\/td>\n<td><span style=\"font-weight: 400;\">Slim<\/span><\/td>\n<\/tr>\n<tr>\n<td><span style=\"font-weight: 400;\">Producent<\/span><\/td>\n<td><span style=\"font-weight: 400;\">ICEBERG<\/span><\/td>\n<\/tr>\n<tr>\n<td><span style=\"font-weight: 400;\">Smag<\/span><\/td>\n<td><span style=\"font-weight: 400;\">Cherry Apricot Gum<\/span><\/td>\n<\/tr>\n<tr>\n<td><span style=\"font-weight: 400;\">Type<\/span><\/td>\n<td><span style=\"font-weight: 400;\">Alt hvid pouch, Tobaksri<\/span><\/td>\n<\/tr>\n<\/tbody>\n<\/table>","protected":false},"excerpt":{"rendered":"<p><span style=\"font-weight: 400;\">ICEBERG Cherry Apricot Gum Extreme nikotinposer kombinerer den dristige s\u00f8thed af kirseb\u00e6r med den subtile skarphed af abrikoser, afsluttet med en glat kageligende twist. Denne unikke smagsprofil tilbyder en virkelig fruktosoplevelse kombineret med et intens nikotinkick, hvilket g\u00f8r det perfekt for erfarne brugere. Disse slimme, tobaksfri poser er h\u00e5ndv\u00e6rks til diskret og bekvem brug, hvilket giver en smagfuld og kraftig nikotinmulighed for dem p\u00e5 farten.<\/span><\/p>","protected":false},"featured_media":8043,"comment_status":"open","ping_status":"closed","template":"","format":[],"meta":{"_acf_changed":false},"product_brand":[],"product_cat":[50],"product_tag":[16603,17015],"flavours":[],"nicotine":[],"class_list":{"0":"post-97514","1":"product","2":"type-product","3":"status-publish","4":"has-post-thumbnail","6":"product_cat-iceberg","7":"product_tag-35-mg-pouch","8":"product_tag-50-off","9":"pa_quantity-1-pack","10":"pa_quantity-10-pack","11":"pa_quantity-3-pack","12":"pa_quantity-30-pack","13":"pa_quantity-5-pack","14":"pa_quantity-60-pack","16":"first","17":"instock","18":"sale","19":"taxable","20":"shipping-taxable","21":"purchasable","22":"product-type-variable"},"acf":[],"_links":{"self":[{"href":"https:\/\/whitelip.com\/da\/wp-json\/wp\/v2\/product\/97514","targetHints":{"allow":["GET"]}}],"collection":[{"href":"https:\/\/whitelip.com\/da\/wp-json\/wp\/v2\/product"}],"about":[{"href":"https:\/\/whitelip.com\/da\/wp-json\/wp\/v2\/types\/product"}],"replies":[{"embeddable":true,"href":"https:\/\/whitelip.com\/da\/wp-json\/wp\/v2\/comments?post=97514"}],"wp:featuredmedia":[{"embeddable":true,"href":"https:\/\/whitelip.com\/da\/wp-json\/wp\/v2\/media\/8043"}],"wp:attachment":[{"href":"https:\/\/whitelip.com\/da\/wp-json\/wp\/v2\/media?parent=97514"}],"wp:term":[{"taxonomy":"product_brand","embeddable":true,"href":"https:\/\/whitelip.com\/da\/wp-json\/wp\/v2\/product_brand?post=97514"},{"taxonomy":"product_cat","embeddable":true,"href":"https:\/\/whitelip.com\/da\/wp-json\/wp\/v2\/product_cat?post=97514"},{"taxonomy":"product_tag","embeddable":true,"href":"https:\/\/whitelip.com\/da\/wp-json\/wp\/v2\/product_tag?post=97514"},{"taxonomy":"flavours","embeddable":true,"href":"https:\/\/whitelip.com\/da\/wp-json\/wp\/v2\/flavours?post=97514"},{"taxonomy":"format","embeddable":true,"href":"https:\/\/whitelip.com\/da\/wp-json\/wp\/v2\/format?post=97514"},{"taxonomy":"nicotine","embeddable":true,"href":"https:\/\/whitelip.com\/da\/wp-json\/wp\/v2\/nicotine?post=97514"}],"curies":[{"name":"wp","href":"https:\/\/api.w.org\/{rel}","templated":true}]}}