{"id":9741,"date":"2025-02-12T08:40:11","date_gmt":"2025-02-12T08:40:11","guid":{"rendered":"https:\/\/whitelip.com\/iceberg-bubble-gum-medium\/"},"modified":"2026-05-09T10:11:07","modified_gmt":"2026-05-09T10:11:07","slug":"iceberg-bubble-gum-medium","status":"publish","type":"product","link":"https:\/\/whitelip.com\/da\/iceberg\/iceberg-bubble-gum-medium\/","title":{"rendered":"ICEBERG Bubble Gum Medium"},"content":{"rendered":"<h2><strong>ICEBERG Bubble Gum Medium<\/strong><\/h2>\n<p><span style=\"font-weight: 400;\">ICEBERG Bubble Gum Medium nikotinpouches tilbyder en potent bubble gum smag og nikotinindhold p\u00e5 medium niveau, henvendt til erfarne brugere, der s\u00f8ger en robust oplevelse. Hver slankt formateret pouch indeholder 20 mg nikotin pr. gram, svarende til cirka 12 mg pr. pouch. Pouchene er designet til diskret brug uden at plette t\u00e6nder, hvilket g\u00f8r dem ideelle til at nyde p\u00e5 farten. Produceret af Neoptolem, en polsk producent kendt for at blande samtidsmetoder med traditionel kvalitet, eksemplificerer disse pouches h\u00f8je standarder og innovative smagskombinaioner.<\/span><\/p>\n<table>\n<tbody>\n<tr>\n<td><b>Attribute<\/b><\/td>\n<td><b>Detaljer<\/b><\/td>\n<\/tr>\n<tr>\n<td><b>Indhold pr. d\u00e5se<\/b><\/td>\n<td><span style=\"font-weight: 400;\">12g (20 poser)<\/span><\/td>\n<\/tr>\n<tr>\n<td><b>Nikotinindhold<\/b><\/td>\n<td><span style=\"font-weight: 400;\">20 mg\/g (12 mg pr. pose)<\/span><\/td>\n<\/tr>\n<tr>\n<td><b>Poseformat<\/b><\/td>\n<td><span style=\"font-weight: 400;\">Slim<\/span><\/td>\n<\/tr>\n<tr>\n<td><b>Producent<\/b><\/td>\n<td><span style=\"font-weight: 400;\">Neoptolem<\/span><\/td>\n<\/tr>\n<tr>\n<td><b>Smag<\/b><\/td>\n<td><span style=\"font-weight: 400;\">Tyggegummi<\/span><\/td>\n<\/tr>\n<tr>\n<td><b>Type<\/b><\/td>\n<td><span style=\"font-weight: 400;\">Helt hvid pose<\/span><\/td>\n<\/tr>\n<\/tbody>\n<\/table>","protected":false},"excerpt":{"rendered":"<p>ICEBERG Bubble Gum tilbyder en klassisk <strong data-start=\"36\" data-end=\"50\">tyggegummi<\/strong> smag med en s\u00f8dt, nostalgisk profil. <strong data-start=\"91\" data-end=\"99\">Slim<\/strong> helt hvide poser sidder diskret under l\u00e6ben uden at plette. Hver pose indeholder <strong data-start=\"185\" data-end=\"203\">12 mg nikotin<\/strong>og leverer en afbalanceret, tilfredsstillende kick. Tobaksfri. Produceret af Neoptolem i Polen.<\/p>","protected":false},"featured_media":9742,"comment_status":"open","ping_status":"closed","template":"","format":[206],"meta":{"_acf_changed":false},"product_brand":[],"product_cat":[50],"product_tag":[16561],"flavours":[185],"nicotine":[218,232],"class_list":{"0":"post-9741","1":"product","2":"type-product","3":"status-publish","4":"has-post-thumbnail","6":"product_cat-iceberg","7":"product_tag-12-mg-pouch","8":"pa_quantity-1-pack","9":"pa_quantity-10-pack","10":"pa_quantity-3-pack","11":"pa_quantity-30-pack","12":"pa_quantity-5-pack","13":"pa_quantity-60-pack","14":"flavours-candy","15":"format-slim","16":"nicotine-20-mg-g","17":"nicotine-extra-strong","19":"first","20":"outofstock","21":"taxable","22":"shipping-taxable","23":"purchasable","24":"product-type-variable","25":"has-default-attributes"},"acf":[],"_links":{"self":[{"href":"https:\/\/whitelip.com\/da\/wp-json\/wp\/v2\/product\/9741","targetHints":{"allow":["GET"]}}],"collection":[{"href":"https:\/\/whitelip.com\/da\/wp-json\/wp\/v2\/product"}],"about":[{"href":"https:\/\/whitelip.com\/da\/wp-json\/wp\/v2\/types\/product"}],"replies":[{"embeddable":true,"href":"https:\/\/whitelip.com\/da\/wp-json\/wp\/v2\/comments?post=9741"}],"wp:featuredmedia":[{"embeddable":true,"href":"https:\/\/whitelip.com\/da\/wp-json\/wp\/v2\/media\/9742"}],"wp:attachment":[{"href":"https:\/\/whitelip.com\/da\/wp-json\/wp\/v2\/media?parent=9741"}],"wp:term":[{"taxonomy":"product_brand","embeddable":true,"href":"https:\/\/whitelip.com\/da\/wp-json\/wp\/v2\/product_brand?post=9741"},{"taxonomy":"product_cat","embeddable":true,"href":"https:\/\/whitelip.com\/da\/wp-json\/wp\/v2\/product_cat?post=9741"},{"taxonomy":"product_tag","embeddable":true,"href":"https:\/\/whitelip.com\/da\/wp-json\/wp\/v2\/product_tag?post=9741"},{"taxonomy":"flavours","embeddable":true,"href":"https:\/\/whitelip.com\/da\/wp-json\/wp\/v2\/flavours?post=9741"},{"taxonomy":"format","embeddable":true,"href":"https:\/\/whitelip.com\/da\/wp-json\/wp\/v2\/format?post=9741"},{"taxonomy":"nicotine","embeddable":true,"href":"https:\/\/whitelip.com\/da\/wp-json\/wp\/v2\/nicotine?post=9741"}],"curies":[{"name":"wp","href":"https:\/\/api.w.org\/{rel}","templated":true}]}}