{"id":97174,"date":"2026-05-06T08:05:11","date_gmt":"2026-05-06T08:05:11","guid":{"rendered":"https:\/\/whitelip.com\/?post_type=product&#038;p=97174"},"modified":"2026-05-07T10:11:56","modified_gmt":"2026-05-07T10:11:56","slug":"zyn-apple-mint-3mg-exp-05-15-2026","status":"publish","type":"product","link":"https:\/\/whitelip.com\/da\/zyn\/zyn-apple-mint-3mg-exp-05-15-2026\/","title":{"rendered":"ZYN Apple Mint 3mg Exp.05\/15\/2026"},"content":{"rendered":"<h2>ZYN Apple Mint 3mg Exp.05\/15\/2026<\/h2>\n<p><span style=\"font-weight: 400;\">ZYN Apple Mint 3mg tilbyder en forfriskende blanding af spr\u00f8d gr\u00f8nt \u00e6ble og k\u00f8lig mintsmag, hvilket giver en afbalanceret og inspirerende nikotinoplevelse. Hver mini-st\u00f8rrelse, hvid pose indeholder 3 mg nikotin, hvilket giver en moderat og stabil udl\u00f8sning velegnet for dem, der s\u00f8ger en lettere nikotinmulighed.<\/span><\/p>\n<p><span style=\"font-weight: 400;\">Det mini t\u00f8rre format sikrer en diskret og komfortabel pasform under l\u00e6ben, hvilket tillader renlig, pletfri brug p\u00e5 hvilket som helst tidspunkt. Lavet helt af h\u00f8jkvalitets plantebaserede materialer, ZYN Apple Mint 3mg tilbyder et moderne og behageligt nikotinalternativ med en unik smagsprofil.<\/span><\/p>\n<table>\n<tbody>\n<tr>\n<td><b>Attribute<\/b><\/td>\n<td><b>Detaljer<\/b><\/td>\n<\/tr>\n<tr>\n<td><span style=\"font-weight: 400;\">M\u00e6rke<\/span><\/td>\n<td><span style=\"font-weight: 400;\">ZYN<\/span><\/td>\n<\/tr>\n<tr>\n<td><span style=\"font-weight: 400;\">Produkttype<\/span><\/td>\n<td><span style=\"font-weight: 400;\">Alt hvide nikotinposer<\/span><\/td>\n<\/tr>\n<tr>\n<td><span style=\"font-weight: 400;\">Format<\/span><\/td>\n<td><span style=\"font-weight: 400;\">Mini Dry<\/span><\/td>\n<\/tr>\n<tr>\n<td><span style=\"font-weight: 400;\">Smag<\/span><\/td>\n<td><span style=\"font-weight: 400;\">Gr\u00f8nt \u00e6ble og mynte<\/span><\/td>\n<\/tr>\n<tr>\n<td><span style=\"font-weight: 400;\">Nikotinstyrke<\/span><\/td>\n<td><span style=\"font-weight: 400;\">3 mg pr. pose<\/span><\/td>\n<\/tr>\n<tr>\n<td><span style=\"font-weight: 400;\">Portionsv\u00e6gt<\/span><\/td>\n<td><span style=\"font-weight: 400;\">0,4 gram<\/span><\/td>\n<\/tr>\n<tr>\n<td><span style=\"font-weight: 400;\">Antal portioner<\/span><\/td>\n<td><span style=\"font-weight: 400;\">20 pr. d\u00e5se<\/span><\/td>\n<\/tr>\n<tr>\n<td><span style=\"font-weight: 400;\">Samlet d\u00e5sev\u00e6gt<\/span><\/td>\n<td><span style=\"font-weight: 400;\">8 gram<\/span><\/td>\n<\/tr>\n<tr>\n<td><span style=\"font-weight: 400;\">Producent<\/span><\/td>\n<td><span style=\"font-weight: 400;\">Swedish Match<\/span><\/td>\n<\/tr>\n<tr>\n<td><span style=\"font-weight: 400;\">Bem\u00e6rkelsesv\u00e6rdige funktioner<\/span><\/td>\n<td><span style=\"font-weight: 400;\">Tobaksfri, mini-format, forfriskende \u00e6ble- og mintsmag<\/span><\/td>\n<\/tr>\n<\/tbody>\n<\/table>\n<p>&nbsp;<\/p>","protected":false},"excerpt":{"rendered":"<p>ZYN Apple Mint 3mg Exp.05\/15\/2026<\/p>\n<p>ZYN <strong data-start=\"4\" data-end=\"18\">Apple Mint<\/strong> <strong data-start=\"19\" data-end=\"27\">mini<\/strong> blander spr\u00f8d gr\u00f8nt \u00e6ble med k\u00f8lig mynte for en afbalanceret, forfriskende profil. Hver pose indeholder <strong data-start=\"124\" data-end=\"141\">3 mg nikotin<\/strong> for en let, stabil udl\u00f8sning.<\/p>","protected":false},"featured_media":8034,"comment_status":"open","ping_status":"closed","template":"","format":[],"meta":{"_acf_changed":false},"product_brand":[],"product_cat":[37],"product_tag":[16579,17019],"flavours":[],"nicotine":[],"class_list":{"0":"post-97174","1":"product","2":"type-product","3":"status-publish","4":"has-post-thumbnail","6":"product_cat-zyn","7":"product_tag-3-mg-pouch","8":"product_tag-40-off","9":"pa_quantity-1-pack","10":"pa_quantity-10-pack","11":"pa_quantity-3-pack","12":"pa_quantity-30-pack","13":"pa_quantity-5-pack","14":"pa_quantity-60-pack","16":"first","17":"instock","18":"sale","19":"taxable","20":"shipping-taxable","21":"purchasable","22":"product-type-variable"},"acf":[],"_links":{"self":[{"href":"https:\/\/whitelip.com\/da\/wp-json\/wp\/v2\/product\/97174","targetHints":{"allow":["GET"]}}],"collection":[{"href":"https:\/\/whitelip.com\/da\/wp-json\/wp\/v2\/product"}],"about":[{"href":"https:\/\/whitelip.com\/da\/wp-json\/wp\/v2\/types\/product"}],"replies":[{"embeddable":true,"href":"https:\/\/whitelip.com\/da\/wp-json\/wp\/v2\/comments?post=97174"}],"wp:featuredmedia":[{"embeddable":true,"href":"https:\/\/whitelip.com\/da\/wp-json\/wp\/v2\/media\/8034"}],"wp:attachment":[{"href":"https:\/\/whitelip.com\/da\/wp-json\/wp\/v2\/media?parent=97174"}],"wp:term":[{"taxonomy":"product_brand","embeddable":true,"href":"https:\/\/whitelip.com\/da\/wp-json\/wp\/v2\/product_brand?post=97174"},{"taxonomy":"product_cat","embeddable":true,"href":"https:\/\/whitelip.com\/da\/wp-json\/wp\/v2\/product_cat?post=97174"},{"taxonomy":"product_tag","embeddable":true,"href":"https:\/\/whitelip.com\/da\/wp-json\/wp\/v2\/product_tag?post=97174"},{"taxonomy":"flavours","embeddable":true,"href":"https:\/\/whitelip.com\/da\/wp-json\/wp\/v2\/flavours?post=97174"},{"taxonomy":"format","embeddable":true,"href":"https:\/\/whitelip.com\/da\/wp-json\/wp\/v2\/format?post=97174"},{"taxonomy":"nicotine","embeddable":true,"href":"https:\/\/whitelip.com\/da\/wp-json\/wp\/v2\/nicotine?post=97174"}],"curies":[{"name":"wp","href":"https:\/\/api.w.org\/{rel}","templated":true}]}}