{"id":9716,"date":"2025-02-12T08:40:14","date_gmt":"2025-02-12T08:40:14","guid":{"rendered":"https:\/\/whitelip.com\/iceberg-frosty-mint-extreme\/"},"modified":"2026-04-13T17:32:58","modified_gmt":"2026-04-13T17:32:58","slug":"iceberg-frosty-mint-extreme","status":"publish","type":"product","link":"https:\/\/whitelip.com\/da\/iceberg\/iceberg-frosty-mint-extreme\/","title":{"rendered":"ICEBERG Frosty Mint Extreme"},"content":{"rendered":"<h2><strong>ICEBERG Frosty Mint Extreme<\/strong><\/h2>\n<p><span style=\"font-weight: 400;\">ICEBERG Frosty Mint Extreme nikotinpoucher tilbyder en kraftfuld mintsmag og h\u00f8jt nikotinindhold, der henvender sig til erfarne brugere, der s\u00f8ger en robust oplevelse. Hver slim-format pouch indeholder 50 mg nikotin pr. gram, svarende til cirka 35 mg pr. pouch. Poucherne er designet til diskret brug uden at plette t\u00e6nderne, hvilket g\u00f8r dem ideelle til brug p\u00e5 farten. Produceret af Neoptolem, en polsk producent kendt for at blande samtidsmetoder med traditionel kvalitet, eksemplificerer disse poucher h\u00f8je standarder og innovative smag kombinationer.<\/span><\/p>\n<table>\n<tbody>\n<tr>\n<td><b>Attribute<\/b><\/td>\n<td><b>Detaljer<\/b><\/td>\n<\/tr>\n<tr>\n<td><b>Indhold pr. d\u00e5se<\/b><\/td>\n<td><span style=\"font-weight: 400;\">13g (20 poser)<\/span><\/td>\n<\/tr>\n<tr>\n<td><b>Nikotinindhold<\/b><\/td>\n<td><span style=\"font-weight: 400;\">50 mg\/g (35 mg pr. pose)<\/span><\/td>\n<\/tr>\n<tr>\n<td><b>Poseformat<\/b><\/td>\n<td><span style=\"font-weight: 400;\">Slim<\/span><\/td>\n<\/tr>\n<tr>\n<td><b>Producent<\/b><\/td>\n<td><span style=\"font-weight: 400;\">Neoptolem<\/span><\/td>\n<\/tr>\n<tr>\n<td><b>Smag<\/b><\/td>\n<td><span style=\"font-weight: 400;\">Mint<\/span><\/td>\n<\/tr>\n<tr>\n<td><b>Type<\/b><\/td>\n<td><span style=\"font-weight: 400;\">Helt hvid pose<\/span><\/td>\n<\/tr>\n<\/tbody>\n<\/table>\n<p>\u00a0<\/p>","protected":false},"excerpt":{"rendered":"<p>ICEBERG Frosty Mint tilbyder en kraftfuld <strong data-start=\"36\" data-end=\"51\">frosted mint<\/strong> smag for erfarne brugere. <strong data-start=\"82\" data-end=\"90\">Slim<\/strong> helt hvide poser sidder diskret under l\u00e6ben uden at plette. Hver pose indeholder <strong data-start=\"176\" data-end=\"194\">35 mg nikotin<\/strong>, hvilket giver et robust slag. Tobaksfrit. Produceret af Neoptolem i Polen.<\/p>","protected":false},"featured_media":9717,"comment_status":"open","ping_status":"closed","template":"","format":[206],"meta":{"_acf_changed":false},"product_brand":[],"product_cat":[50],"product_tag":[16603],"flavours":[199],"nicotine":[226,233],"class_list":{"0":"post-9716","1":"product","2":"type-product","3":"status-publish","4":"has-post-thumbnail","6":"product_cat-iceberg","7":"product_tag-35-mg-pouch","8":"pa_quantity-1-pack","9":"pa_quantity-10-pack","10":"pa_quantity-3-pack","11":"pa_quantity-30-pack","12":"pa_quantity-5-pack","13":"pa_quantity-60-pack","14":"flavours-mint","15":"format-slim","16":"nicotine-50-mg-g","17":"nicotine-extreme","19":"first","20":"instock","21":"taxable","22":"shipping-taxable","23":"purchasable","24":"product-type-variable","25":"has-default-attributes"},"acf":[],"_links":{"self":[{"href":"https:\/\/whitelip.com\/da\/wp-json\/wp\/v2\/product\/9716","targetHints":{"allow":["GET"]}}],"collection":[{"href":"https:\/\/whitelip.com\/da\/wp-json\/wp\/v2\/product"}],"about":[{"href":"https:\/\/whitelip.com\/da\/wp-json\/wp\/v2\/types\/product"}],"replies":[{"embeddable":true,"href":"https:\/\/whitelip.com\/da\/wp-json\/wp\/v2\/comments?post=9716"}],"wp:featuredmedia":[{"embeddable":true,"href":"https:\/\/whitelip.com\/da\/wp-json\/wp\/v2\/media\/9717"}],"wp:attachment":[{"href":"https:\/\/whitelip.com\/da\/wp-json\/wp\/v2\/media?parent=9716"}],"wp:term":[{"taxonomy":"product_brand","embeddable":true,"href":"https:\/\/whitelip.com\/da\/wp-json\/wp\/v2\/product_brand?post=9716"},{"taxonomy":"product_cat","embeddable":true,"href":"https:\/\/whitelip.com\/da\/wp-json\/wp\/v2\/product_cat?post=9716"},{"taxonomy":"product_tag","embeddable":true,"href":"https:\/\/whitelip.com\/da\/wp-json\/wp\/v2\/product_tag?post=9716"},{"taxonomy":"flavours","embeddable":true,"href":"https:\/\/whitelip.com\/da\/wp-json\/wp\/v2\/flavours?post=9716"},{"taxonomy":"format","embeddable":true,"href":"https:\/\/whitelip.com\/da\/wp-json\/wp\/v2\/format?post=9716"},{"taxonomy":"nicotine","embeddable":true,"href":"https:\/\/whitelip.com\/da\/wp-json\/wp\/v2\/nicotine?post=9716"}],"curies":[{"name":"wp","href":"https:\/\/api.w.org\/{rel}","templated":true}]}}