{"id":9666,"date":"2025-02-12T08:40:22","date_gmt":"2025-02-12T08:40:22","guid":{"rendered":"https:\/\/whitelip.com\/iceberg-capsule-lime-soda\/"},"modified":"2026-04-16T11:00:37","modified_gmt":"2026-04-16T11:00:37","slug":"iceberg-capsule-lime-soda","status":"publish","type":"product","link":"https:\/\/whitelip.com\/da\/iceberg\/iceberg-capsule-lime-soda\/","title":{"rendered":"ICEBERG Capsule Lime Soda"},"content":{"rendered":"<h2><strong>ICEBERG Capsule Lime Soda<\/strong><\/h2>\n<p><span style=\"font-weight: 400;\">ICEBERG Capsule Lime Soda nikotinpouches tilbyder en opfriskende blanding af lime soda. Hver slankt formateret pouch indeholder 50 mg nikotin pr. gram, svarende til cirka 30 mg pr. pouch, og leverer en potent oplevelse egnet til rutinerede brugere. Hver pouch har en klikbar kapsel, der giver dig mulighed for at forbedre lime-smagen med et k\u00f8ligt mintburst, hvilket skaber en velubalanceret, opfriskende profil. Pouchene er designet til diskret brug uden at plette t\u00e6nder, hvilket g\u00f8r dem ideelle til at nyde p\u00e5 farten. Produceret af Neoptolem, en polsk producent kendt for at blande samtidsmetoder med traditionel kvalitet, eksemplificerer disse pouches h\u00f8je standarder og innovative smagskombinaioner.<\/span><\/p>\n<table>\n<tbody>\n<tr>\n<td><b>Attribute<\/b><\/td>\n<td><b>Detaljer<\/b><\/td>\n<\/tr>\n<tr>\n<td><b>Indhold pr. d\u00e5se<\/b><\/td>\n<td><span style=\"font-weight: 400;\">12g (20 poser)<\/span><\/td>\n<\/tr>\n<tr>\n<td><b>Nikotinindhold<\/b><\/td>\n<td><span style=\"font-weight: 400;\">50 mg\/g (30 mg pr. pouch)<\/span><\/td>\n<\/tr>\n<tr>\n<td><b>Poseformat<\/b><\/td>\n<td><span style=\"font-weight: 400;\">Slim<\/span><\/td>\n<\/tr>\n<tr>\n<td><b>Producent<\/b><\/td>\n<td><span style=\"font-weight: 400;\">Neoptolem<\/span><\/td>\n<\/tr>\n<tr>\n<td><b>Smag<\/b><\/td>\n<td><span style=\"font-weight: 400;\">Lime og mint<\/span><\/td>\n<\/tr>\n<tr>\n<td><b>Type<\/b><\/td>\n<td><span style=\"font-weight: 400;\">Helt hvid pose<\/span><\/td>\n<\/tr>\n<\/tbody>\n<\/table>\n<p>\u00a0<\/p>","protected":false},"excerpt":{"rendered":"<p>ICEBERG Capsule Lime Soda tilbyder en opfriskende <strong data-start=\"44\" data-end=\"57\">lime soda<\/strong> med en klikbar kapsel, der frigiver for at give en ekstra k\u00f8lig mintburst. <strong data-start=\"120\" data-end=\"128\">Slim<\/strong> helt hvide poser sidder diskret under l\u00e6ben uden at plette. Hver pose indeholder <strong data-start=\"214\" data-end=\"232\">30 mg nikotin<\/strong>, hvilket giver et potent, velubalanceret slag. Tobaksfrit. Produceret af Neoptolem i Polen.<\/p>","protected":false},"featured_media":9667,"comment_status":"open","ping_status":"closed","template":"","format":[206],"meta":{"_acf_changed":false},"product_brand":[],"product_cat":[50],"product_tag":[16605],"flavours":[190,199],"nicotine":[226,233],"class_list":{"0":"post-9666","1":"product","2":"type-product","3":"status-publish","4":"has-post-thumbnail","6":"product_cat-iceberg","7":"product_tag-30-mg-pouch","8":"pa_quantity-1-pack","9":"pa_quantity-10-pack","10":"pa_quantity-3-pack","11":"pa_quantity-30-pack","12":"pa_quantity-5-pack","13":"pa_quantity-60-pack","14":"flavours-citrus","15":"flavours-mint","16":"format-slim","17":"nicotine-50-mg-g","18":"nicotine-extreme","20":"first","21":"instock","22":"taxable","23":"shipping-taxable","24":"purchasable","25":"product-type-variable","26":"has-default-attributes"},"acf":[],"_links":{"self":[{"href":"https:\/\/whitelip.com\/da\/wp-json\/wp\/v2\/product\/9666","targetHints":{"allow":["GET"]}}],"collection":[{"href":"https:\/\/whitelip.com\/da\/wp-json\/wp\/v2\/product"}],"about":[{"href":"https:\/\/whitelip.com\/da\/wp-json\/wp\/v2\/types\/product"}],"replies":[{"embeddable":true,"href":"https:\/\/whitelip.com\/da\/wp-json\/wp\/v2\/comments?post=9666"}],"wp:featuredmedia":[{"embeddable":true,"href":"https:\/\/whitelip.com\/da\/wp-json\/wp\/v2\/media\/9667"}],"wp:attachment":[{"href":"https:\/\/whitelip.com\/da\/wp-json\/wp\/v2\/media?parent=9666"}],"wp:term":[{"taxonomy":"product_brand","embeddable":true,"href":"https:\/\/whitelip.com\/da\/wp-json\/wp\/v2\/product_brand?post=9666"},{"taxonomy":"product_cat","embeddable":true,"href":"https:\/\/whitelip.com\/da\/wp-json\/wp\/v2\/product_cat?post=9666"},{"taxonomy":"product_tag","embeddable":true,"href":"https:\/\/whitelip.com\/da\/wp-json\/wp\/v2\/product_tag?post=9666"},{"taxonomy":"flavours","embeddable":true,"href":"https:\/\/whitelip.com\/da\/wp-json\/wp\/v2\/flavours?post=9666"},{"taxonomy":"format","embeddable":true,"href":"https:\/\/whitelip.com\/da\/wp-json\/wp\/v2\/format?post=9666"},{"taxonomy":"nicotine","embeddable":true,"href":"https:\/\/whitelip.com\/da\/wp-json\/wp\/v2\/nicotine?post=9666"}],"curies":[{"name":"wp","href":"https:\/\/api.w.org\/{rel}","templated":true}]}}