{"id":9638,"date":"2025-01-31T10:04:39","date_gmt":"2025-01-31T10:04:39","guid":{"rendered":"https:\/\/whitelip.com\/loop-smooth-mint-hyper-strong\/"},"modified":"2026-04-16T12:53:07","modified_gmt":"2026-04-16T12:53:07","slug":"loop-smooth-mint-hyper-strong","status":"publish","type":"product","link":"https:\/\/whitelip.com\/da\/loop\/loop-smooth-mint-hyper-strong\/","title":{"rendered":"LOOP Smooth Mint Hyper Strong"},"content":{"rendered":"<h2><strong>LOOP Smooth Mint Hyper Strong<\/strong><\/h2>\n<p>LOOP Smooth Mint Hyper Strong leverer en ekstra h\u00f8j m\u00e6ngde nikotin sammen med en frisk mintsmag med s\u00f8de elementer. Pouchene kommer i et slankt format med en nikotinstyrke p\u00e5 25 mg\/g.<\/p>\n<ul>\n<li>Smag: Mint<\/li>\n<li>Format: Slankt<\/li>\n<li>Nikotin: 25 mg\/g<\/li>\n<li>Pouches: 22 stk<\/li>\n<li>V\u00e6gt: 13,8 g<\/li>\n<li>Brand: <a href=\"https:\/\/whitelip.se\/en\/loop\" target=\"_blank\" rel=\"noopener\">LOOP<\/a><\/li>\n<li>Producent: <a href=\"https:\/\/anothersnusfactory.com\/about\/\" target=\"_blank\" rel=\"noopener\">LOOP<\/a><\/li>\n<\/ul>\n<p><em><strong>Om m\u00e6rket: LOOP<\/strong><\/em><\/p>\n<p>Oplev komforten og variationen af LOOP nikotinposer &#8211; en serie, der kombinerer h\u00f8j kvalitet med en bred vifte af sp\u00e6ndende smagsvarianter og nikotinstyrker. Med sit diskret og komfortabelt design tilbyder LOOP en stilfuld l\u00f8sning til at tilfredsstille nikotinbehov. Udforsk vores store udvalg af LOOP nikotinposer og find din favoritsmagsvariant til en behagelig og diskret nikotinoplevelse n\u00e5r som helst.<\/p>\n<p><em><strong>Om Whitelip.se:\u00a0<\/strong><\/em><\/p>\n<p><span data-contrast=\"auto\">Velkommen til Whitelip.se, dit ultimative destination for nikotinposer af h\u00f8j kvalitet. Udforsk vores omfattende produktudvalg designet til at im\u00f8dekomme dine nikotinbehov, med levering til USA og Europa alt sammen bekvemt tilg\u00e6ngeligt med gratis forsendelse ved kassen. H\u00e6v din tilfredsstillelse med hvert k\u00f8b, da vi bringer dig topklasse m\u00e6rker og problemfri levering til din d\u00f8r. Oplev den ultimative bekvemmelighed og pr\u00e6miumkvalitet udelukkende p\u00e5 Whitelip.se. Shop nu og nyd forn\u00f8jelsen af pr\u00e6mium hvide nikotinposer.<\/span><\/p>","protected":false},"excerpt":{"rendered":"<p>Ekstra-h\u00f8j <strong data-start=\"11\" data-end=\"26\">smooth mint<\/strong> med friske, s\u00f8de noter. <strong data-start=\"52\" data-end=\"60\">Slim<\/strong>, tobaksfri pouches passer diskret under l\u00e6ben til rent og bekvemt brug. Nikotinstyrke <strong data-start=\"157\" data-end=\"168\">25 mg\/g<\/strong> for en hyper-st\u00e6rk oplevelse.<\/p>","protected":false},"featured_media":9639,"comment_status":"open","ping_status":"closed","template":"","format":[206],"meta":{"_acf_changed":false},"product_brand":[],"product_cat":[32],"product_tag":[17005],"flavours":[199],"nicotine":[232,219],"class_list":{"0":"post-9638","1":"product","2":"type-product","3":"status-publish","4":"has-post-thumbnail","6":"product_cat-loop","7":"product_tag-15-6-mg-pouch","8":"pa_quantity-1-pack","9":"pa_quantity-10-pack","10":"pa_quantity-3-pack","11":"pa_quantity-30-pack","12":"pa_quantity-5-pack","13":"pa_quantity-60-pack","14":"flavours-mint","15":"format-slim","16":"nicotine-extra-strong","17":"nicotine-25-mg-g","19":"first","20":"instock","21":"taxable","22":"shipping-taxable","23":"purchasable","24":"product-type-variable","25":"has-default-attributes"},"acf":[],"_links":{"self":[{"href":"https:\/\/whitelip.com\/da\/wp-json\/wp\/v2\/product\/9638","targetHints":{"allow":["GET"]}}],"collection":[{"href":"https:\/\/whitelip.com\/da\/wp-json\/wp\/v2\/product"}],"about":[{"href":"https:\/\/whitelip.com\/da\/wp-json\/wp\/v2\/types\/product"}],"replies":[{"embeddable":true,"href":"https:\/\/whitelip.com\/da\/wp-json\/wp\/v2\/comments?post=9638"}],"wp:featuredmedia":[{"embeddable":true,"href":"https:\/\/whitelip.com\/da\/wp-json\/wp\/v2\/media\/9639"}],"wp:attachment":[{"href":"https:\/\/whitelip.com\/da\/wp-json\/wp\/v2\/media?parent=9638"}],"wp:term":[{"taxonomy":"product_brand","embeddable":true,"href":"https:\/\/whitelip.com\/da\/wp-json\/wp\/v2\/product_brand?post=9638"},{"taxonomy":"product_cat","embeddable":true,"href":"https:\/\/whitelip.com\/da\/wp-json\/wp\/v2\/product_cat?post=9638"},{"taxonomy":"product_tag","embeddable":true,"href":"https:\/\/whitelip.com\/da\/wp-json\/wp\/v2\/product_tag?post=9638"},{"taxonomy":"flavours","embeddable":true,"href":"https:\/\/whitelip.com\/da\/wp-json\/wp\/v2\/flavours?post=9638"},{"taxonomy":"format","embeddable":true,"href":"https:\/\/whitelip.com\/da\/wp-json\/wp\/v2\/format?post=9638"},{"taxonomy":"nicotine","embeddable":true,"href":"https:\/\/whitelip.com\/da\/wp-json\/wp\/v2\/nicotine?post=9638"}],"curies":[{"name":"wp","href":"https:\/\/api.w.org\/{rel}","templated":true}]}}