{"id":9570,"date":"2025-01-28T11:45:06","date_gmt":"2025-01-28T11:45:06","guid":{"rendered":"https:\/\/whitelip.com\/helwit-wintermint\/"},"modified":"2026-05-06T10:11:17","modified_gmt":"2026-05-06T10:11:17","slug":"helwit-wintermint","status":"publish","type":"product","link":"https:\/\/whitelip.com\/da\/helwit\/helwit-wintermint\/","title":{"rendered":"HELWIT Vintermynte"},"content":{"rendered":"<h2><strong>HELWIT Vintermynte<\/strong><\/h2>\n<p><span style=\"font-weight: 400;\">HELWIT Wintermint nikotinposer tilbyder en dejlig blanding af s\u00f8d og frisk mintsmag. Hver slim-format pose indeholder 9 mg nikotin pr. gram, hvilket giver en afbalanceret oplevelse, der er velegnet til regelm\u00e6ssige brugere. Poserne er designet til diskret brug uden at plette t\u00e6nderne, hvilket g\u00f8r dem ideelle til nydelse p\u00e5 farten. Produceret af YOIK AB, en svensk producent kendt for at blande samtidsmetoder med traditionel kvalitet, eksemplificerer disse poser h\u00f8je standarder og innovative smagudblandinger.<\/span><\/p>\n<table>\n<tbody>\n<tr>\n<td><b>Attribute<\/b><\/td>\n<td><b>Detaljer<\/b><\/td>\n<\/tr>\n<tr>\n<td><b>Indhold pr. d\u00e5se<\/b><\/td>\n<td><span style=\"font-weight: 400;\">10g (20 poser)<\/span><\/td>\n<\/tr>\n<tr>\n<td><b>Nikotinindhold<\/b><\/td>\n<td><span style=\"font-weight: 400;\">9 mg\/g (4,5 mg pr. pose)<\/span><\/td>\n<\/tr>\n<tr>\n<td><b>Poseformat<\/b><\/td>\n<td><span style=\"font-weight: 400;\">Slim<\/span><\/td>\n<\/tr>\n<tr>\n<td><b>Producent<\/b><\/td>\n<td><span style=\"font-weight: 400;\">YOIK AB<\/span><\/td>\n<\/tr>\n<tr>\n<td><b>Smag<\/b><\/td>\n<td><span style=\"font-weight: 400;\">Mint<\/span><\/td>\n<\/tr>\n<tr>\n<td><b>Type<\/b><\/td>\n<td><span style=\"font-weight: 400;\">Helt hvid pose<\/span><\/td>\n<\/tr>\n<\/tbody>\n<\/table>","protected":false},"excerpt":{"rendered":"<p>S\u00f8d, frisk <strong data-start=\"13\" data-end=\"27\">vintermynte<\/strong> for en k\u00f8lig, afbalanceret smag. <strong data-start=\"56\" data-end=\"64\">Slim<\/strong>, helt hvide, tobaksofrie poser sidder diskret under l\u00e6ben og vil ikke plette t\u00e6nder. Hver pose indeholder <strong data-start=\"170\" data-end=\"189\">9 mg\/g nikotin<\/strong>, der leverer en afbalanceret, stabil frigivelse.<\/p>","protected":false},"featured_media":9571,"comment_status":"open","ping_status":"closed","template":"","format":[206],"meta":{"_acf_changed":false},"product_brand":[],"product_cat":[52],"product_tag":[16595],"flavours":[199],"nicotine":[231,236],"class_list":{"0":"post-9570","1":"product","2":"type-product","3":"status-publish","4":"has-post-thumbnail","6":"product_cat-helwit","7":"product_tag-4-5-mg-pouch","8":"pa_quantity-1-pack","9":"pa_quantity-10-pack","10":"pa_quantity-3-pack","11":"pa_quantity-30-pack","12":"pa_quantity-5-pack","13":"pa_quantity-60-pack","14":"flavours-mint","15":"format-slim","16":"nicotine-9-mg-g","17":"nicotine-strong","19":"first","20":"outofstock","21":"taxable","22":"shipping-taxable","23":"purchasable","24":"product-type-variable","25":"has-default-attributes"},"acf":[],"_links":{"self":[{"href":"https:\/\/whitelip.com\/da\/wp-json\/wp\/v2\/product\/9570","targetHints":{"allow":["GET"]}}],"collection":[{"href":"https:\/\/whitelip.com\/da\/wp-json\/wp\/v2\/product"}],"about":[{"href":"https:\/\/whitelip.com\/da\/wp-json\/wp\/v2\/types\/product"}],"replies":[{"embeddable":true,"href":"https:\/\/whitelip.com\/da\/wp-json\/wp\/v2\/comments?post=9570"}],"wp:featuredmedia":[{"embeddable":true,"href":"https:\/\/whitelip.com\/da\/wp-json\/wp\/v2\/media\/9571"}],"wp:attachment":[{"href":"https:\/\/whitelip.com\/da\/wp-json\/wp\/v2\/media?parent=9570"}],"wp:term":[{"taxonomy":"product_brand","embeddable":true,"href":"https:\/\/whitelip.com\/da\/wp-json\/wp\/v2\/product_brand?post=9570"},{"taxonomy":"product_cat","embeddable":true,"href":"https:\/\/whitelip.com\/da\/wp-json\/wp\/v2\/product_cat?post=9570"},{"taxonomy":"product_tag","embeddable":true,"href":"https:\/\/whitelip.com\/da\/wp-json\/wp\/v2\/product_tag?post=9570"},{"taxonomy":"flavours","embeddable":true,"href":"https:\/\/whitelip.com\/da\/wp-json\/wp\/v2\/flavours?post=9570"},{"taxonomy":"format","embeddable":true,"href":"https:\/\/whitelip.com\/da\/wp-json\/wp\/v2\/format?post=9570"},{"taxonomy":"nicotine","embeddable":true,"href":"https:\/\/whitelip.com\/da\/wp-json\/wp\/v2\/nicotine?post=9570"}],"curies":[{"name":"wp","href":"https:\/\/api.w.org\/{rel}","templated":true}]}}