{"id":95378,"date":"2026-04-20T09:08:02","date_gmt":"2026-04-20T09:08:02","guid":{"rendered":"https:\/\/whitelip.com\/?post_type=product&#038;p=95378"},"modified":"2026-04-20T10:11:20","modified_gmt":"2026-04-20T10:11:20","slug":"zyn-guava-spice-11mg-exp-05-07-2026","status":"publish","type":"product","link":"https:\/\/whitelip.com\/da\/zyn\/zyn-guava-spice-11mg-exp-05-07-2026\/","title":{"rendered":"ZYN Guava Spice 11mg Exp.05\/07\/2026"},"content":{"rendered":"<h2>ZYN Guava Spice 11mg Exp.05\/07\/2026<\/h2>\n<p><span style=\"font-weight: 400;\">ZYN Guava Spice 11mg leverer en <\/span><b>krydret og opfriskende guavesmag<\/b><span style=\"font-weight: 400;\">, forbedret af en st\u00e6rk <\/span><b>varmep\u00e5virkning<\/b><span style=\"font-weight: 400;\">, hvilket giver en inspirerende nikotinoplevelse. Den rene, krydrede profil tilbyder en glat og opfriskende fornemmelse, perfekt for dem, der nyder en ren, krydret smag. Hver slim, helt hvid pose indeholder <\/span><b>11 mg nikotin<\/b><span style=\"font-weight: 400;\">, hvilket giver en st\u00e6rk og j\u00e6vn frigivelse egnet til brugere, der s\u00f8ger en mere intens nikotinoplevelse.<\/span><\/p>\n<p><span style=\"font-weight: 400;\">Det slanke format sikrer en diskret og komfortabel pasform under l\u00e6ben, hvilket muligg\u00f8r ren, pletfri brug hvor som helst, n\u00e5r som helst. Fremstillet helt tobaksfrit og lavet af h\u00f8jtqualitets plantebaserede materialer, ZYN Guava Spice 11mg giver et moderne og tilfredsstillende nikotinalternativ med en dristig, opfriskende krydret guavafornemmelse.<\/span><\/p>\n<table>\n<tbody>\n<tr>\n<td><b>Attribute<\/b><\/td>\n<td><b>Detaljer<\/b><\/td>\n<\/tr>\n<tr>\n<td><b>M\u00e6rke<\/b><\/td>\n<td><span style=\"font-weight: 400;\">ZYN<\/span><\/td>\n<\/tr>\n<tr>\n<td><b>Produkttype<\/b><\/td>\n<td><span style=\"font-weight: 400;\">Alt hvide nikotinposer<\/span><\/td>\n<\/tr>\n<tr>\n<td><b>Format<\/b><\/td>\n<td><span style=\"font-weight: 400;\">Slim<\/span><\/td>\n<\/tr>\n<tr>\n<td><b>Smag<\/b><\/td>\n<td><span style=\"font-weight: 400;\">Guava<\/span><\/td>\n<\/tr>\n<tr>\n<td><b>Nikotinstyrke<\/b><\/td>\n<td><span style=\"font-weight: 400;\">11 mg pr. pude<\/span><\/td>\n<\/tr>\n<tr>\n<td><b>Portionsv\u00e6gt<\/b><\/td>\n<td><span style=\"font-weight: 400;\">0,7 gram<\/span><\/td>\n<\/tr>\n<tr>\n<td><b>Antal portioner<\/b><\/td>\n<td><span style=\"font-weight: 400;\">21 pr. boks<\/span><\/td>\n<\/tr>\n<tr>\n<td><b>Samlet d\u00e5sev\u00e6gt<\/b><\/td>\n<td><span style=\"font-weight: 400;\">14,7 gram<\/span><\/td>\n<\/tr>\n<tr>\n<td><b>Producent<\/b><\/td>\n<td><span style=\"font-weight: 400;\">Swedish Match<\/span><\/td>\n<\/tr>\n<tr>\n<td><b>Bem\u00e6rkelsesv\u00e6rdige funktioner<\/b><\/td>\n<td><span style=\"font-weight: 400;\">Tobaksfri, slankt format, st\u00e6rk mintsmag med en k\u00f8ling effekt<\/span><\/td>\n<\/tr>\n<\/tbody>\n<\/table>","protected":false},"excerpt":{"rendered":"<p>ZYN <strong data-start=\"4\" data-end=\"19\">Guava Spice<\/strong> <strong data-start=\"20\" data-end=\"28\">slim<\/strong> leverer krydret, opfriskende guava med en st\u00e6rk varmep\u00e5virkning for en ren, inspirerende profil. Hver pose indeholder <strong data-start=\"146\" data-end=\"164\">11 mg nikotin<\/strong> for en st\u00e6rk, stabil frigivelse.<\/p>","protected":false},"featured_media":29223,"comment_status":"open","ping_status":"closed","template":"","format":[],"meta":{"_acf_changed":false},"product_brand":[],"product_cat":[37],"product_tag":[16551,16519],"flavours":[],"nicotine":[],"class_list":{"0":"post-95378","1":"product","2":"type-product","3":"status-publish","4":"has-post-thumbnail","6":"product_cat-zyn","7":"product_tag-11-mg-pouch","8":"product_tag-25-off","9":"pa_quantity-1-pack","10":"pa_quantity-10-pack","11":"pa_quantity-3-pack","12":"pa_quantity-30-pack","13":"pa_quantity-5-pack","14":"pa_quantity-60-pack","16":"first","17":"instock","18":"sale","19":"purchasable","20":"product-type-variable"},"acf":[],"_links":{"self":[{"href":"https:\/\/whitelip.com\/da\/wp-json\/wp\/v2\/product\/95378","targetHints":{"allow":["GET"]}}],"collection":[{"href":"https:\/\/whitelip.com\/da\/wp-json\/wp\/v2\/product"}],"about":[{"href":"https:\/\/whitelip.com\/da\/wp-json\/wp\/v2\/types\/product"}],"replies":[{"embeddable":true,"href":"https:\/\/whitelip.com\/da\/wp-json\/wp\/v2\/comments?post=95378"}],"wp:featuredmedia":[{"embeddable":true,"href":"https:\/\/whitelip.com\/da\/wp-json\/wp\/v2\/media\/29223"}],"wp:attachment":[{"href":"https:\/\/whitelip.com\/da\/wp-json\/wp\/v2\/media?parent=95378"}],"wp:term":[{"taxonomy":"product_brand","embeddable":true,"href":"https:\/\/whitelip.com\/da\/wp-json\/wp\/v2\/product_brand?post=95378"},{"taxonomy":"product_cat","embeddable":true,"href":"https:\/\/whitelip.com\/da\/wp-json\/wp\/v2\/product_cat?post=95378"},{"taxonomy":"product_tag","embeddable":true,"href":"https:\/\/whitelip.com\/da\/wp-json\/wp\/v2\/product_tag?post=95378"},{"taxonomy":"flavours","embeddable":true,"href":"https:\/\/whitelip.com\/da\/wp-json\/wp\/v2\/flavours?post=95378"},{"taxonomy":"format","embeddable":true,"href":"https:\/\/whitelip.com\/da\/wp-json\/wp\/v2\/format?post=95378"},{"taxonomy":"nicotine","embeddable":true,"href":"https:\/\/whitelip.com\/da\/wp-json\/wp\/v2\/nicotine?post=95378"}],"curies":[{"name":"wp","href":"https:\/\/api.w.org\/{rel}","templated":true}]}}