{"id":9530,"date":"2025-01-07T09:53:27","date_gmt":"2025-01-07T09:53:27","guid":{"rendered":"https:\/\/whitelip.com\/zyn-cool-watermelon-6mg\/"},"modified":"2026-05-06T10:11:16","modified_gmt":"2026-05-06T10:11:16","slug":"zyn-cool-watermelon-6mg","status":"publish","type":"product","link":"https:\/\/whitelip.com\/da\/zyn\/zyn-cool-watermelon-6mg\/","title":{"rendered":"ZYN Cool Watermelon 6mg"},"content":{"rendered":"<h2><b>ZYN Cool Watermelon 6mg<\/b><\/h2>\n<p><span style=\"font-weight: 400;\">ZYN Cool Watermelon 6mg tilbyder en <\/span><b>opfriskende og saftig vandmelonsksmag<\/b><span style=\"font-weight: 400;\">, suppleret af en <\/span><b>k\u00f8lig mintslutning<\/b><span style=\"font-weight: 400;\">. Den s\u00f8de, frugtig smag af moden vandmelon balanceres perfekt med en spr\u00f8d, menthol-lignende kulde, hvilket skaber en opfriskende og tilfredsstillende oplevelse. Hver slanke, helt hvid pose indeholder <\/span><b>6 mg nikotin<\/b><span style=\"font-weight: 400;\">og leverer en st\u00e6rk og stabil frigivelse for brugere, der s\u00f8ger et mere intenst nikotinkick.<\/span><\/p>\n<p><span style=\"font-weight: 400;\">Det slanke format sikrer en diskret og komfortabel pasform under l\u00e6ben og giver en ren, pletfri mulighed for nikotinnydelse. Fremstillet helt tobaksfri og lavet med h\u00f8rkvalitets plantestof, ZYN Cool Watermelon 6mg tilbyder et moderne, smagfuldt alternativ for dem, der s\u00f8ger b\u00e5de frugtagtighed og en k\u00f8leeffekt i deres nikotinposer.<\/span><\/p>\n<table>\n<tbody>\n<tr>\n<td><b>Attribute<\/b><\/td>\n<td><b>Detaljer<\/b><\/td>\n<\/tr>\n<tr>\n<td><b>M\u00e6rke<\/b><\/td>\n<td><span style=\"font-weight: 400;\">ZYN<\/span><\/td>\n<\/tr>\n<tr>\n<td><b>Produkttype<\/b><\/td>\n<td><span style=\"font-weight: 400;\">Alt hvide nikotinposer<\/span><\/td>\n<\/tr>\n<tr>\n<td><b>Format<\/b><\/td>\n<td><span style=\"font-weight: 400;\">Slim<\/span><\/td>\n<\/tr>\n<tr>\n<td><b>Smag<\/b><\/td>\n<td><span style=\"font-weight: 400;\">Vandmelon og k\u00f8ling<\/span><\/td>\n<\/tr>\n<tr>\n<td><b>Nikotinstyrke<\/b><\/td>\n<td><span style=\"font-weight: 400;\">6 mg pr. pouse<\/span><\/td>\n<\/tr>\n<tr>\n<td><b>Portionsv\u00e6gt<\/b><\/td>\n<td><span style=\"font-weight: 400;\">0,7 gram<\/span><\/td>\n<\/tr>\n<tr>\n<td><b>Antal portioner<\/b><\/td>\n<td><span style=\"font-weight: 400;\">21 pr. boks<\/span><\/td>\n<\/tr>\n<tr>\n<td><b>Samlet d\u00e5sev\u00e6gt<\/b><\/td>\n<td><span style=\"font-weight: 400;\">14,7 gram<\/span><\/td>\n<\/tr>\n<tr>\n<td><b>Producent<\/b><\/td>\n<td><span style=\"font-weight: 400;\">Swedish Match<\/span><\/td>\n<\/tr>\n<tr>\n<td><b>Bem\u00e6rkelsesv\u00e6rdige funktioner<\/b><\/td>\n<td><span style=\"font-weight: 400;\">Tobaksfi, slankt format, s\u00f8de vandmelon med en k\u00f8leeffekt<\/span><\/td>\n<\/tr>\n<\/tbody>\n<\/table>","protected":false},"excerpt":{"rendered":"<p>ZYN <strong data-start=\"4\" data-end=\"23\">Cool Watermelon<\/strong> <strong data-start=\"24\" data-end=\"32\">slim<\/strong> blander saftig vandmelon med en spr\u00f8d k\u00f8lig mintslutning for en opfriskende, tilfredsstillende profil. Hver pose indeholder <strong data-start=\"148\" data-end=\"165\">6 mg nikotin<\/strong> for en st\u00e6rk, stabil frigivelse.<\/p>","protected":false},"featured_media":9531,"comment_status":"open","ping_status":"closed","template":"","format":[206],"meta":{"_acf_changed":false},"product_brand":[],"product_cat":[37],"product_tag":[16445,16559],"flavours":[196],"nicotine":[213,232],"class_list":{"0":"post-9530","1":"product","2":"type-product","3":"status-publish","4":"has-post-thumbnail","6":"product_cat-zyn","7":"product_tag-20-off","8":"product_tag-6-mg-pouch","9":"pa_quantity-1-pack","10":"pa_quantity-10-pack","11":"pa_quantity-3-pack","12":"pa_quantity-30-pack","13":"pa_quantity-5-pack","14":"pa_quantity-60-pack","15":"flavours-fruits-berries","16":"format-slim","17":"nicotine-16-mg-g","18":"nicotine-extra-strong","20":"first","21":"outofstock","22":"sale","23":"taxable","24":"shipping-taxable","25":"purchasable","26":"product-type-variable"},"acf":[],"_links":{"self":[{"href":"https:\/\/whitelip.com\/da\/wp-json\/wp\/v2\/product\/9530","targetHints":{"allow":["GET"]}}],"collection":[{"href":"https:\/\/whitelip.com\/da\/wp-json\/wp\/v2\/product"}],"about":[{"href":"https:\/\/whitelip.com\/da\/wp-json\/wp\/v2\/types\/product"}],"replies":[{"embeddable":true,"href":"https:\/\/whitelip.com\/da\/wp-json\/wp\/v2\/comments?post=9530"}],"wp:featuredmedia":[{"embeddable":true,"href":"https:\/\/whitelip.com\/da\/wp-json\/wp\/v2\/media\/9531"}],"wp:attachment":[{"href":"https:\/\/whitelip.com\/da\/wp-json\/wp\/v2\/media?parent=9530"}],"wp:term":[{"taxonomy":"product_brand","embeddable":true,"href":"https:\/\/whitelip.com\/da\/wp-json\/wp\/v2\/product_brand?post=9530"},{"taxonomy":"product_cat","embeddable":true,"href":"https:\/\/whitelip.com\/da\/wp-json\/wp\/v2\/product_cat?post=9530"},{"taxonomy":"product_tag","embeddable":true,"href":"https:\/\/whitelip.com\/da\/wp-json\/wp\/v2\/product_tag?post=9530"},{"taxonomy":"flavours","embeddable":true,"href":"https:\/\/whitelip.com\/da\/wp-json\/wp\/v2\/flavours?post=9530"},{"taxonomy":"format","embeddable":true,"href":"https:\/\/whitelip.com\/da\/wp-json\/wp\/v2\/format?post=9530"},{"taxonomy":"nicotine","embeddable":true,"href":"https:\/\/whitelip.com\/da\/wp-json\/wp\/v2\/nicotine?post=9530"}],"curies":[{"name":"wp","href":"https:\/\/api.w.org\/{rel}","templated":true}]}}