{"id":9515,"date":"2024-12-12T13:44:38","date_gmt":"2024-12-12T13:44:38","guid":{"rendered":"https:\/\/whitelip.com\/77-raspberry-vanilla-light\/"},"modified":"2026-05-06T10:11:29","modified_gmt":"2026-05-06T10:11:29","slug":"77-raspberry-vanilla-light","status":"publish","type":"product","link":"https:\/\/whitelip.com\/da\/77\/77-raspberry-vanilla-light\/","title":{"rendered":"77 Hindb\u00e6r &amp; Vanilje Let"},"content":{"rendered":"<h2><strong>77 Hindb\u00e6r &amp; Vanilje Let<\/strong><\/h2>\n<p><span style=\"font-weight: 400;\">77 Hindb\u00e6r &amp; Vanilje Let nikotinposer leverer en s\u00f8de og autentisk hindb\u00e6r- og vaniljesmag, som fanger b\u00e5de syrligheden og s\u00f8dheden af friske b\u00e6r. Hver pose indeholder 5,2 mg nikotin, hvilket giver en mild sensation egnet til dem, der s\u00f8ger en blid nikotinoplevelse. Det diskrete design sikrer komfortabel pasform under l\u00e6ben, hvilket tillader brug til enhver tid uden tandpletter. Produceret af 77 Group, eksemplificerer disse tobaksfrie poser h\u00f8je kvalitetsstandarder og innovative smagskombinationer.<\/span><\/p>\n<table>\n<tbody>\n<tr>\n<td><b>Attribute<\/b><\/td>\n<td><b>Detaljer<\/b><\/td>\n<\/tr>\n<tr>\n<td><b>Indhold pr. d\u00e5se<\/b><\/td>\n<td><span style=\"font-weight: 400;\">10g (20 poser)<\/span><\/td>\n<\/tr>\n<tr>\n<td><b>Nikotinindhold<\/b><\/td>\n<td><span style=\"font-weight: 400;\">8 mg\/g (5,2 mg pr. pose)<\/span><\/td>\n<\/tr>\n<tr>\n<td><b>Poseformat<\/b><\/td>\n<td><span style=\"font-weight: 400;\">Slim<\/span><\/td>\n<\/tr>\n<tr>\n<td><b>Producent<\/b><\/td>\n<td><span style=\"font-weight: 400;\">77 Group<\/span><\/td>\n<\/tr>\n<tr>\n<td><b>Smag<\/b><\/td>\n<td><span style=\"font-weight: 400;\">Hindb\u00e6r og vanilje<\/span><\/td>\n<\/tr>\n<tr>\n<td><b>Type<\/b><\/td>\n<td><span style=\"font-weight: 400;\">Helt hvid pose<\/span><\/td>\n<\/tr>\n<\/tbody>\n<\/table>","protected":false},"excerpt":{"rendered":"<p>S\u00f8de, autentiske <strong data-start=\"17\" data-end=\"42\">hindb\u00e6r og vanilje<\/strong> med en balanceret syrlig-s\u00f8d profil. Den <strong data-start=\"83\" data-end=\"102\">slim, helt hvide<\/strong> poser sidder diskret og behageligt under l\u00e6ben for rent brug til enhver tid. Hver pose indeholder <strong data-start=\"200\" data-end=\"219\">5,2 mg nikotin<\/strong>, hvilket giver en mild, let oplevelse fra 77 Group.<\/p>","protected":false},"featured_media":9516,"comment_status":"open","ping_status":"closed","template":"","format":[206],"meta":{"_acf_changed":false},"product_brand":[],"product_cat":[23],"product_tag":[16547],"flavours":[196,201],"nicotine":[230,236],"class_list":{"0":"post-9515","1":"product","2":"type-product","3":"status-publish","4":"has-post-thumbnail","6":"product_cat-23","7":"product_tag-5-2-mg-pouch","8":"pa_quantity-1-pack","9":"pa_quantity-10-pack","10":"pa_quantity-3-pack","11":"pa_quantity-30-pack","12":"pa_quantity-5-pack","13":"pa_quantity-60-pack","14":"flavours-fruits-berries","15":"flavours-vanilla","16":"format-slim","17":"nicotine-8-mg-g","18":"nicotine-strong","20":"first","21":"instock","22":"taxable","23":"shipping-taxable","24":"purchasable","25":"product-type-variable","26":"has-default-attributes"},"acf":[],"_links":{"self":[{"href":"https:\/\/whitelip.com\/da\/wp-json\/wp\/v2\/product\/9515","targetHints":{"allow":["GET"]}}],"collection":[{"href":"https:\/\/whitelip.com\/da\/wp-json\/wp\/v2\/product"}],"about":[{"href":"https:\/\/whitelip.com\/da\/wp-json\/wp\/v2\/types\/product"}],"replies":[{"embeddable":true,"href":"https:\/\/whitelip.com\/da\/wp-json\/wp\/v2\/comments?post=9515"}],"wp:featuredmedia":[{"embeddable":true,"href":"https:\/\/whitelip.com\/da\/wp-json\/wp\/v2\/media\/9516"}],"wp:attachment":[{"href":"https:\/\/whitelip.com\/da\/wp-json\/wp\/v2\/media?parent=9515"}],"wp:term":[{"taxonomy":"product_brand","embeddable":true,"href":"https:\/\/whitelip.com\/da\/wp-json\/wp\/v2\/product_brand?post=9515"},{"taxonomy":"product_cat","embeddable":true,"href":"https:\/\/whitelip.com\/da\/wp-json\/wp\/v2\/product_cat?post=9515"},{"taxonomy":"product_tag","embeddable":true,"href":"https:\/\/whitelip.com\/da\/wp-json\/wp\/v2\/product_tag?post=9515"},{"taxonomy":"flavours","embeddable":true,"href":"https:\/\/whitelip.com\/da\/wp-json\/wp\/v2\/flavours?post=9515"},{"taxonomy":"format","embeddable":true,"href":"https:\/\/whitelip.com\/da\/wp-json\/wp\/v2\/format?post=9515"},{"taxonomy":"nicotine","embeddable":true,"href":"https:\/\/whitelip.com\/da\/wp-json\/wp\/v2\/nicotine?post=9515"}],"curies":[{"name":"wp","href":"https:\/\/api.w.org\/{rel}","templated":true}]}}