{"id":9506,"date":"2024-12-10T11:14:40","date_gmt":"2024-12-10T11:14:40","guid":{"rendered":"https:\/\/whitelip.com\/zxs-exotic-chill-jumbo-can\/"},"modified":"2026-04-30T10:10:59","modified_gmt":"2026-04-30T10:10:59","slug":"zxs-exotic-chill-jumbo-can","status":"publish","type":"product","link":"https:\/\/whitelip.com\/da\/jumbo-can\/zxs-exotic-chill-jumbo-can\/","title":{"rendered":"Z!XS Exotic Chill Jumbo Can"},"content":{"rendered":"<h2><b>Z!XS Exotic Chill Jumbo Can<\/b><\/h2>\n<p><span style=\"font-weight: 400;\">Z!XS Exotic Chill Jumbo Can tilbyder en unik blanding af <\/span><b>tropiske frugtsmagene<\/b><span style=\"font-weight: 400;\"> kombineret med en subtil <\/span><b>k\u00f8lesensation<\/b><span style=\"font-weight: 400;\">, hvilket leverer en forfriskende og levende nikotinoplevelse. Perfekt for brugere, der v\u00e6rds\u00e6tter en frugtfuld men stimulerende tviste, indeholder hver slankt, helt hvid pouch <\/span><b>12 mg nikotin<\/b><span style=\"font-weight: 400;\">, hvilket giver en kraftfuld og stabil virkning ideel for erfarne brugere, der s\u00f8ger ekstra styrke.<\/span><\/p>\n<p><span style=\"font-weight: 400;\">Pakket i en <\/span><b>jumbo-d\u00e5se<\/b><span style=\"font-weight: 400;\"> med 320 portioner er Z!XS Exotic Chill ideel til l\u00e6ngerevarende brug og tilbyder glimrende v\u00e6rdi og bekvemmelighed. Det slanke format sikrer en behagelig og diskret pasform under l\u00e6ben, mens det tobaksreviewt design garanterer ren og pletfri nydelse. Z!XS Exotic Chill Jumbo-d\u00e5se er det perfekte valg for dem, der l\u00e6nges efter en dristig tropisk smag kombineret med en k\u00f8lig, forfriskende finish.<\/span><\/p>\n<table>\n<tbody>\n<tr>\n<td><b>Attribute<\/b><\/td>\n<td><b>Detaljer<\/b><\/td>\n<\/tr>\n<tr>\n<td><b>M\u00e6rke<\/b><\/td>\n<td><span style=\"font-weight: 400;\">Z!XS<\/span><\/td>\n<\/tr>\n<tr>\n<td><b>Produkttype<\/b><\/td>\n<td><span style=\"font-weight: 400;\">Alt hvide nikotinposer<\/span><\/td>\n<\/tr>\n<tr>\n<td><b>Format<\/b><\/td>\n<td><span style=\"font-weight: 400;\">Slim<\/span><\/td>\n<\/tr>\n<tr>\n<td><b>Smag<\/b><\/td>\n<td><span style=\"font-weight: 400;\">Tropiske frugter og k\u00f8ling<\/span><\/td>\n<\/tr>\n<tr>\n<td><b>Nikotinstyrke<\/b><\/td>\n<td><span style=\"font-weight: 400;\">12 mg pr. pose<\/span><\/td>\n<\/tr>\n<tr>\n<td><b>Portionsv\u00e6gt<\/b><\/td>\n<td><span style=\"font-weight: 400;\">0,7 gram<\/span><\/td>\n<\/tr>\n<tr>\n<td><b>Antal portioner<\/b><\/td>\n<td><span style=\"font-weight: 400;\">320 pr. d\u00e5se (Jumbo-d\u00e5se)<\/span><\/td>\n<\/tr>\n<tr>\n<td><b>Samlet d\u00e5sev\u00e6gt<\/b><\/td>\n<td><span style=\"font-weight: 400;\">46,2 gram<\/span><\/td>\n<\/tr>\n<tr>\n<td><b>Producent<\/b><\/td>\n<td><span style=\"font-weight: 400;\">Z!XS International<\/span><\/td>\n<\/tr>\n<tr>\n<td><b>Bem\u00e6rkelsesv\u00e6rdige funktioner<\/b><\/td>\n<td><span style=\"font-weight: 400;\">Tobaksfrit, slankt format, tropisk frugtsmagsmag med en k\u00f8lesensation, jumbo-d\u00e5se med 66 portioner<\/span><\/td>\n<\/tr>\n<\/tbody>\n<\/table>","protected":false},"excerpt":{"rendered":"<p>Z!XS <strong data-start=\"5\" data-end=\"21\">Exotic Chill<\/strong> <strong data-start=\"22\" data-end=\"38\">Extra Strong<\/strong> blander tropiske frugter med en subtil k\u00f8leeffekt for en forfriskende, levende profil. Den <strong data-start=\"130\" data-end=\"138\">slim<\/strong>helt hvide poser er diskrete og komfortable. Hver pose indeholder <strong data-start=\"208\" data-end=\"226\">12 mg nikotin<\/strong>, der leverer en kraftig, stabil frigivelse for erfarne brugere. Jumbo-d\u00e5sen indeholder cirka <strong>320 Slim<\/strong> poser, hvilket giver et v\u00e6sentligt st\u00f8rre volumen end standardd\u00e5seformater.<\/p>","protected":false},"featured_media":9507,"comment_status":"open","ping_status":"closed","template":"","format":[206],"meta":{"_acf_changed":false},"product_brand":[],"product_cat":[92,39],"product_tag":[16561],"flavours":[196],"nicotine":[213,232],"class_list":{"0":"post-9506","1":"product","2":"type-product","3":"status-publish","4":"has-post-thumbnail","6":"product_cat-jumbo-can","7":"product_cat-zxs","8":"product_tag-12-mg-pouch","9":"pa_quantity-1-pack","10":"pa_quantity-10-pack","11":"pa_quantity-2-pack","12":"pa_quantity-3-pack","13":"pa_quantity-30-pack","14":"pa_quantity-5-pack","15":"pa_quantity-60-pack","16":"flavours-fruits-berries","17":"format-slim","18":"nicotine-16-mg-g","19":"nicotine-extra-strong","21":"first","22":"instock","23":"taxable","24":"shipping-taxable","25":"purchasable","26":"product-type-variable"},"acf":[],"_links":{"self":[{"href":"https:\/\/whitelip.com\/da\/wp-json\/wp\/v2\/product\/9506","targetHints":{"allow":["GET"]}}],"collection":[{"href":"https:\/\/whitelip.com\/da\/wp-json\/wp\/v2\/product"}],"about":[{"href":"https:\/\/whitelip.com\/da\/wp-json\/wp\/v2\/types\/product"}],"replies":[{"embeddable":true,"href":"https:\/\/whitelip.com\/da\/wp-json\/wp\/v2\/comments?post=9506"}],"wp:featuredmedia":[{"embeddable":true,"href":"https:\/\/whitelip.com\/da\/wp-json\/wp\/v2\/media\/9507"}],"wp:attachment":[{"href":"https:\/\/whitelip.com\/da\/wp-json\/wp\/v2\/media?parent=9506"}],"wp:term":[{"taxonomy":"product_brand","embeddable":true,"href":"https:\/\/whitelip.com\/da\/wp-json\/wp\/v2\/product_brand?post=9506"},{"taxonomy":"product_cat","embeddable":true,"href":"https:\/\/whitelip.com\/da\/wp-json\/wp\/v2\/product_cat?post=9506"},{"taxonomy":"product_tag","embeddable":true,"href":"https:\/\/whitelip.com\/da\/wp-json\/wp\/v2\/product_tag?post=9506"},{"taxonomy":"flavours","embeddable":true,"href":"https:\/\/whitelip.com\/da\/wp-json\/wp\/v2\/flavours?post=9506"},{"taxonomy":"format","embeddable":true,"href":"https:\/\/whitelip.com\/da\/wp-json\/wp\/v2\/format?post=9506"},{"taxonomy":"nicotine","embeddable":true,"href":"https:\/\/whitelip.com\/da\/wp-json\/wp\/v2\/nicotine?post=9506"}],"curies":[{"name":"wp","href":"https:\/\/api.w.org\/{rel}","templated":true}]}}