{"id":9499,"date":"2024-12-05T14:43:15","date_gmt":"2024-12-05T14:43:15","guid":{"rendered":"https:\/\/whitelip.com\/gilo-raspberry-biteback\/"},"modified":"2026-03-05T11:31:18","modified_gmt":"2026-03-05T11:31:18","slug":"gilo-raspberry-biteback","status":"publish","type":"product","link":"https:\/\/whitelip.com\/da\/gilo\/gilo-raspberry-biteback\/","title":{"rendered":"GILO Raspberry Biteback"},"content":{"rendered":"<h2><b>GILO Raspberry Biteback<\/b><\/h2>\n<p><span style=\"font-weight: 400;\">GILO Raspberry Biteback nikotinposer tilbyder en dristig og opmuntrende oplevelse for dem, der s\u00f8ger et kraftfuldt nikotinslag. Hver slim-format poulse indeholder 20 mg nikotin og leverer en robust fornemmelse, der kombinerer den s\u00f8de, saftfulde smag af modne hindb\u00e6r med en intens, forfriskende bid. Designet til diskret, brug p\u00e5 farten, giver disse tobaksfrie poser et renere alternativ til traditionel rygning eller tyggning. Deres slim-design sikrer en rodloven-fri oplevelse, mens den langvarige smag og potent nikotinstyrke g\u00f8r dem til et fremragende valg for dem, der s\u00f8ger b\u00e5de smag og intensitet. Uanset om du leder efter et hurtig energiboosted eller en smagsrig nikotinoplevelse, GILO Raspberry Biteback 20 mg er din ideelle ledsager.<\/span><\/p>\n<p><b>Specifikationer<\/b><\/p>\n<table>\n<tbody>\n<tr>\n<td><b>Attribute<\/b><\/td>\n<td><b>Detaljer<\/b><\/td>\n<\/tr>\n<tr>\n<td><b>Nikotinindhold<\/b><\/td>\n<td><span style=\"font-weight: 400;\">20 mg pr. poulse<\/span><\/td>\n<\/tr>\n<tr>\n<td><b>Poseformat<\/b><\/td>\n<td><span style=\"font-weight: 400;\">Slim<\/span><\/td>\n<\/tr>\n<tr>\n<td><b>Smag<\/b><\/td>\n<td><span style=\"font-weight: 400;\">Hindb\u00e6r<\/span><\/td>\n<\/tr>\n<tr>\n<td><b>Type<\/b><\/td>\n<td><span style=\"font-weight: 400;\">Tobaksgratis pose<\/span><\/td>\n<\/tr>\n<\/tbody>\n<\/table>","protected":false},"excerpt":{"rendered":"<p><span style=\"font-weight: 400;\">GILO Raspberry Biteback nikotinposer tilbyder en dristig og opmuntrende oplevelse for dem, der s\u00f8ger et kraftfuldt nikotinslag. Hver slim-format poulse indeholder 20 mg nikotin og leverer en robust fornemmelse, der kombinerer den s\u00f8de, saftfulde smag af modne hindb\u00e6r med en intens, forfriskende bid. Designet til diskret, brug p\u00e5 farten, giver disse tobaksfrie poser et renere alternativ til traditionel rygning eller tyggning. Deres slim-design sikrer en rodloven-fri oplevelse, mens den langvarige smag og potent nikotinstyrke g\u00f8r dem til et fremragende valg for dem, der s\u00f8ger b\u00e5de smag og intensitet. Uanset om du leder efter et hurtig energiboosted eller en smagsrig nikotinoplevelse, GILO Raspberry Biteback 20 mg er din ideelle ledsager.<\/span><\/p>","protected":false},"featured_media":9500,"comment_status":"open","ping_status":"closed","template":"","format":[206],"meta":{"_acf_changed":false},"product_brand":[],"product_cat":[89],"product_tag":[16545],"flavours":[196],"nicotine":[209,232],"class_list":{"0":"post-9499","1":"product","2":"type-product","3":"status-publish","4":"has-post-thumbnail","6":"product_cat-gilo","7":"product_tag-20-mg-pouch","8":"pa_quantity-1-pack","9":"pa_quantity-10-pack","10":"pa_quantity-3-pack","11":"pa_quantity-30-pack","12":"pa_quantity-5-pack","13":"pa_quantity-60-pack","14":"flavours-fruits-berries","15":"format-slim","16":"nicotine-12-mg-g","17":"nicotine-extra-strong","19":"first","20":"outofstock","21":"taxable","22":"shipping-taxable","23":"purchasable","24":"product-type-variable"},"acf":[],"_links":{"self":[{"href":"https:\/\/whitelip.com\/da\/wp-json\/wp\/v2\/product\/9499","targetHints":{"allow":["GET"]}}],"collection":[{"href":"https:\/\/whitelip.com\/da\/wp-json\/wp\/v2\/product"}],"about":[{"href":"https:\/\/whitelip.com\/da\/wp-json\/wp\/v2\/types\/product"}],"replies":[{"embeddable":true,"href":"https:\/\/whitelip.com\/da\/wp-json\/wp\/v2\/comments?post=9499"}],"wp:featuredmedia":[{"embeddable":true,"href":"https:\/\/whitelip.com\/da\/wp-json\/wp\/v2\/media\/9500"}],"wp:attachment":[{"href":"https:\/\/whitelip.com\/da\/wp-json\/wp\/v2\/media?parent=9499"}],"wp:term":[{"taxonomy":"product_brand","embeddable":true,"href":"https:\/\/whitelip.com\/da\/wp-json\/wp\/v2\/product_brand?post=9499"},{"taxonomy":"product_cat","embeddable":true,"href":"https:\/\/whitelip.com\/da\/wp-json\/wp\/v2\/product_cat?post=9499"},{"taxonomy":"product_tag","embeddable":true,"href":"https:\/\/whitelip.com\/da\/wp-json\/wp\/v2\/product_tag?post=9499"},{"taxonomy":"flavours","embeddable":true,"href":"https:\/\/whitelip.com\/da\/wp-json\/wp\/v2\/flavours?post=9499"},{"taxonomy":"format","embeddable":true,"href":"https:\/\/whitelip.com\/da\/wp-json\/wp\/v2\/format?post=9499"},{"taxonomy":"nicotine","embeddable":true,"href":"https:\/\/whitelip.com\/da\/wp-json\/wp\/v2\/nicotine?post=9499"}],"curies":[{"name":"wp","href":"https:\/\/api.w.org\/{rel}","templated":true}]}}