{"id":9479,"date":"2024-12-05T14:23:54","date_gmt":"2024-12-05T14:23:54","guid":{"rendered":"https:\/\/whitelip.com\/gilo-brainfreeze\/"},"modified":"2026-03-05T11:31:53","modified_gmt":"2026-03-05T11:31:53","slug":"gilo-brainfreeze","status":"publish","type":"product","link":"https:\/\/whitelip.com\/da\/gilo\/gilo-brainfreeze\/","title":{"rendered":"GILO Brainfreeze"},"content":{"rendered":"<h2><b>GILO Brainfreeze<\/b><\/h2>\n<p><span style=\"font-weight: 400;\">GILO Brainfreeze nikotinposer leverer en intens, iskuld st\u00f8d af erfriskelses myntesmag og giver en kraftig k\u00f8lesensation, der v\u00e6kker sanserne. Hver pose indeholder 12 mg nikotin, hvilket giver en robust oplevelse for dem, der s\u00f8ger en st\u00e6rk og inspirerende smag. Det slanke design sikrer en diskret pasform under l\u00e6ben, hvilket tillader praktisk brug uden at plettele t\u00e6nder. Produceret af GILO, et m\u00e6rke kendt for sin forpligtelse til kvalitet og innovative smagsprofiler, eksemplificerer disse poser h\u00f8je standarder og en dedikation til at forbedre brugeroplevelsen.<\/span><\/p>\n<p><b>Specifikationer<\/b><\/p>\n<table>\n<tbody>\n<tr>\n<td><b>Attribute<\/b><\/td>\n<td><b>Detaljer<\/b><\/td>\n<\/tr>\n<tr>\n<td><b>Nikotinindhold<\/b><\/td>\n<td><span style=\"font-weight: 400;\">12 mg pr. pose<\/span><\/td>\n<\/tr>\n<tr>\n<td><b>Poseformat<\/b><\/td>\n<td><span style=\"font-weight: 400;\">Slim<\/span><\/td>\n<\/tr>\n<tr>\n<td><b>Smag<\/b><\/td>\n<td><span style=\"font-weight: 400;\">Mint<\/span><\/td>\n<\/tr>\n<tr>\n<td><b>Type<\/b><\/td>\n<td><span style=\"font-weight: 400;\">Tobaksgratis pose<\/span><\/td>\n<\/tr>\n<\/tbody>\n<\/table>","protected":false},"excerpt":{"rendered":"<p><span style=\"font-weight: 400;\">GILO Brainfreeze nikotinposer leverer en intens, iskuld st\u00f8d af erfriskelses myntesmag og giver en kraftig k\u00f8lesensation, der v\u00e6kker sanserne. Hver pose indeholder 12 mg nikotin, hvilket giver en robust oplevelse for dem, der s\u00f8ger en st\u00e6rk og inspirerende smag. Det slanke design sikrer en diskret pasform under l\u00e6ben, hvilket tillader praktisk brug uden at plettele t\u00e6nder. Produceret af GILO, et m\u00e6rke kendt for sin forpligtelse til kvalitet og innovative smagsprofiler, eksemplificerer disse poser h\u00f8je standarder og en dedikation til at forbedre brugeroplevelsen.<\/span><\/p>","protected":false},"featured_media":9480,"comment_status":"open","ping_status":"closed","template":"","format":[206],"meta":{"_acf_changed":false},"product_brand":[],"product_cat":[89],"product_tag":[16561],"flavours":[199],"nicotine":[209,232],"class_list":{"0":"post-9479","1":"product","2":"type-product","3":"status-publish","4":"has-post-thumbnail","6":"product_cat-gilo","7":"product_tag-12-mg-pouch","8":"pa_quantity-1-pack","9":"pa_quantity-10-pack","10":"pa_quantity-3-pack","11":"pa_quantity-30-pack","12":"pa_quantity-5-pack","13":"pa_quantity-60-pack","14":"flavours-mint","15":"format-slim","16":"nicotine-12-mg-g","17":"nicotine-extra-strong","19":"first","20":"outofstock","21":"taxable","22":"shipping-taxable","23":"purchasable","24":"product-type-variable","25":"has-default-attributes"},"acf":[],"_links":{"self":[{"href":"https:\/\/whitelip.com\/da\/wp-json\/wp\/v2\/product\/9479","targetHints":{"allow":["GET"]}}],"collection":[{"href":"https:\/\/whitelip.com\/da\/wp-json\/wp\/v2\/product"}],"about":[{"href":"https:\/\/whitelip.com\/da\/wp-json\/wp\/v2\/types\/product"}],"replies":[{"embeddable":true,"href":"https:\/\/whitelip.com\/da\/wp-json\/wp\/v2\/comments?post=9479"}],"wp:featuredmedia":[{"embeddable":true,"href":"https:\/\/whitelip.com\/da\/wp-json\/wp\/v2\/media\/9480"}],"wp:attachment":[{"href":"https:\/\/whitelip.com\/da\/wp-json\/wp\/v2\/media?parent=9479"}],"wp:term":[{"taxonomy":"product_brand","embeddable":true,"href":"https:\/\/whitelip.com\/da\/wp-json\/wp\/v2\/product_brand?post=9479"},{"taxonomy":"product_cat","embeddable":true,"href":"https:\/\/whitelip.com\/da\/wp-json\/wp\/v2\/product_cat?post=9479"},{"taxonomy":"product_tag","embeddable":true,"href":"https:\/\/whitelip.com\/da\/wp-json\/wp\/v2\/product_tag?post=9479"},{"taxonomy":"flavours","embeddable":true,"href":"https:\/\/whitelip.com\/da\/wp-json\/wp\/v2\/flavours?post=9479"},{"taxonomy":"format","embeddable":true,"href":"https:\/\/whitelip.com\/da\/wp-json\/wp\/v2\/format?post=9479"},{"taxonomy":"nicotine","embeddable":true,"href":"https:\/\/whitelip.com\/da\/wp-json\/wp\/v2\/nicotine?post=9479"}],"curies":[{"name":"wp","href":"https:\/\/api.w.org\/{rel}","templated":true}]}}