{"id":93176,"date":"2026-04-02T13:47:21","date_gmt":"2026-04-02T13:47:21","guid":{"rendered":"https:\/\/whitelip.com\/?post_type=product&#038;p=93176"},"modified":"2026-05-09T10:11:26","modified_gmt":"2026-05-09T10:11:26","slug":"lind-cherry-cola","status":"publish","type":"product","link":"https:\/\/whitelip.com\/da\/lind\/lind-cherry-cola\/","title":{"rendered":"Lind Cherry Cola"},"content":{"rendered":"<h2>Lind Cherry Cola<\/h2>\n<p data-start=\"30\" data-end=\"261\">LIND Cherry Cola indeholder 8,5 mg nikotin pr. pose og har en smag, der kombinerer kirseb\u00e6r og cola. Produktet er fremstillet af HS Factory Sweden AB i Stockholm og pr\u00e6senteres i Slim pose-format.<\/p>\n<p data-start=\"263\" data-end=\"636\">Smagsprofilen blander s\u00f8de cola-noter med m\u00f8rkere kirseb\u00e6rtoner og skaber en frugtbar og let nostalgisk karakter. En let cola-friskhed balancerer s\u00f8dheden og resulterer i en klart defineret og konsistent smagsoplevelse. Slim-formatet best\u00e5r af smallere poser designet til at sidde j\u00e6vnt under l\u00e6ben og give en diskret og komfortabel pasform under brugen.<\/p>\n<p data-start=\"638\" data-end=\"929\">Nikotinkoncentrationen er 17 mg pr. gram, svarende til 8,5 mg nikotin pr. pose. Hver pose vejer 0,5 gram. Hver d\u00e5se indeholder 20 poser med en samlet nettov\u00e6gt p\u00e5 10 gram, hvilket giver cirka 170 mg nikotin pr. d\u00e5se i alt. Nikotinniveauet er klassificeret som st\u00e6rkt.<\/p>\n<p data-start=\"931\" data-end=\"1079\">LIND er en produktserie udviklet af HS Factory Sweden AB, med fokus p\u00e5 balancerede smagsprofiler, konsistent kvalitet og moderne produktionsmetoder.<\/p>\n<table>\n<tbody>\n<tr>\n<td><b>Attribute<\/b><\/td>\n<td><b>Detaljer<\/b><\/td>\n<\/tr>\n<tr>\n<td><b>Indhold pr. d\u00e5se<\/b><\/td>\n<td><span style=\"font-weight: 400;\">10g (20 poser)<\/span><\/td>\n<\/tr>\n<tr>\n<td><b>Nikotinindhold<\/b><\/td>\n<td><span style=\"font-weight: 400;\">170 mg\/g (8,5 mg pr. pose)<\/span><\/td>\n<\/tr>\n<tr>\n<td><b>Poseformat<\/b><\/td>\n<td><span style=\"font-weight: 400;\">Slim<\/span><\/td>\n<\/tr>\n<tr>\n<td><b>Producent<\/b><\/td>\n<td><span style=\"font-weight: 400;\">HS Factory Sweden AB<\/span><\/td>\n<\/tr>\n<tr>\n<td><b>Smag<\/b><\/td>\n<td><span style=\"font-weight: 400;\">Kirseb\u00e6r og Cola<\/span><\/td>\n<\/tr>\n<tr>\n<td><b>Type<\/b><\/td>\n<td><span style=\"font-weight: 400;\">Helt hvid pose<\/span><\/td>\n<\/tr>\n<\/tbody>\n<\/table>","protected":false},"excerpt":{"rendered":"<p>LIND Cherry Cola indeholder <strong data-start=\"1149\" data-end=\"1168\">8,5 mg nikotin<\/strong> pr. pose med en smag, der kombinerer kirseb\u00e6r og cola. Hver d\u00e5se indeholder 20 <strong data-start=\"1249\" data-end=\"1257\">Slim<\/strong> poser, der vejer 0,5 gram hver, med en nikotinkoncentration p\u00e5 17 mg pr. gram. Produktet er fremstillet i Stockholm og klassificeres som st\u00e6rk styrke.<\/p>","protected":false},"featured_media":93185,"comment_status":"open","ping_status":"closed","template":"","format":[206],"meta":{"_acf_changed":false},"product_brand":[],"product_cat":[17017],"product_tag":[16421],"flavours":[193,196],"nicotine":[214,232],"class_list":{"0":"post-93176","1":"product","2":"type-product","3":"status-publish","4":"has-post-thumbnail","6":"product_cat-lind","7":"product_tag-new","8":"pa_quantity-1-pack","9":"pa_quantity-10-pack","10":"pa_quantity-3-pack","11":"pa_quantity-30-pack","12":"pa_quantity-5-pack","13":"pa_quantity-60-pack","14":"flavours-cola","15":"flavours-fruits-berries","16":"format-slim","17":"nicotine-17-mg-g","18":"nicotine-extra-strong","20":"first","21":"instock","22":"sale","23":"taxable","24":"shipping-taxable","25":"purchasable","26":"product-type-variable"},"acf":[],"_links":{"self":[{"href":"https:\/\/whitelip.com\/da\/wp-json\/wp\/v2\/product\/93176","targetHints":{"allow":["GET"]}}],"collection":[{"href":"https:\/\/whitelip.com\/da\/wp-json\/wp\/v2\/product"}],"about":[{"href":"https:\/\/whitelip.com\/da\/wp-json\/wp\/v2\/types\/product"}],"replies":[{"embeddable":true,"href":"https:\/\/whitelip.com\/da\/wp-json\/wp\/v2\/comments?post=93176"}],"wp:featuredmedia":[{"embeddable":true,"href":"https:\/\/whitelip.com\/da\/wp-json\/wp\/v2\/media\/93185"}],"wp:attachment":[{"href":"https:\/\/whitelip.com\/da\/wp-json\/wp\/v2\/media?parent=93176"}],"wp:term":[{"taxonomy":"product_brand","embeddable":true,"href":"https:\/\/whitelip.com\/da\/wp-json\/wp\/v2\/product_brand?post=93176"},{"taxonomy":"product_cat","embeddable":true,"href":"https:\/\/whitelip.com\/da\/wp-json\/wp\/v2\/product_cat?post=93176"},{"taxonomy":"product_tag","embeddable":true,"href":"https:\/\/whitelip.com\/da\/wp-json\/wp\/v2\/product_tag?post=93176"},{"taxonomy":"flavours","embeddable":true,"href":"https:\/\/whitelip.com\/da\/wp-json\/wp\/v2\/flavours?post=93176"},{"taxonomy":"format","embeddable":true,"href":"https:\/\/whitelip.com\/da\/wp-json\/wp\/v2\/format?post=93176"},{"taxonomy":"nicotine","embeddable":true,"href":"https:\/\/whitelip.com\/da\/wp-json\/wp\/v2\/nicotine?post=93176"}],"curies":[{"name":"wp","href":"https:\/\/api.w.org\/{rel}","templated":true}]}}