{"id":93167,"date":"2026-04-02T13:36:48","date_gmt":"2026-04-02T13:36:48","guid":{"rendered":"https:\/\/whitelip.com\/?post_type=product&#038;p=93167"},"modified":"2026-05-09T10:11:26","modified_gmt":"2026-05-09T10:11:26","slug":"lind-spearmint","status":"publish","type":"product","link":"https:\/\/whitelip.com\/da\/lind\/lind-spearmint\/","title":{"rendered":"Lind Spearmint"},"content":{"rendered":"<h2>Lind Spearmint<\/h2>\n<p data-start=\"30\" data-end=\"241\">LIND Spearmint Slim indeholder 5 mg nikotin pr. pose og har en spearmint smag. Produktet er fremstillet af HS Factory Sweden AB i Stockholm og pr\u00e6senteres i Slim pose-format.<\/p>\n<p data-start=\"243\" data-end=\"598\">Smagsprofilen er baseret p\u00e5 spearmint med en ren og opfriskende karakter, der giver en bl\u00f8d k\u00f8lesensation. Slim-formatet best\u00e5r af smallere poser designet til at sidde j\u00e6vnt under l\u00e6ben og give en diskret og komfortabel pasform under brugen. Pose-strukturen underst\u00f8tter en ensartet og gradvis frigivelse af smag og nikotin over tid.<\/p>\n<p data-start=\"600\" data-end=\"896\">Nikotinkoncentrationen er 10 mg pr. gram, svarende til 5 mg nikotin pr. pose. Hver pose vejer 0,5 gram. Hver d\u00e5se indeholder 20 poser med en samlet nettov\u00e6gt p\u00e5 10 gram, hvilket giver cirka 100 mg nikotin pr. d\u00e5se i alt. Nikotinniveauet betragtes generelt som normalt.<\/p>\n<p data-start=\"898\" data-end=\"1046\">LIND er en produktserie udviklet af HS Factory Sweden AB, med fokus p\u00e5 balancerede smagsprofiler, konsistent kvalitet og moderne produktionsmetoder.<\/p>\n<table>\n<tbody>\n<tr>\n<td><b>Attribute<\/b><\/td>\n<td><b>Detaljer<\/b><\/td>\n<\/tr>\n<tr>\n<td><b>Indhold pr. d\u00e5se<\/b><\/td>\n<td><span style=\"font-weight: 400;\">10g (20 poser)<\/span><\/td>\n<\/tr>\n<tr>\n<td><b>Nikotinindhold<\/b><\/td>\n<td><span style=\"font-weight: 400;\">100 mg\/g (5 mg pr. pose)<\/span><\/td>\n<\/tr>\n<tr>\n<td><b>Poseformat<\/b><\/td>\n<td><span style=\"font-weight: 400;\">Slim<\/span><\/td>\n<\/tr>\n<tr>\n<td><b>Producent<\/b><\/td>\n<td><span style=\"font-weight: 400;\">HS Factory Sweden AB<\/span><\/td>\n<\/tr>\n<tr>\n<td><b>Smag<\/b><\/td>\n<td><span style=\"font-weight: 400;\">Spearmint<\/span><\/td>\n<\/tr>\n<tr>\n<td><b>Type<\/b><\/td>\n<td><span style=\"font-weight: 400;\">Helt hvid pose<\/span><\/td>\n<\/tr>\n<\/tbody>\n<\/table>","protected":false},"excerpt":{"rendered":"<p>LIND Spearmint Slim indeholder <strong data-start=\"1114\" data-end=\"1131\">5 mg nikotin<\/strong> pr. pose med en spearmint smag. Hver d\u00e5se indeholder 20 <strong data-start=\"1196\" data-end=\"1204\">Slim<\/strong> poser, der vejer 0,5 gram hver, med en nikotinkoncentration p\u00e5 10 mg pr. gram. Produktet er fremstillet i Stockholm og svarer til en normal nikotinstyrke.<\/p>","protected":false},"featured_media":93174,"comment_status":"open","ping_status":"closed","template":"","format":[206],"meta":{"_acf_changed":false},"product_brand":[],"product_cat":[17017],"product_tag":[16421],"flavours":[199],"nicotine":[207,236],"class_list":{"0":"post-93167","1":"product","2":"type-product","3":"status-publish","4":"has-post-thumbnail","6":"product_cat-lind","7":"product_tag-new","8":"pa_quantity-1-pack","9":"pa_quantity-10-pack","10":"pa_quantity-3-pack","11":"pa_quantity-30-pack","12":"pa_quantity-5-pack","13":"pa_quantity-60-pack","14":"flavours-mint","15":"format-slim","16":"nicotine-10-mg-g","17":"nicotine-strong","19":"first","20":"instock","21":"sale","22":"taxable","23":"shipping-taxable","24":"purchasable","25":"product-type-variable"},"acf":[],"_links":{"self":[{"href":"https:\/\/whitelip.com\/da\/wp-json\/wp\/v2\/product\/93167","targetHints":{"allow":["GET"]}}],"collection":[{"href":"https:\/\/whitelip.com\/da\/wp-json\/wp\/v2\/product"}],"about":[{"href":"https:\/\/whitelip.com\/da\/wp-json\/wp\/v2\/types\/product"}],"replies":[{"embeddable":true,"href":"https:\/\/whitelip.com\/da\/wp-json\/wp\/v2\/comments?post=93167"}],"wp:featuredmedia":[{"embeddable":true,"href":"https:\/\/whitelip.com\/da\/wp-json\/wp\/v2\/media\/93174"}],"wp:attachment":[{"href":"https:\/\/whitelip.com\/da\/wp-json\/wp\/v2\/media?parent=93167"}],"wp:term":[{"taxonomy":"product_brand","embeddable":true,"href":"https:\/\/whitelip.com\/da\/wp-json\/wp\/v2\/product_brand?post=93167"},{"taxonomy":"product_cat","embeddable":true,"href":"https:\/\/whitelip.com\/da\/wp-json\/wp\/v2\/product_cat?post=93167"},{"taxonomy":"product_tag","embeddable":true,"href":"https:\/\/whitelip.com\/da\/wp-json\/wp\/v2\/product_tag?post=93167"},{"taxonomy":"flavours","embeddable":true,"href":"https:\/\/whitelip.com\/da\/wp-json\/wp\/v2\/flavours?post=93167"},{"taxonomy":"format","embeddable":true,"href":"https:\/\/whitelip.com\/da\/wp-json\/wp\/v2\/format?post=93167"},{"taxonomy":"nicotine","embeddable":true,"href":"https:\/\/whitelip.com\/da\/wp-json\/wp\/v2\/nicotine?post=93167"}],"curies":[{"name":"wp","href":"https:\/\/api.w.org\/{rel}","templated":true}]}}