{"id":93147,"date":"2026-04-02T13:08:44","date_gmt":"2026-04-02T13:08:44","guid":{"rendered":"https:\/\/whitelip.com\/?post_type=product&#038;p=93147"},"modified":"2026-05-09T10:11:26","modified_gmt":"2026-05-09T10:11:26","slug":"lind-banana-slim","status":"publish","type":"product","link":"https:\/\/whitelip.com\/da\/lind\/lind-banana-slim\/","title":{"rendered":"Lind Banana Slim"},"content":{"rendered":"<h2>Lind Banana Slim<\/h2>\n<p data-start=\"30\" data-end=\"190\">Lind Banana Slim indeholder 5 mg nikotin pr. pose og har en banansmag. Smagen er baseret p\u00e5 banan med en s\u00f8d og bl\u00f8d karakter.<\/p>\n<p data-start=\"192\" data-end=\"395\">Hver pose vejer 0,5 gram og er designet til at give en ensartet frigivelse af smag og nikotin under brugen. Nikotinkoncentrationen er 100 mg pr. gram, svarende til 5 mg nikotin pr. pose.<\/p>\n<p data-start=\"397\" data-end=\"581\">Hver d\u00e5se indeholder 20 poser med en samlet nettov\u00e6gt p\u00e5 10 gram. Slim pose-formatet er udviklet til en j\u00e6vn pasform under l\u00e6ben og en kontrolleret frigivelse af smag og nikotin.<\/p>\n<table>\n<tbody>\n<tr>\n<td><b>Attribute<\/b><\/td>\n<td><b>Detaljer<\/b><\/td>\n<\/tr>\n<tr>\n<td><b>Indhold pr. d\u00e5se<\/b><\/td>\n<td><span style=\"font-weight: 400;\">10g (20 poser)<\/span><\/td>\n<\/tr>\n<tr>\n<td><b>Nikotinindhold<\/b><\/td>\n<td><span style=\"font-weight: 400;\">100 mg\/g (5 mg pr. pose)<\/span><\/td>\n<\/tr>\n<tr>\n<td><b>Poseformat<\/b><\/td>\n<td><span style=\"font-weight: 400;\">Slim<\/span><\/td>\n<\/tr>\n<tr>\n<td><b>Producent<\/b><\/td>\n<td><span style=\"font-weight: 400;\">HS Factory Sweden AB<\/span><\/td>\n<\/tr>\n<tr>\n<td><b>Smag<\/b><\/td>\n<td><span style=\"font-weight: 400;\">Banan<\/span><\/td>\n<\/tr>\n<tr>\n<td><b>Type<\/b><\/td>\n<td><span style=\"font-weight: 400;\">Helt hvid pose<\/span><\/td>\n<\/tr>\n<\/tbody>\n<\/table>","protected":false},"excerpt":{"rendered":"<p>Lind Banana Slim indeholder <strong data-start=\"646\" data-end=\"663\">5 mg nikotin<\/strong> pr. pose med en <strong>banan<\/strong> smag. Hver d\u00e5se indeholder 20 <strong data-start=\"725\" data-end=\"733\">Slim<\/strong> poser, der vejer 0,5 gram hver, med en samlet nettov\u00e6gt p\u00e5 10 gram.<\/p>","protected":false},"featured_media":93156,"comment_status":"open","ping_status":"closed","template":"","format":[206],"meta":{"_acf_changed":false},"product_brand":[],"product_cat":[17017],"product_tag":[16421],"flavours":[196],"nicotine":[207,236],"class_list":{"0":"post-93147","1":"product","2":"type-product","3":"status-publish","4":"has-post-thumbnail","6":"product_cat-lind","7":"product_tag-new","8":"pa_quantity-1-pack","9":"pa_quantity-10-pack","10":"pa_quantity-3-pack","11":"pa_quantity-30-pack","12":"pa_quantity-5-pack","13":"pa_quantity-60-pack","14":"flavours-fruits-berries","15":"format-slim","16":"nicotine-10-mg-g","17":"nicotine-strong","19":"first","20":"instock","21":"sale","22":"taxable","23":"shipping-taxable","24":"purchasable","25":"product-type-variable"},"acf":[],"_links":{"self":[{"href":"https:\/\/whitelip.com\/da\/wp-json\/wp\/v2\/product\/93147","targetHints":{"allow":["GET"]}}],"collection":[{"href":"https:\/\/whitelip.com\/da\/wp-json\/wp\/v2\/product"}],"about":[{"href":"https:\/\/whitelip.com\/da\/wp-json\/wp\/v2\/types\/product"}],"replies":[{"embeddable":true,"href":"https:\/\/whitelip.com\/da\/wp-json\/wp\/v2\/comments?post=93147"}],"wp:featuredmedia":[{"embeddable":true,"href":"https:\/\/whitelip.com\/da\/wp-json\/wp\/v2\/media\/93156"}],"wp:attachment":[{"href":"https:\/\/whitelip.com\/da\/wp-json\/wp\/v2\/media?parent=93147"}],"wp:term":[{"taxonomy":"product_brand","embeddable":true,"href":"https:\/\/whitelip.com\/da\/wp-json\/wp\/v2\/product_brand?post=93147"},{"taxonomy":"product_cat","embeddable":true,"href":"https:\/\/whitelip.com\/da\/wp-json\/wp\/v2\/product_cat?post=93147"},{"taxonomy":"product_tag","embeddable":true,"href":"https:\/\/whitelip.com\/da\/wp-json\/wp\/v2\/product_tag?post=93147"},{"taxonomy":"flavours","embeddable":true,"href":"https:\/\/whitelip.com\/da\/wp-json\/wp\/v2\/flavours?post=93147"},{"taxonomy":"format","embeddable":true,"href":"https:\/\/whitelip.com\/da\/wp-json\/wp\/v2\/format?post=93147"},{"taxonomy":"nicotine","embeddable":true,"href":"https:\/\/whitelip.com\/da\/wp-json\/wp\/v2\/nicotine?post=93147"}],"curies":[{"name":"wp","href":"https:\/\/api.w.org\/{rel}","templated":true}]}}