{"id":93131,"date":"2026-04-02T12:34:56","date_gmt":"2026-04-02T12:34:56","guid":{"rendered":"https:\/\/whitelip.com\/?post_type=product&#038;p=93131"},"modified":"2026-05-07T11:05:45","modified_gmt":"2026-05-07T11:05:45","slug":"greatest-wasted-mango-strong","status":"publish","type":"product","link":"https:\/\/whitelip.com\/da\/greatest\/greatest-wasted-mango-strong\/","title":{"rendered":"GREATEST Wasted Mango Strong"},"content":{"rendered":"<h1 data-section-id=\"yk2pjq\" data-start=\"273\" data-end=\"332\"><strong>Greatest Wasted Mango Strong<\/strong><\/h1>\n<p data-start=\"334\" data-end=\"640\">Greatest Wasted Mango Strong er et hvidt snusproduk fra m\u00e6rket Greatest, fremstillet af Premium Pouch Global OY. Produktet tilh\u00f8rer nikotinpudekategorien og indeholder nikotin men ingen tobak. Puderne er helt hvide og designet i et Slim-format, hvilket betyder en smallere profil sammenlignet med traditionel snus. Produktet klassificeres som st\u00e6rkt baseret p\u00e5 dets nikotinindhold.<\/p>\n<h2 data-section-id=\"1ufkwb7\" data-start=\"642\" data-end=\"660\">Smag og styrke<\/h2>\n<p data-start=\"662\" data-end=\"875\">Denne hvide snus har en mangoprofil. Smagen tilh\u00f8rer det frugtbaserede nikotinpudesegment og adskiller sig fra klassisk mint og b\u00e6ralternativer. Hver pude indeholder cirka 12 mg nikotin, svarende til 1,67%. Produktet klassificeres derfor som st\u00e6rkt inden for nikotinpudesegmentet.<\/p>\n<h2 data-section-id=\"1u8puf8\" data-start=\"877\" data-end=\"894\">Poseformat<\/h2>\n<p data-start=\"896\" data-end=\"1085\">Greatest Wasted Mango Strong leveres i Slim-format. Det betyder, at puderne er smallere og designet til diskret pasform under l\u00e6ben. Slim-format bruges almindeligvis i hvid snus og moderne nikotinpuder.<\/p>\n<h2 data-section-id=\"14a1xfx\" data-start=\"1087\" data-end=\"1105\">Om Greatest snus<\/h2>\n<p data-start=\"1107\" data-end=\"1335\">Greatest er et finsk m\u00e6rke inden for nikotinpudekategorien. Produkterne er karakteriseret ved helt hvide puder i diskrete formater og fremstilles af Premium Pouch Global OY. Sortimentet omfatter flere smagsvarianter og styrker inden for kategorien hvid snus.<\/p>\n<table style=\"height: 235px;\" width=\"383\">\n<tbody>\n<tr>\n<td><b>Attribute<\/b><\/td>\n<td><b>Detaljer<\/b><\/td>\n<\/tr>\n<tr>\n<td><strong>M\u00e6rke<\/strong><\/td>\n<td><a href=\"https:\/\/whitelip.com\/da\/greatest\/\"><em><strong>Bedste<\/strong><\/em><\/a><\/td>\n<\/tr>\n<tr>\n<td><b>Poseformat<\/b><\/td>\n<td><em><strong><a href=\"https:\/\/whitelip.com\/da\/format\/slim\/\">Slim<\/a><\/strong><\/em><\/td>\n<\/tr>\n<tr>\n<td><b>Styrke\u00a0<\/b><\/td>\n<td><a href=\"https:\/\/whitelip.com\/da\/nicotine\/strong\/\"><em><strong>St\u00e6rk<\/strong><\/em><\/a><\/td>\n<\/tr>\n<tr>\n<td><b>Producent<\/b><\/td>\n<td><a href=\"https:\/\/whitelip.com\/da\/greatest\/\"><em><strong>Premium Pouch Global OY<\/strong><\/em><\/a><\/td>\n<\/tr>\n<tr>\n<td><b>Smag<\/b><\/td>\n<td><span style=\"font-weight: 400;\">Mango<\/span><\/td>\n<\/tr>\n<tr>\n<td><b>Nikotinindhold<\/b><\/td>\n<td><b><span style=\"font-weight: 400;\">\u00a012 mg pr. pose<\/span><\/b><\/td>\n<\/tr>\n<tr>\n<td><b>Indhold pr. d\u00e5se<\/b><\/td>\n<td><span style=\"font-weight: 400;\">14 g (20 poser)<\/span><\/td>\n<\/tr>\n<tr>\n<td><b>Kategori<\/b><\/td>\n<td><a href=\"https:\/\/whitelip.com\/da\/nicotine-pouches\/\"><b><i>Nikotinposer<\/i><\/b><\/a><\/td>\n<\/tr>\n<tr>\n<td><b>Type\u00a0<\/b><\/td>\n<td><b><span style=\"font-weight: 400;\">Helt hvid pose<\/span><\/b><\/td>\n<\/tr>\n<\/tbody>\n<\/table>\n<p>&nbsp;<\/p>","protected":false},"excerpt":{"rendered":"<p>Greatest Wasted Mango Strong er en slim hvid nikotinpude med mangosmaig.<\/p>","protected":false},"featured_media":93138,"comment_status":"open","ping_status":"closed","template":"","format":[206],"meta":{"_acf_changed":false},"product_brand":[],"product_cat":[87],"product_tag":[16561],"flavours":[196],"nicotine":[213,232],"class_list":{"0":"post-93131","1":"product","2":"type-product","3":"status-publish","4":"has-post-thumbnail","6":"product_cat-greatest","7":"product_tag-12-mg-pouch","8":"pa_quantity-1-pack","9":"pa_quantity-10-pack","10":"pa_quantity-3-pack","11":"pa_quantity-30-pack","12":"pa_quantity-5-pack","13":"pa_quantity-60-pack","14":"flavours-fruits-berries","15":"format-slim","16":"nicotine-16-mg-g","17":"nicotine-extra-strong","19":"first","20":"outofstock","21":"taxable","22":"shipping-taxable","23":"purchasable","24":"product-type-variable"},"acf":[],"_links":{"self":[{"href":"https:\/\/whitelip.com\/da\/wp-json\/wp\/v2\/product\/93131","targetHints":{"allow":["GET"]}}],"collection":[{"href":"https:\/\/whitelip.com\/da\/wp-json\/wp\/v2\/product"}],"about":[{"href":"https:\/\/whitelip.com\/da\/wp-json\/wp\/v2\/types\/product"}],"replies":[{"embeddable":true,"href":"https:\/\/whitelip.com\/da\/wp-json\/wp\/v2\/comments?post=93131"}],"wp:featuredmedia":[{"embeddable":true,"href":"https:\/\/whitelip.com\/da\/wp-json\/wp\/v2\/media\/93138"}],"wp:attachment":[{"href":"https:\/\/whitelip.com\/da\/wp-json\/wp\/v2\/media?parent=93131"}],"wp:term":[{"taxonomy":"product_brand","embeddable":true,"href":"https:\/\/whitelip.com\/da\/wp-json\/wp\/v2\/product_brand?post=93131"},{"taxonomy":"product_cat","embeddable":true,"href":"https:\/\/whitelip.com\/da\/wp-json\/wp\/v2\/product_cat?post=93131"},{"taxonomy":"product_tag","embeddable":true,"href":"https:\/\/whitelip.com\/da\/wp-json\/wp\/v2\/product_tag?post=93131"},{"taxonomy":"flavours","embeddable":true,"href":"https:\/\/whitelip.com\/da\/wp-json\/wp\/v2\/flavours?post=93131"},{"taxonomy":"format","embeddable":true,"href":"https:\/\/whitelip.com\/da\/wp-json\/wp\/v2\/format?post=93131"},{"taxonomy":"nicotine","embeddable":true,"href":"https:\/\/whitelip.com\/da\/wp-json\/wp\/v2\/nicotine?post=93131"}],"curies":[{"name":"wp","href":"https:\/\/api.w.org\/{rel}","templated":true}]}}