{"id":92116,"date":"2026-03-24T13:52:49","date_gmt":"2026-03-24T13:52:49","guid":{"rendered":"https:\/\/whitelip.com\/?post_type=product&#038;p=92116"},"modified":"2026-04-07T23:44:29","modified_gmt":"2026-04-07T23:44:29","slug":"outdare-rad-mint-6mg","status":"publish","type":"product","link":"https:\/\/whitelip.com\/da\/uncategorized\/outdare-rad-mint-6mg\/","title":{"rendered":"OUTDARE Rad Mint 6mg"},"content":{"rendered":"<h2>OUTDARE Rad Mint 6mg<\/h2>\n<p data-start=\"30\" data-end=\"233\">OUTDARE Rad Mint Slim indeholder 6 mg nikotin pr. pose og har en mintbaseret smag-profil. Produktet pr\u00e6senteres i et Slim poseformat designet til diskret placering under l\u00e6ben. Smag-profilen fokuserer p\u00e5 mint med en klar og friskende karakter. Slim-formatet best\u00e5r af smallere poser designet til at sidde j\u00e6vnt under l\u00e6ben, mens det bevarer et lavprofileret udseende under brug. Posestrukturen underst\u00f8tter kontrolleret frigivelse af smag og nikotin over tid. Hver pose leverer 6 mg nikotin, hvilket placerer produktet i en lavere nikotinstyrke-kategori. Poserne produceres med en helt hvid sammens\u00e6tning og pakkes i en kompakt d\u00e5se med flere poser. Kombinationen af mintsmag, Slim-format og lavere nikotinindhold placerer dette produkt inden for det milde nikotinpose-segment i OUTDARE-serien.<\/p>\n<table>\n<tbody>\n<tr>\n<td><b>Attribute<\/b><\/td>\n<td><b>Detaljer<\/b><\/td>\n<\/tr>\n<tr>\n<td><b>Indhold pr. d\u00e5se<\/b><\/td>\n<td><span style=\"font-weight: 400;\">12g (20 poser)<\/span><\/td>\n<\/tr>\n<tr>\n<td><b>Nikotinindhold<\/b><\/td>\n<td><span style=\"font-weight: 400;\">10 mg\/g (6 mg pr. pose)<\/span><\/td>\n<\/tr>\n<tr>\n<td><b>Poseformat<\/b><\/td>\n<td><span style=\"font-weight: 400;\">Slim<\/span><\/td>\n<\/tr>\n<tr>\n<td><b>Producent<\/b><\/td>\n<td><span style=\"font-weight: 400;\">OutDare LLC<\/span><\/td>\n<\/tr>\n<tr>\n<td><b>Smag<\/b><\/td>\n<td><span style=\"font-weight: 400;\">Mint<\/span><\/td>\n<\/tr>\n<tr>\n<td><b>Type<\/b><\/td>\n<td><span style=\"font-weight: 400;\">Helt hvid pose<\/span><\/td>\n<\/tr>\n<\/tbody>\n<\/table>","protected":false},"excerpt":{"rendered":"<p>OUTDARE Rad Mint Slim indeholder <strong data-start=\"976\" data-end=\"993\">6 mg nikotin<\/strong> pr. pose med en mintsmag-profil. Den <strong data-start=\"1036\" data-end=\"1044\">Slim<\/strong> poseformat er designet til diskret placering under l\u00e6ben og giver kontrolleret frigivelse af smag og nikotin. Produktet klassificeres som lavere nikotinstyrke.<\/p>","protected":false},"featured_media":92123,"comment_status":"open","ping_status":"closed","template":"","format":[206],"meta":{"_acf_changed":false},"product_brand":[],"product_cat":[15],"product_tag":[17015,16559],"flavours":[199],"nicotine":[207,236],"class_list":{"0":"post-92116","1":"product","2":"type-product","3":"status-publish","4":"has-post-thumbnail","6":"product_cat-uncategorized","7":"product_tag-50-off","8":"product_tag-6-mg-pouch","9":"pa_quantity-1-pack","10":"pa_quantity-10-pack","11":"pa_quantity-3-pack","12":"pa_quantity-30-pack","13":"pa_quantity-5-pack","14":"pa_quantity-60-pack","15":"flavours-mint","16":"format-slim","17":"nicotine-10-mg-g","18":"nicotine-strong","20":"first","21":"outofstock","22":"sale","23":"taxable","24":"shipping-taxable","25":"purchasable","26":"product-type-variable"},"acf":[],"_links":{"self":[{"href":"https:\/\/whitelip.com\/da\/wp-json\/wp\/v2\/product\/92116","targetHints":{"allow":["GET"]}}],"collection":[{"href":"https:\/\/whitelip.com\/da\/wp-json\/wp\/v2\/product"}],"about":[{"href":"https:\/\/whitelip.com\/da\/wp-json\/wp\/v2\/types\/product"}],"replies":[{"embeddable":true,"href":"https:\/\/whitelip.com\/da\/wp-json\/wp\/v2\/comments?post=92116"}],"wp:featuredmedia":[{"embeddable":true,"href":"https:\/\/whitelip.com\/da\/wp-json\/wp\/v2\/media\/92123"}],"wp:attachment":[{"href":"https:\/\/whitelip.com\/da\/wp-json\/wp\/v2\/media?parent=92116"}],"wp:term":[{"taxonomy":"product_brand","embeddable":true,"href":"https:\/\/whitelip.com\/da\/wp-json\/wp\/v2\/product_brand?post=92116"},{"taxonomy":"product_cat","embeddable":true,"href":"https:\/\/whitelip.com\/da\/wp-json\/wp\/v2\/product_cat?post=92116"},{"taxonomy":"product_tag","embeddable":true,"href":"https:\/\/whitelip.com\/da\/wp-json\/wp\/v2\/product_tag?post=92116"},{"taxonomy":"flavours","embeddable":true,"href":"https:\/\/whitelip.com\/da\/wp-json\/wp\/v2\/flavours?post=92116"},{"taxonomy":"format","embeddable":true,"href":"https:\/\/whitelip.com\/da\/wp-json\/wp\/v2\/format?post=92116"},{"taxonomy":"nicotine","embeddable":true,"href":"https:\/\/whitelip.com\/da\/wp-json\/wp\/v2\/nicotine?post=92116"}],"curies":[{"name":"wp","href":"https:\/\/api.w.org\/{rel}","templated":true}]}}