{"id":8566,"date":"2024-11-28T12:48:10","date_gmt":"2024-11-28T12:48:10","guid":{"rendered":"https:\/\/whitelip.com\/puff-pouch-ice-12mg\/"},"modified":"2026-05-06T10:11:16","modified_gmt":"2026-05-06T10:11:16","slug":"puff-pouch-ice-12mg","status":"publish","type":"product","link":"https:\/\/whitelip.com\/da\/puff-pouch\/puff-pouch-ice-12mg\/","title":{"rendered":"Puff &amp; Pouch Ice 12mg"},"content":{"rendered":"<h2><b>Puff &amp; Pouch Ice 12mg<\/b><\/h2>\n<p><span style=\"font-weight: 400;\">Puff &amp; Pouch Ice 12mg nikotinposer leverer en intens, erfriskende iseminesmag, der giver en k\u00f8lig og revitaliserende nikotinoplevelse. Disse slanke, tobaksfrie poser er designet til diskret og komfortabel brug og passer perfekt under l\u00e6ben. Med en h\u00f8jere nikotinstyrke er Puff &amp; Pouch Ice 12mg ideel for brugere, der s\u00f8ger en kraftig og frostkuld fornemmelse kombineret med en tilfredsstillende nikotinudgivelse.<\/span><\/p>\n<table>\n<tbody>\n<tr>\n<td><b>Attribute<\/b><\/td>\n<td><b>Detaljer<\/b><\/td>\n<\/tr>\n<tr>\n<td><span style=\"font-weight: 400;\">Indhold pr. D\u00e5se<\/span><\/td>\n<td><span style=\"font-weight: 400;\">10g (20 poser)<\/span><\/td>\n<\/tr>\n<tr>\n<td><span style=\"font-weight: 400;\">Nikotin Indhold<\/span><\/td>\n<td><span style=\"font-weight: 400;\">16 mg\/g (12 mg pr. poulse)<\/span><\/td>\n<\/tr>\n<tr>\n<td><span style=\"font-weight: 400;\">Pouch Format<\/span><\/td>\n<td><span style=\"font-weight: 400;\">Slim<\/span><\/td>\n<\/tr>\n<tr>\n<td><span style=\"font-weight: 400;\">Producent<\/span><\/td>\n<td><span style=\"font-weight: 400;\">Puff &amp; Pouch<\/span><\/td>\n<\/tr>\n<tr>\n<td><span style=\"font-weight: 400;\">Smag<\/span><\/td>\n<td><span style=\"font-weight: 400;\">Ice Mint<\/span><\/td>\n<\/tr>\n<tr>\n<td><span style=\"font-weight: 400;\">Type<\/span><\/td>\n<td><span style=\"font-weight: 400;\">Alt hvid pouch, Tobaksri<\/span><\/td>\n<\/tr>\n<\/tbody>\n<\/table>","protected":false},"excerpt":{"rendered":"<p>Puff &amp; Pouch Ice 12mg nikotinposer leverer en intens, erfriskende <strong data-start=\"71\" data-end=\"83\">Ice Mint<\/strong> smag med en k\u00f8lig, revitaliserende fornemmelse. <strong data-start=\"123\" data-end=\"131\">Slim<\/strong>, tobaksfriet format til diskret, komfortabel brug. Hver pose indeholder <strong data-start=\"204\" data-end=\"222\">12 mg nikotin<\/strong>.<\/p>","protected":false},"featured_media":3185,"comment_status":"open","ping_status":"closed","template":"","format":[206],"meta":{"_acf_changed":false},"product_brand":[],"product_cat":[86],"product_tag":[16561],"flavours":[199],"nicotine":[213,232],"class_list":{"0":"post-8566","1":"product","2":"type-product","3":"status-publish","4":"has-post-thumbnail","6":"product_cat-puff-pouch","7":"product_tag-12-mg-pouch","8":"pa_quantity-1-pack","9":"pa_quantity-10-pack","10":"pa_quantity-3-pack","11":"pa_quantity-30-pack","12":"pa_quantity-5-pack","13":"pa_quantity-60-pack","14":"flavours-mint","15":"format-slim","16":"nicotine-16-mg-g","17":"nicotine-extra-strong","19":"first","20":"outofstock","21":"taxable","22":"shipping-taxable","23":"purchasable","24":"product-type-variable"},"acf":[],"_links":{"self":[{"href":"https:\/\/whitelip.com\/da\/wp-json\/wp\/v2\/product\/8566","targetHints":{"allow":["GET"]}}],"collection":[{"href":"https:\/\/whitelip.com\/da\/wp-json\/wp\/v2\/product"}],"about":[{"href":"https:\/\/whitelip.com\/da\/wp-json\/wp\/v2\/types\/product"}],"replies":[{"embeddable":true,"href":"https:\/\/whitelip.com\/da\/wp-json\/wp\/v2\/comments?post=8566"}],"wp:featuredmedia":[{"embeddable":true,"href":"https:\/\/whitelip.com\/da\/wp-json\/wp\/v2\/media\/3185"}],"wp:attachment":[{"href":"https:\/\/whitelip.com\/da\/wp-json\/wp\/v2\/media?parent=8566"}],"wp:term":[{"taxonomy":"product_brand","embeddable":true,"href":"https:\/\/whitelip.com\/da\/wp-json\/wp\/v2\/product_brand?post=8566"},{"taxonomy":"product_cat","embeddable":true,"href":"https:\/\/whitelip.com\/da\/wp-json\/wp\/v2\/product_cat?post=8566"},{"taxonomy":"product_tag","embeddable":true,"href":"https:\/\/whitelip.com\/da\/wp-json\/wp\/v2\/product_tag?post=8566"},{"taxonomy":"flavours","embeddable":true,"href":"https:\/\/whitelip.com\/da\/wp-json\/wp\/v2\/flavours?post=8566"},{"taxonomy":"format","embeddable":true,"href":"https:\/\/whitelip.com\/da\/wp-json\/wp\/v2\/format?post=8566"},{"taxonomy":"nicotine","embeddable":true,"href":"https:\/\/whitelip.com\/da\/wp-json\/wp\/v2\/nicotine?post=8566"}],"curies":[{"name":"wp","href":"https:\/\/api.w.org\/{rel}","templated":true}]}}