{"id":8532,"date":"2024-11-28T12:47:46","date_gmt":"2024-11-28T12:47:46","guid":{"rendered":"https:\/\/whitelip.com\/zyn-black-cherry-6mg\/"},"modified":"2026-05-09T18:09:46","modified_gmt":"2026-05-09T18:09:46","slug":"zyn-black-cherry-6mg","status":"publish","type":"product","link":"https:\/\/whitelip.com\/da\/zyn\/zyn-black-cherry-6mg\/","title":{"rendered":"ZYN Black Cherry 6mg"},"content":{"rendered":"<h2><b>ZYN Black Cherry 6mg<\/b><\/h2>\n<p><span style=\"font-weight: 400;\">ZYN Black Cherry 6mg tilbyder en <\/span><b>rig og s\u00f8d sortkirseb\u00e6r-smag<\/b><span style=\"font-weight: 400;\">, hvilket giver en glat og tilfredsstillende nikotinoplevelse med hver pose. Den dybe, frugtfulde smag af modne kirseb\u00e6r er perfekt afbalanceret med subtil syrhed, hvilket skaber en smagfuld og frisk oplevelse. Hver slim, hvid pose indeholder <\/span><b>6 mg nikotin<\/b><span style=\"font-weight: 400;\">, hvilket giver en moderat og stabil udgivelse, ideel for dem, der s\u00f8ger en lettere nikotinmulighed.<\/span><\/p>\n<p><span style=\"font-weight: 400;\">Det slanke format sikrer en diskret og komfortabel pasform under l\u00e6ben, hvilket giver mulighed for rent, pletfrit brug til enhver tid. Fremstillet helt uden tobak og lavet af materialer af h\u00f8j kvalitet p\u00e5 plantebasis, ZYN Black Cherry 6mg tilbyder et moderne og behageligt nikotinalternativ med en levende kirseb\u00e6rsmag.<\/span><\/p>\n<table>\n<tbody>\n<tr>\n<td><b>Attribute<\/b><\/td>\n<td><b>Detaljer<\/b><\/td>\n<\/tr>\n<tr>\n<td><b>M\u00e6rke<\/b><\/td>\n<td><span style=\"font-weight: 400;\">ZYN<\/span><\/td>\n<\/tr>\n<tr>\n<td><b>Produkttype<\/b><\/td>\n<td><span style=\"font-weight: 400;\">Alt hvide nikotinposer<\/span><\/td>\n<\/tr>\n<tr>\n<td><b>Format<\/b><\/td>\n<td><span style=\"font-weight: 400;\">Slim<\/span><\/td>\n<\/tr>\n<tr>\n<td><b>Smag<\/b><\/td>\n<td><span style=\"font-weight: 400;\">Sortkisel<\/span><\/td>\n<\/tr>\n<tr>\n<td><b>Nikotinstyrke<\/b><\/td>\n<td><span style=\"font-weight: 400;\">6 mg pr. pouse<\/span><\/td>\n<\/tr>\n<tr>\n<td><b>Portionsv\u00e6gt<\/b><\/td>\n<td><span style=\"font-weight: 400;\">0,7 gram<\/span><\/td>\n<\/tr>\n<tr>\n<td><b>Antal portioner<\/b><\/td>\n<td><span style=\"font-weight: 400;\">21 pr. boks<\/span><\/td>\n<\/tr>\n<tr>\n<td><b>Samlet d\u00e5sev\u00e6gt<\/b><\/td>\n<td><span style=\"font-weight: 400;\">14,7 gram<\/span><\/td>\n<\/tr>\n<tr>\n<td><b>Producent<\/b><\/td>\n<td><span style=\"font-weight: 400;\">Swedish Match<\/span><\/td>\n<\/tr>\n<tr>\n<td><b>Bem\u00e6rkelsesv\u00e6rdige funktioner<\/b><\/td>\n<td><span style=\"font-weight: 400;\">Tobaksfrit, slim format, s\u00f8dt og syrligt sort kirseb\u00e6r smag<\/span><\/td>\n<\/tr>\n<\/tbody>\n<\/table>","protected":false},"excerpt":{"rendered":"<p><strong>Nyt design! Under overgangen kan begge designs s\u00e6lges.<\/strong><\/p>\n<p>ZYN <strong data-start=\"4\" data-end=\"20\">Sortkisel<\/strong> <strong data-start=\"21\" data-end=\"29\">slim<\/strong> leverer rig, s\u00f8d sortkirseb\u00e6r med en glat, frisk eftersmag. Hver pose indeholder <strong data-start=\"118\" data-end=\"135\">6 mg nikotin<\/strong> for en moderat, stabil udl\u00f8sning.<\/p>","protected":false},"featured_media":8533,"comment_status":"open","ping_status":"closed","template":"","format":[205],"meta":{"_acf_changed":false},"product_brand":[],"product_cat":[37],"product_tag":[16559],"flavours":[196],"nicotine":[212,232],"class_list":{"0":"post-8532","1":"product","2":"type-product","3":"status-publish","4":"has-post-thumbnail","6":"product_cat-zyn","7":"product_tag-6-mg-pouch","8":"pa_quantity-1-pack","9":"pa_quantity-10-pack","10":"pa_quantity-3-pack","11":"pa_quantity-30-pack","12":"pa_quantity-5-pack","13":"pa_quantity-60-pack","14":"flavours-fruits-berries","15":"format-mini","16":"nicotine-15-mg-g","17":"nicotine-extra-strong","19":"first","20":"instock","21":"taxable","22":"shipping-taxable","23":"purchasable","24":"product-type-variable"},"acf":[],"_links":{"self":[{"href":"https:\/\/whitelip.com\/da\/wp-json\/wp\/v2\/product\/8532","targetHints":{"allow":["GET"]}}],"collection":[{"href":"https:\/\/whitelip.com\/da\/wp-json\/wp\/v2\/product"}],"about":[{"href":"https:\/\/whitelip.com\/da\/wp-json\/wp\/v2\/types\/product"}],"replies":[{"embeddable":true,"href":"https:\/\/whitelip.com\/da\/wp-json\/wp\/v2\/comments?post=8532"}],"wp:featuredmedia":[{"embeddable":true,"href":"https:\/\/whitelip.com\/da\/wp-json\/wp\/v2\/media\/8533"}],"wp:attachment":[{"href":"https:\/\/whitelip.com\/da\/wp-json\/wp\/v2\/media?parent=8532"}],"wp:term":[{"taxonomy":"product_brand","embeddable":true,"href":"https:\/\/whitelip.com\/da\/wp-json\/wp\/v2\/product_brand?post=8532"},{"taxonomy":"product_cat","embeddable":true,"href":"https:\/\/whitelip.com\/da\/wp-json\/wp\/v2\/product_cat?post=8532"},{"taxonomy":"product_tag","embeddable":true,"href":"https:\/\/whitelip.com\/da\/wp-json\/wp\/v2\/product_tag?post=8532"},{"taxonomy":"flavours","embeddable":true,"href":"https:\/\/whitelip.com\/da\/wp-json\/wp\/v2\/flavours?post=8532"},{"taxonomy":"format","embeddable":true,"href":"https:\/\/whitelip.com\/da\/wp-json\/wp\/v2\/format?post=8532"},{"taxonomy":"nicotine","embeddable":true,"href":"https:\/\/whitelip.com\/da\/wp-json\/wp\/v2\/nicotine?post=8532"}],"curies":[{"name":"wp","href":"https:\/\/api.w.org\/{rel}","templated":true}]}}