{"id":8510,"date":"2024-11-28T12:47:22","date_gmt":"2024-11-28T12:47:22","guid":{"rendered":"https:\/\/whitelip.com\/kelly-white-hot-cherry-mini-strong\/"},"modified":"2026-05-09T22:39:39","modified_gmt":"2026-05-09T22:39:39","slug":"kelly-white-hot-cherry-strong","status":"publish","type":"product","link":"https:\/\/whitelip.com\/da\/kelly-white\/kelly-white-hot-cherry-strong\/","title":{"rendered":"KELLY WHITE Hot Cherry Strong"},"content":{"rendered":"<h2>KELLY WHITE Hot Cherry Strong<\/h2>\n<p><span style=\"font-weight: 400;\">Kelly White Hot Cherry Mini Strong er en tobaksfri nikotinpude, der kombinerer den s\u00f8de smag af kirseb\u00e6r med kick'et af chili. Hver slim-format pude indeholder 8 mg nikotin, hvilket giver en st\u00e6rk oplevelse egnet til erfarne brugere. Puderne er designet til diskret brug uden at plette t\u00e6nderne, hvilket g\u00f8r dem ideelle til at nyde on-the-go. Produceret af White Industries AB, en svensk producent kendt for at blande samtidig metoder med traditionel kvalitet, eksemplificerer disse puder h\u00f8je standarder og innovative smagskombinationer.<\/span><\/p>\n<table>\n<tbody>\n<tr>\n<td><b>Attribute<\/b><\/td>\n<td><b>Detaljer<\/b><\/td>\n<\/tr>\n<tr>\n<td><b>Indhold pr. d\u00e5se<\/b><\/td>\n<td><span style=\"font-weight: 400;\">10g (20 poser)<\/span><\/td>\n<\/tr>\n<tr>\n<td><b>Nikotinindhold<\/b><\/td>\n<td><span style=\"font-weight: 400;\">8 mg pr. pouch<\/span><\/td>\n<\/tr>\n<tr>\n<td><b>Poseformat<\/b><\/td>\n<td><span style=\"font-weight: 400;\">Slim<\/span><\/td>\n<\/tr>\n<tr>\n<td><b>Producent<\/b><\/td>\n<td><span style=\"font-weight: 400;\">White Industries AB<\/span><\/td>\n<\/tr>\n<tr>\n<td><b>Smag<\/b><\/td>\n<td><span style=\"font-weight: 400;\">Kirseb\u00e6r og chili<\/span><\/td>\n<\/tr>\n<tr>\n<td><b>Type<\/b><\/td>\n<td><span style=\"font-weight: 400;\">Helt hvid pose<\/span><\/td>\n<\/tr>\n<\/tbody>\n<\/table>","protected":false},"excerpt":{"rendered":"<p>S\u00f8d <strong data-start=\"6\" data-end=\"20\">varm kirseb\u00e6r<\/strong> med en krydret chili-kick. <strong data-start=\"46\" data-end=\"54\">Slim<\/strong>, tobaksfr\u0438\u0435 poser sidder diskret under l\u00e6ben og vil ikke plette t\u00e6nderne, ideelt n\u00e5r du er p\u00e5 farten. Hver pose indeholder <strong data-start=\"166\" data-end=\"185\">8 mg nikotin<\/strong>, hvilket giver en st\u00e6rk oplevelse for \u00f8vede brugere. Produceret af White Industries AB (Sverige) med h\u00f8je standarder og innovative smagsblanding.<\/p>","protected":false},"featured_media":97222,"comment_status":"open","ping_status":"closed","template":"","format":[206],"meta":{"_acf_changed":false},"product_brand":[],"product_cat":[83],"product_tag":[16445,16583],"flavours":[187,196],"nicotine":[213,232],"class_list":{"0":"post-8510","1":"product","2":"type-product","3":"status-publish","4":"has-post-thumbnail","6":"product_cat-kelly-white","7":"product_tag-20-off","8":"product_tag-8-mg-pouch","9":"pa_quantity-1-pack","10":"pa_quantity-10-pack","11":"pa_quantity-3-pack","12":"pa_quantity-30-pack","13":"pa_quantity-5-pack","14":"pa_quantity-60-pack","15":"flavours-chili","16":"flavours-fruits-berries","17":"format-slim","18":"nicotine-16-mg-g","19":"nicotine-extra-strong","21":"first","22":"instock","23":"sale","24":"taxable","25":"shipping-taxable","26":"purchasable","27":"product-type-variable"},"acf":[],"_links":{"self":[{"href":"https:\/\/whitelip.com\/da\/wp-json\/wp\/v2\/product\/8510","targetHints":{"allow":["GET"]}}],"collection":[{"href":"https:\/\/whitelip.com\/da\/wp-json\/wp\/v2\/product"}],"about":[{"href":"https:\/\/whitelip.com\/da\/wp-json\/wp\/v2\/types\/product"}],"replies":[{"embeddable":true,"href":"https:\/\/whitelip.com\/da\/wp-json\/wp\/v2\/comments?post=8510"}],"wp:featuredmedia":[{"embeddable":true,"href":"https:\/\/whitelip.com\/da\/wp-json\/wp\/v2\/media\/97222"}],"wp:attachment":[{"href":"https:\/\/whitelip.com\/da\/wp-json\/wp\/v2\/media?parent=8510"}],"wp:term":[{"taxonomy":"product_brand","embeddable":true,"href":"https:\/\/whitelip.com\/da\/wp-json\/wp\/v2\/product_brand?post=8510"},{"taxonomy":"product_cat","embeddable":true,"href":"https:\/\/whitelip.com\/da\/wp-json\/wp\/v2\/product_cat?post=8510"},{"taxonomy":"product_tag","embeddable":true,"href":"https:\/\/whitelip.com\/da\/wp-json\/wp\/v2\/product_tag?post=8510"},{"taxonomy":"flavours","embeddable":true,"href":"https:\/\/whitelip.com\/da\/wp-json\/wp\/v2\/flavours?post=8510"},{"taxonomy":"format","embeddable":true,"href":"https:\/\/whitelip.com\/da\/wp-json\/wp\/v2\/format?post=8510"},{"taxonomy":"nicotine","embeddable":true,"href":"https:\/\/whitelip.com\/da\/wp-json\/wp\/v2\/nicotine?post=8510"}],"curies":[{"name":"wp","href":"https:\/\/api.w.org\/{rel}","templated":true}]}}