{"id":8506,"date":"2024-11-28T12:47:21","date_gmt":"2024-11-28T12:47:21","guid":{"rendered":"https:\/\/whitelip.com\/kelly-white-sweet-melon-mint-slim\/"},"modified":"2026-05-11T10:11:52","modified_gmt":"2026-05-11T10:11:52","slug":"kelly-white-sweet-melon-mint-slim","status":"publish","type":"product","link":"https:\/\/whitelip.com\/da\/kelly-white\/kelly-white-sweet-melon-mint-slim\/","title":{"rendered":"KELLY WHITE Sweet Melon Mint Slim"},"content":{"rendered":"<h2><b>Kelly White Sweet Melon Mint Slim<\/b><\/h2>\n<p><span style=\"font-weight: 400;\">Kelly White Sweet Melon Mint Slim nikotinposer tilbyder en opfriskende kombination af s\u00f8de melon- og mintsmage. Hver slim-format pose indeholder 10 mg nikotin pr. gram, svarende til 5 mg pr. pose, hvilket giver en afbalanceret oplevelse, der passer til regelm\u00e6ssige brugere. Poserne er designet til diskret brug uden at misfarve t\u00e6nderne, hvilket g\u00f8r dem ideelle til at nyde p\u00e5 farten. Produceret af White Industries AB, en svensk producent kendt for at kombinere samtidsmetoder med traditionel kvalitet, eksemplificerer disse poser h\u00f8je standarder og innovative smagskombinationer.<\/span><\/p>\n<table>\n<tbody>\n<tr>\n<td><b>Attribute<\/b><\/td>\n<td><b>Detaljer<\/b><\/td>\n<\/tr>\n<tr>\n<td><b>Indhold pr. d\u00e5se<\/b><\/td>\n<td><span style=\"font-weight: 400;\">10g (20 poser)<\/span><\/td>\n<\/tr>\n<tr>\n<td><b>Nikotinindhold<\/b><\/td>\n<td><span style=\"font-weight: 400;\">10 mg\/g (5 mg per pose)<\/span><\/td>\n<\/tr>\n<tr>\n<td><b>Poseformat<\/b><\/td>\n<td><span style=\"font-weight: 400;\">Slim<\/span><\/td>\n<\/tr>\n<tr>\n<td><b>Producent<\/b><\/td>\n<td><span style=\"font-weight: 400;\">White Industries AB<\/span><\/td>\n<\/tr>\n<tr>\n<td><b>Smag<\/b><\/td>\n<td><span style=\"font-weight: 400;\">S\u00f8de melon og mint<\/span><\/td>\n<\/tr>\n<tr>\n<td><b>Type<\/b><\/td>\n<td><span style=\"font-weight: 400;\">Helt hvid pose<\/span><\/td>\n<\/tr>\n<\/tbody>\n<\/table>","protected":false},"excerpt":{"rendered":"<p>Opfriskende <strong data-start=\"11\" data-end=\"31\">s\u00f8de melone-mint<\/strong> kombination for et rent, k\u00f8lig l\u00f8ft. <strong data-start=\"71\" data-end=\"79\">Slim<\/strong>, helt hvide, tobaksofrie poser sidder diskret under l\u00e6ben og vil ikke plette t\u00e6nder. Hver pose indeholder <strong data-start=\"185\" data-end=\"205\">5 mg nikotin<\/strong> (<strong data-start=\"207\" data-end=\"217\">10 mg\/g<\/strong>), hvilket giver en afbalanceret, tilfredsstillende oplevelse.<\/p>","protected":false},"featured_media":97226,"comment_status":"open","ping_status":"closed","template":"","format":[206],"meta":{"_acf_changed":false},"product_brand":[],"product_cat":[83],"product_tag":[16445,16565],"flavours":[196,199],"nicotine":[236,207],"class_list":{"0":"post-8506","1":"product","2":"type-product","3":"status-publish","4":"has-post-thumbnail","6":"product_cat-kelly-white","7":"product_tag-20-off","8":"product_tag-5-mg-pouch","9":"pa_quantity-1-pack","10":"pa_quantity-10-pack","11":"pa_quantity-3-pack","12":"pa_quantity-30-pack","13":"pa_quantity-5-pack","14":"pa_quantity-60-pack","15":"flavours-fruits-berries","16":"flavours-mint","17":"format-slim","18":"nicotine-strong","19":"nicotine-10-mg-g","21":"first","22":"instock","23":"sale","24":"taxable","25":"shipping-taxable","26":"purchasable","27":"product-type-variable"},"acf":[],"_links":{"self":[{"href":"https:\/\/whitelip.com\/da\/wp-json\/wp\/v2\/product\/8506","targetHints":{"allow":["GET"]}}],"collection":[{"href":"https:\/\/whitelip.com\/da\/wp-json\/wp\/v2\/product"}],"about":[{"href":"https:\/\/whitelip.com\/da\/wp-json\/wp\/v2\/types\/product"}],"replies":[{"embeddable":true,"href":"https:\/\/whitelip.com\/da\/wp-json\/wp\/v2\/comments?post=8506"}],"wp:featuredmedia":[{"embeddable":true,"href":"https:\/\/whitelip.com\/da\/wp-json\/wp\/v2\/media\/97226"}],"wp:attachment":[{"href":"https:\/\/whitelip.com\/da\/wp-json\/wp\/v2\/media?parent=8506"}],"wp:term":[{"taxonomy":"product_brand","embeddable":true,"href":"https:\/\/whitelip.com\/da\/wp-json\/wp\/v2\/product_brand?post=8506"},{"taxonomy":"product_cat","embeddable":true,"href":"https:\/\/whitelip.com\/da\/wp-json\/wp\/v2\/product_cat?post=8506"},{"taxonomy":"product_tag","embeddable":true,"href":"https:\/\/whitelip.com\/da\/wp-json\/wp\/v2\/product_tag?post=8506"},{"taxonomy":"flavours","embeddable":true,"href":"https:\/\/whitelip.com\/da\/wp-json\/wp\/v2\/flavours?post=8506"},{"taxonomy":"format","embeddable":true,"href":"https:\/\/whitelip.com\/da\/wp-json\/wp\/v2\/format?post=8506"},{"taxonomy":"nicotine","embeddable":true,"href":"https:\/\/whitelip.com\/da\/wp-json\/wp\/v2\/nicotine?post=8506"}],"curies":[{"name":"wp","href":"https:\/\/api.w.org\/{rel}","templated":true}]}}