{"id":8502,"date":"2024-11-28T12:47:21","date_gmt":"2024-11-28T12:47:21","guid":{"rendered":"https:\/\/whitelip.com\/kelly-white-sweet-peach-mini-strong\/"},"modified":"2026-04-11T19:03:58","modified_gmt":"2026-04-11T19:03:58","slug":"kelly-white-sweet-peach-slim-strong","status":"publish","type":"product","link":"https:\/\/whitelip.com\/da\/kelly-white\/kelly-white-sweet-peach-slim-strong\/","title":{"rendered":"KELLY WHITE Sweet Peach Slim Strong"},"content":{"rendered":"<h2>KELLY WHITE Sweet Peach Slim Strong<\/h2>\n<p><span style=\"font-weight: 400;\">Kelly White Sweet Peach Slim nikotinpuder tilbyder en herlig blanding af s\u00f8de ferskener i et diskret slim-format. Hver pude indeholder 14 mg nikotin pr. gram, svarende til cirka 8 mg pr. pude, hvilket giver en moderat oplevelse egnet til regelm\u00e6ssige brugere. Puderne er designet til diskret brug uden at plette t\u00e6nderne, hvilket g\u00f8r dem ideelle til at nyde on-the-go. Produceret af White Industries AB, en svensk producent kendt for at blande samtidig metoder med traditionel kvalitet, eksemplificerer disse puder h\u00f8je standarder og innovative smagskombinationer.<\/span><\/p>\n<table>\n<tbody>\n<tr>\n<td><b>Attribute<\/b><\/td>\n<td><b>Detaljer<\/b><\/td>\n<\/tr>\n<tr>\n<td><b>Indhold pr. d\u00e5se<\/b><\/td>\n<td><span style=\"font-weight: 400;\">8g (20 puder)<\/span><\/td>\n<\/tr>\n<tr>\n<td><b>Nikotinindhold<\/b><\/td>\n<td><span style=\"font-weight: 400;\">14 mg\/g (8 mg pr. pude)<\/span><\/td>\n<\/tr>\n<tr>\n<td><b>Poseformat<\/b><\/td>\n<td><span style=\"font-weight: 400;\">Slim<\/span><\/td>\n<\/tr>\n<tr>\n<td><b>Producent<\/b><\/td>\n<td><span style=\"font-weight: 400;\">White Industries AB<\/span><\/td>\n<\/tr>\n<tr>\n<td><b>Smag<\/b><\/td>\n<td><span style=\"font-weight: 400;\">S\u00f8de fersken<\/span><\/td>\n<\/tr>\n<tr>\n<td><b>Type<\/b><\/td>\n<td><span style=\"font-weight: 400;\">Helt hvid pose<\/span><\/td>\n<\/tr>\n<\/tbody>\n<\/table>","protected":false},"excerpt":{"rendered":"<p>Herlig, s\u00f8de <strong data-start=\"18\" data-end=\"27\">fersken<\/strong> i et diskret <b>Slim <\/b>format. Helt hvide, tobaksfrie poser sidder diskret under l\u00e6ben og misfarvner ikke t\u00e6nder, ideelt p\u00e5 farten. Hver pose indeholder <strong data-start=\"180\" data-end=\"198\">8 mg nikotin<\/strong> (14 mg\/g), hvilket giver en afbalanceret, tilfredsstillende oplevelse.<\/p>","protected":false},"featured_media":92086,"comment_status":"open","ping_status":"closed","template":"","format":[206],"meta":{"_acf_changed":false},"product_brand":[],"product_cat":[83],"product_tag":[16583],"flavours":[196],"nicotine":[211,232],"class_list":{"0":"post-8502","1":"product","2":"type-product","3":"status-publish","4":"has-post-thumbnail","6":"product_cat-kelly-white","7":"product_tag-8-mg-pouch","8":"pa_quantity-1-pack","9":"pa_quantity-10-pack","10":"pa_quantity-3-pack","11":"pa_quantity-30-pack","12":"pa_quantity-5-pack","13":"pa_quantity-60-pack","14":"flavours-fruits-berries","15":"format-slim","16":"nicotine-14-mg-g","17":"nicotine-extra-strong","19":"first","20":"outofstock","21":"taxable","22":"shipping-taxable","23":"purchasable","24":"product-type-variable"},"acf":[],"_links":{"self":[{"href":"https:\/\/whitelip.com\/da\/wp-json\/wp\/v2\/product\/8502","targetHints":{"allow":["GET"]}}],"collection":[{"href":"https:\/\/whitelip.com\/da\/wp-json\/wp\/v2\/product"}],"about":[{"href":"https:\/\/whitelip.com\/da\/wp-json\/wp\/v2\/types\/product"}],"replies":[{"embeddable":true,"href":"https:\/\/whitelip.com\/da\/wp-json\/wp\/v2\/comments?post=8502"}],"wp:featuredmedia":[{"embeddable":true,"href":"https:\/\/whitelip.com\/da\/wp-json\/wp\/v2\/media\/92086"}],"wp:attachment":[{"href":"https:\/\/whitelip.com\/da\/wp-json\/wp\/v2\/media?parent=8502"}],"wp:term":[{"taxonomy":"product_brand","embeddable":true,"href":"https:\/\/whitelip.com\/da\/wp-json\/wp\/v2\/product_brand?post=8502"},{"taxonomy":"product_cat","embeddable":true,"href":"https:\/\/whitelip.com\/da\/wp-json\/wp\/v2\/product_cat?post=8502"},{"taxonomy":"product_tag","embeddable":true,"href":"https:\/\/whitelip.com\/da\/wp-json\/wp\/v2\/product_tag?post=8502"},{"taxonomy":"flavours","embeddable":true,"href":"https:\/\/whitelip.com\/da\/wp-json\/wp\/v2\/flavours?post=8502"},{"taxonomy":"format","embeddable":true,"href":"https:\/\/whitelip.com\/da\/wp-json\/wp\/v2\/format?post=8502"},{"taxonomy":"nicotine","embeddable":true,"href":"https:\/\/whitelip.com\/da\/wp-json\/wp\/v2\/nicotine?post=8502"}],"curies":[{"name":"wp","href":"https:\/\/api.w.org\/{rel}","templated":true}]}}