{"id":8476,"date":"2024-12-20T19:39:26","date_gmt":"2024-12-20T19:39:26","guid":{"rendered":"https:\/\/whitelip.com\/xqs-cool-ice-slim-x-strong\/"},"modified":"2026-04-14T08:09:41","modified_gmt":"2026-04-14T08:09:41","slug":"xqs-cool-ice-slim-x-strong","status":"publish","type":"product","link":"https:\/\/whitelip.com\/da\/xqs\/xqs-cool-ice-slim-x-strong\/","title":{"rendered":"XQS Cool Ice Slim X-Strong"},"content":{"rendered":"<h2><b>XQS Cool Ice Slim X-Stron<\/b><b>g<\/b><\/h2>\n<p><span style=\"font-weight: 400;\">XQS Cool Ice Slim X-Strong leverer en spr\u00f8d og frisk <\/span><b style=\"font-size: 16px;\">iskold mintsmag<\/b><span style=\"font-weight: 400;\"> med en glat k\u00f8lesensation, perfekt til dem, der nyder en ren og oplivende nikotinoplevelse. Med <\/span><b style=\"font-size: 16px;\">14 mg nikotin pr. pose<\/b><span style=\"font-weight: 400;\">, leverer dette produkt en st\u00e6rk og stabil frigivelse, hvilket henvender sig til brugere, der s\u00f8ger en ekstra st\u00e6rk option.<\/span><\/p>\n<p><span style=\"font-weight: 400;\">Det slanke format sikrer en diskret og komfortabel pasform under l\u00e6ben, hvilket tillader rent og pletfrit forbrug til enhver tid. Fremstillet helt uden tobak og skabt med h\u00f8j kvalitet plantefibre, XQS Cool Ice Slim X-Strong tilbyder et moderne, rent nikotinalternativ. Dens k\u00f8leminthsmag kombineret med p\u00e5lidelig styrke g\u00f8r det til et glimrende valg til \u00f8jeblikke, hvor du har brug for en genoplivende boost.<\/span><\/p>\n<table>\n<tbody>\n<tr>\n<td><b>Attribute<\/b><\/td>\n<td><b>Detaljer<\/b><\/td>\n<\/tr>\n<tr>\n<td><b>M\u00e6rke<\/b><\/td>\n<td><span style=\"font-weight: 400;\">XQS<\/span><\/td>\n<\/tr>\n<tr>\n<td><b>Produkttype<\/b><\/td>\n<td><span style=\"font-weight: 400;\">Alt hvide nikotinposer<\/span><\/td>\n<\/tr>\n<tr>\n<td><b>Format<\/b><\/td>\n<td><span style=\"font-weight: 400;\">Slim<\/span><\/td>\n<\/tr>\n<tr>\n<td><b>Smag<\/b><\/td>\n<td><span style=\"font-weight: 400;\">Icy Mint<\/span><\/td>\n<\/tr>\n<tr>\n<td><b>Nikotinstyrke<\/b><\/td>\n<td><span style=\"font-weight: 400;\">14 mg pr. pose (18 mg\/g)<\/span><\/td>\n<\/tr>\n<tr>\n<td><b>Portionsv\u00e6gt<\/b><\/td>\n<td><span style=\"font-weight: 400;\">0,8 gram<\/span><\/td>\n<\/tr>\n<tr>\n<td><b>Antal portioner<\/b><\/td>\n<td><span style=\"font-weight: 400;\">20 pr. d\u00e5se<\/span><\/td>\n<\/tr>\n<tr>\n<td><b>Samlet d\u00e5sev\u00e6gt<\/b><\/td>\n<td><span style=\"font-weight: 400;\">16 gram<\/span><\/td>\n<\/tr>\n<tr>\n<td><b>Producent<\/b><\/td>\n<td><span style=\"font-weight: 400;\">XQS International<\/span><\/td>\n<\/tr>\n<tr>\n<td><b>Bem\u00e6rkelsesv\u00e6rdige funktioner<\/b><\/td>\n<td><span style=\"font-weight: 400;\">Tobaksfri, slim format, st\u00e6rk k\u00f8leminthsmag med ekstra nikotinstyrke<\/span><\/td>\n<\/tr>\n<\/tbody>\n<\/table>","protected":false},"excerpt":{"rendered":"<p><span style=\"font-weight: 400;\">XQS Cool Ice <strong>Slim<\/strong> X-Strong leverer en spr\u00f8d og frisk <\/span><b>iskold mintsmag<\/b><span style=\"font-weight: 400;\"> med en glat k\u00f8lesensation, perfekt til dem, der nyder en ren og oplivende nikotinoplevelse. Med <\/span><b>14 mg nikotin pr. pose<\/b><span style=\"font-weight: 400;\">, leverer dette produkt en st\u00e6rk og stabil frigivelse, hvilket henvender sig til brugere, der s\u00f8ger en ekstra st\u00e6rk option.<\/span><\/p>","protected":false},"featured_media":8477,"comment_status":"open","ping_status":"closed","template":"","format":[206],"meta":{"_acf_changed":false},"product_brand":[],"product_cat":[27],"product_tag":[16581],"flavours":[199],"nicotine":[213,232],"class_list":{"0":"post-8476","1":"product","2":"type-product","3":"status-publish","4":"has-post-thumbnail","6":"product_cat-xqs","7":"product_tag-14-mg-pouch","8":"pa_quantity-1-pack","9":"pa_quantity-10-pack","10":"pa_quantity-3-pack","11":"pa_quantity-30-pack","12":"pa_quantity-5-pack","13":"pa_quantity-60-pack","14":"flavours-mint","15":"format-slim","16":"nicotine-16-mg-g","17":"nicotine-extra-strong","19":"first","20":"instock","21":"taxable","22":"shipping-taxable","23":"purchasable","24":"product-type-variable"},"acf":[],"_links":{"self":[{"href":"https:\/\/whitelip.com\/da\/wp-json\/wp\/v2\/product\/8476","targetHints":{"allow":["GET"]}}],"collection":[{"href":"https:\/\/whitelip.com\/da\/wp-json\/wp\/v2\/product"}],"about":[{"href":"https:\/\/whitelip.com\/da\/wp-json\/wp\/v2\/types\/product"}],"replies":[{"embeddable":true,"href":"https:\/\/whitelip.com\/da\/wp-json\/wp\/v2\/comments?post=8476"}],"wp:featuredmedia":[{"embeddable":true,"href":"https:\/\/whitelip.com\/da\/wp-json\/wp\/v2\/media\/8477"}],"wp:attachment":[{"href":"https:\/\/whitelip.com\/da\/wp-json\/wp\/v2\/media?parent=8476"}],"wp:term":[{"taxonomy":"product_brand","embeddable":true,"href":"https:\/\/whitelip.com\/da\/wp-json\/wp\/v2\/product_brand?post=8476"},{"taxonomy":"product_cat","embeddable":true,"href":"https:\/\/whitelip.com\/da\/wp-json\/wp\/v2\/product_cat?post=8476"},{"taxonomy":"product_tag","embeddable":true,"href":"https:\/\/whitelip.com\/da\/wp-json\/wp\/v2\/product_tag?post=8476"},{"taxonomy":"flavours","embeddable":true,"href":"https:\/\/whitelip.com\/da\/wp-json\/wp\/v2\/flavours?post=8476"},{"taxonomy":"format","embeddable":true,"href":"https:\/\/whitelip.com\/da\/wp-json\/wp\/v2\/format?post=8476"},{"taxonomy":"nicotine","embeddable":true,"href":"https:\/\/whitelip.com\/da\/wp-json\/wp\/v2\/nicotine?post=8476"}],"curies":[{"name":"wp","href":"https:\/\/api.w.org\/{rel}","templated":true}]}}