{"id":8434,"date":"2024-11-28T12:45:25","date_gmt":"2024-11-28T12:45:25","guid":{"rendered":"https:\/\/whitelip.com\/77-ice-mint-light\/"},"modified":"2026-04-13T17:32:57","modified_gmt":"2026-04-13T17:32:57","slug":"77-ice-mint-light","status":"publish","type":"product","link":"https:\/\/whitelip.com\/da\/77\/77-ice-mint-light\/","title":{"rendered":"77 Ice Mint Light"},"content":{"rendered":"<h2><strong>77 Ice Mint Light<\/strong><\/h2>\n<p><span style=\"font-weight: 400;\">77 Ice Mint Light nikotinpuderne leverer en friskende mentalsmag med en k\u00f8leeffekt, ideal for mentol-entusiaster, der s\u00f8ger en spr\u00f8d smag. Hver slank, helt hvid pude indeholder 5,2 mg nikotin og tilbyder en moderat styrke egnet til b\u00e5de nye og erfarne brugere. Det diskrete design giver mulighed for brug n\u00e5r som helst, hvor som helst, uden at blive tandplettet. Skabt af 77 Group sikrer disse tobaksfrije pladser en tilfredsstillende mentol-friskhed.<\/span><\/p>\n<table>\n<tbody>\n<tr>\n<td><b>Attribute<\/b><\/td>\n<td><b>Detaljer<\/b><\/td>\n<\/tr>\n<tr>\n<td><b>Indhold pr. d\u00e5se<\/b><\/td>\n<td><span style=\"font-weight: 400;\">10g (20 poser)<\/span><\/td>\n<\/tr>\n<tr>\n<td><b>Nikotinindhold<\/b><\/td>\n<td><span style=\"font-weight: 400;\">8 mg\/g (5,2 mg pr. pose)<\/span><\/td>\n<\/tr>\n<tr>\n<td><b>Poseformat<\/b><\/td>\n<td><span style=\"font-weight: 400;\">Slim<\/span><\/td>\n<\/tr>\n<tr>\n<td><b>Producent<\/b><\/td>\n<td><span style=\"font-weight: 400;\">77 Group<\/span><\/td>\n<\/tr>\n<tr>\n<td><b>Smag<\/b><\/td>\n<td><span style=\"font-weight: 400;\">Mint<\/span><\/td>\n<\/tr>\n<tr>\n<td><b>Type<\/b><\/td>\n<td><span style=\"font-weight: 400;\">Helt hvid pose<\/span><\/td>\n<\/tr>\n<\/tbody>\n<\/table>","protected":false},"excerpt":{"rendered":"<p>Opfriskende <strong data-start=\"11\" data-end=\"19\">mynte<\/strong> med en ren k\u00f8leeffekt til en spr\u00f8d smag. Den <strong data-start=\"74\" data-end=\"93\">smalle, <\/strong>hvide puder sidder diskret og komfortabelt under l\u00e6ben til pletsikkert, n\u00e5r som helst brug. Hver pose indeholder <strong data-start=\"196\" data-end=\"215\">5,2 mg nikotin<\/strong>, der leverer en let-styrke, mild oplevelse fra 77 Group.<\/p>","protected":false},"featured_media":8435,"comment_status":"open","ping_status":"closed","template":"","format":[206],"meta":{"_acf_changed":false},"product_brand":[],"product_cat":[23],"product_tag":[16547],"flavours":[199],"nicotine":[230,234],"class_list":{"0":"post-8434","1":"product","2":"type-product","3":"status-publish","4":"has-post-thumbnail","6":"product_cat-23","7":"product_tag-5-2-mg-pouch","8":"pa_quantity-1-pack","9":"pa_quantity-10-pack","10":"pa_quantity-3-pack","11":"pa_quantity-30-pack","12":"pa_quantity-5-pack","13":"pa_quantity-60-pack","14":"flavours-mint","15":"format-slim","16":"nicotine-8-mg-g","17":"nicotine-mild","19":"first","20":"instock","21":"taxable","22":"shipping-taxable","23":"purchasable","24":"product-type-variable"},"acf":[],"_links":{"self":[{"href":"https:\/\/whitelip.com\/da\/wp-json\/wp\/v2\/product\/8434","targetHints":{"allow":["GET"]}}],"collection":[{"href":"https:\/\/whitelip.com\/da\/wp-json\/wp\/v2\/product"}],"about":[{"href":"https:\/\/whitelip.com\/da\/wp-json\/wp\/v2\/types\/product"}],"replies":[{"embeddable":true,"href":"https:\/\/whitelip.com\/da\/wp-json\/wp\/v2\/comments?post=8434"}],"wp:featuredmedia":[{"embeddable":true,"href":"https:\/\/whitelip.com\/da\/wp-json\/wp\/v2\/media\/8435"}],"wp:attachment":[{"href":"https:\/\/whitelip.com\/da\/wp-json\/wp\/v2\/media?parent=8434"}],"wp:term":[{"taxonomy":"product_brand","embeddable":true,"href":"https:\/\/whitelip.com\/da\/wp-json\/wp\/v2\/product_brand?post=8434"},{"taxonomy":"product_cat","embeddable":true,"href":"https:\/\/whitelip.com\/da\/wp-json\/wp\/v2\/product_cat?post=8434"},{"taxonomy":"product_tag","embeddable":true,"href":"https:\/\/whitelip.com\/da\/wp-json\/wp\/v2\/product_tag?post=8434"},{"taxonomy":"flavours","embeddable":true,"href":"https:\/\/whitelip.com\/da\/wp-json\/wp\/v2\/flavours?post=8434"},{"taxonomy":"format","embeddable":true,"href":"https:\/\/whitelip.com\/da\/wp-json\/wp\/v2\/format?post=8434"},{"taxonomy":"nicotine","embeddable":true,"href":"https:\/\/whitelip.com\/da\/wp-json\/wp\/v2\/nicotine?post=8434"}],"curies":[{"name":"wp","href":"https:\/\/api.w.org\/{rel}","templated":true}]}}