{"id":8424,"date":"2024-12-20T19:39:02","date_gmt":"2024-12-20T19:39:02","guid":{"rendered":"https:\/\/whitelip.com\/white-fox-mint-slim\/"},"modified":"2026-03-10T09:51:10","modified_gmt":"2026-03-10T09:51:10","slug":"white-fox-mint-slim","status":"publish","type":"product","link":"https:\/\/whitelip.com\/da\/white-fox\/white-fox-mint-slim\/","title":{"rendered":"White Fox Mint Slim"},"content":{"rendered":"<h2><b>White Fox Mint Slim<\/b><\/h2>\n<p><span style=\"font-weight: 400;\">White Fox Mint Slim leverer en ren og erfrisknende <\/span><b>rene myntesmag<\/b><span style=\"font-weight: 400;\">, parret med en stimulerende k\u00f8leeffekt. Designet til brugere, der s\u00f8ger en st\u00e6rk men glat nikotinoplevelse, indeholder hver slim, helt hvid pose <\/span><b>12 mg nikotin<\/b><span style=\"font-weight: 400;\">, hvilket giver en stabil og tilfredsstillende frigivelse. Den spr\u00f8de mynteprofil sikrer en langvarig og revitaliserende smag gennem hele brugen.<\/span><\/p>\n<p><span style=\"font-weight: 400;\">Slim-formatet g\u00f8r disse pouches diskrete og behagelige, der passer p\u00e6nt under l\u00e6ben uden at misfarvede t\u00e6nderne. Fremstillet af h\u00f8j-kvalitet plantebaserede fibre og fuldst\u00e6ndig tobakssfri, tilbyder White Fox Mint Slim et moderne og rent alternativ til nikotinbrugere. Perfekt for dem, der \u00f8nsker at nyde en skarp, k\u00f8lig mynteoplevelse med p\u00e5lidelig styrke og langvarig tilfredshed.<\/span><\/p>\n<table>\n<tbody>\n<tr>\n<td><b>Attribute<\/b><\/td>\n<td><b>Detaljer<\/b><\/td>\n<\/tr>\n<tr>\n<td><b>M\u00e6rke<\/b><\/td>\n<td><span style=\"font-weight: 400;\">White Fox<\/span><\/td>\n<\/tr>\n<tr>\n<td><b>Produkttype<\/b><\/td>\n<td><span style=\"font-weight: 400;\">Alt hvide nikotinposer<\/span><\/td>\n<\/tr>\n<tr>\n<td><b>Format<\/b><\/td>\n<td><span style=\"font-weight: 400;\">Slim<\/span><\/td>\n<\/tr>\n<tr>\n<td><b>Smag<\/b><\/td>\n<td><span style=\"font-weight: 400;\">Mint<\/span><\/td>\n<\/tr>\n<tr>\n<td><b>Nikotinstyrke<\/b><\/td>\n<td><span style=\"font-weight: 400;\">12 mg pr. pose (16 mg\/g)<\/span><\/td>\n<\/tr>\n<tr>\n<td><b>Portionsv\u00e6gt<\/b><\/td>\n<td><span style=\"font-weight: 400;\">0,75 gram<\/span><\/td>\n<\/tr>\n<tr>\n<td><b>Antal portioner<\/b><\/td>\n<td><span style=\"font-weight: 400;\">20 pr. d\u00e5se<\/span><\/td>\n<\/tr>\n<tr>\n<td><b>Samlet d\u00e5sev\u00e6gt<\/b><\/td>\n<td><span style=\"font-weight: 400;\">15 gram<\/span><\/td>\n<\/tr>\n<tr>\n<td><b>Producent<\/b><\/td>\n<td><span style=\"font-weight: 400;\">White Fox<\/span><\/td>\n<\/tr>\n<tr>\n<td><b>Bem\u00e6rkelsesv\u00e6rdige funktioner<\/b><\/td>\n<td><span style=\"font-weight: 400;\">Tobakssfri, slim-format, ren myntesmag med k\u00f8leeffekt<\/span><\/td>\n<\/tr>\n<\/tbody>\n<\/table>","protected":false},"excerpt":{"rendered":"<p><span style=\"font-weight: 400;\">White Fox Mint Slim leverer en ren og erfrisknende <\/span><b>rene myntesmag<\/b><span style=\"font-weight: 400;\">, parret med en stimulerende k\u00f8leeffekt. Designet til brugere, der s\u00f8ger en st\u00e6rk men glat nikotinoplevelse, indeholder hver slim, helt hvid pose <\/span><b>12 mg nikotin<\/b><span style=\"font-weight: 400;\">, hvilket giver en stabil og tilfredsstillende frigivelse. Den spr\u00f8de mynteprofil sikrer en langvarig og revitaliserende smag gennem hele brugen.<\/span><\/p>","protected":false},"featured_media":8425,"comment_status":"open","ping_status":"closed","template":"","format":[206],"meta":{"_acf_changed":false},"product_brand":[],"product_cat":[76],"product_tag":[16561],"flavours":[199],"nicotine":[213,232],"class_list":{"0":"post-8424","1":"product","2":"type-product","3":"status-publish","4":"has-post-thumbnail","6":"product_cat-white-fox","7":"product_tag-12-mg-pouch","8":"pa_quantity-1-pack","9":"pa_quantity-10-pack","10":"pa_quantity-3-pack","11":"pa_quantity-30-pack","12":"pa_quantity-5-pack","13":"pa_quantity-60-pack","14":"flavours-mint","15":"format-slim","16":"nicotine-16-mg-g","17":"nicotine-extra-strong","19":"first","20":"outofstock","21":"taxable","22":"shipping-taxable","23":"purchasable","24":"product-type-variable"},"acf":[],"_links":{"self":[{"href":"https:\/\/whitelip.com\/da\/wp-json\/wp\/v2\/product\/8424","targetHints":{"allow":["GET"]}}],"collection":[{"href":"https:\/\/whitelip.com\/da\/wp-json\/wp\/v2\/product"}],"about":[{"href":"https:\/\/whitelip.com\/da\/wp-json\/wp\/v2\/types\/product"}],"replies":[{"embeddable":true,"href":"https:\/\/whitelip.com\/da\/wp-json\/wp\/v2\/comments?post=8424"}],"wp:featuredmedia":[{"embeddable":true,"href":"https:\/\/whitelip.com\/da\/wp-json\/wp\/v2\/media\/8425"}],"wp:attachment":[{"href":"https:\/\/whitelip.com\/da\/wp-json\/wp\/v2\/media?parent=8424"}],"wp:term":[{"taxonomy":"product_brand","embeddable":true,"href":"https:\/\/whitelip.com\/da\/wp-json\/wp\/v2\/product_brand?post=8424"},{"taxonomy":"product_cat","embeddable":true,"href":"https:\/\/whitelip.com\/da\/wp-json\/wp\/v2\/product_cat?post=8424"},{"taxonomy":"product_tag","embeddable":true,"href":"https:\/\/whitelip.com\/da\/wp-json\/wp\/v2\/product_tag?post=8424"},{"taxonomy":"flavours","embeddable":true,"href":"https:\/\/whitelip.com\/da\/wp-json\/wp\/v2\/flavours?post=8424"},{"taxonomy":"format","embeddable":true,"href":"https:\/\/whitelip.com\/da\/wp-json\/wp\/v2\/format?post=8424"},{"taxonomy":"nicotine","embeddable":true,"href":"https:\/\/whitelip.com\/da\/wp-json\/wp\/v2\/nicotine?post=8424"}],"curies":[{"name":"wp","href":"https:\/\/api.w.org\/{rel}","templated":true}]}}