{"id":8422,"date":"2024-12-20T19:39:02","date_gmt":"2024-12-20T19:39:02","guid":{"rendered":"https:\/\/whitelip.com\/white-fox-peppered-mint\/"},"modified":"2026-03-10T09:51:01","modified_gmt":"2026-03-10T09:51:01","slug":"white-fox-peppered-mint","status":"publish","type":"product","link":"https:\/\/whitelip.com\/da\/white-fox\/white-fox-peppered-mint\/","title":{"rendered":"White Fox Peppered Mint"},"content":{"rendered":"<h2><b>White Fox Peppered Mint<\/b><\/h2>\n<p><span style=\"font-weight: 400;\">White Fox Peppered Mint tilbyder en unik vending p\u00e5 traditionelle mintsmage, som kombinerer en <\/span><b>skarp pebermyntbase<\/b><span style=\"font-weight: 400;\"> med en subtil, krydret pepperudertone. Denne kombination giver en forfriskende alligevel let dristig oplevelse, perfekt for brugere, der s\u00f8ger en afbalanceret og stimulerende nikotinfrigivelse. Hver slim, helt hvid pose indeholder <\/span><b>12 mg nikotin<\/b><span style=\"font-weight: 400;\">, og giver en st\u00e6rk og konsekvent effekt, der er ideel for erfarne brugere.<\/span><\/p>\n<p><span style=\"font-weight: 400;\">Det slanke format sikrer en komfortabel og diskret pasform under l\u00e6ben og tilbyder en ren, tobaksfri mulighed uden at misfarvning af t\u00e6nderne. Lavet af h\u00f8j kvalitet plantebaserede fibre, White Fox Peppered Mint er fremstillet til at levere et moderne nikotinalternativ med en karakteristisk og forfriskende smag. Uanset om du nyder kuldskrabet af mynte eller det subtile varme fra krydder, giver dette produkt en tilfredsstillende og unik oplevelse.<\/span><\/p>\n<table>\n<tbody>\n<tr>\n<td><b>Attribute<\/b><\/td>\n<td><b>Detaljer<\/b><\/td>\n<\/tr>\n<tr>\n<td><b>M\u00e6rke<\/b><\/td>\n<td><span style=\"font-weight: 400;\">White Fox<\/span><\/td>\n<\/tr>\n<tr>\n<td><b>Produkttype<\/b><\/td>\n<td><span style=\"font-weight: 400;\">Alt hvide nikotinposer<\/span><\/td>\n<\/tr>\n<tr>\n<td><b>Format<\/b><\/td>\n<td><span style=\"font-weight: 400;\">Slim<\/span><\/td>\n<\/tr>\n<tr>\n<td><b>Smag<\/b><\/td>\n<td><span style=\"font-weight: 400;\">Pebermynte- og peppernoter<\/span><\/td>\n<\/tr>\n<tr>\n<td><b>Nikotinstyrke<\/b><\/td>\n<td><span style=\"font-weight: 400;\">12 mg pr. pose (16 mg\/g)<\/span><\/td>\n<\/tr>\n<tr>\n<td><b>Portionsv\u00e6gt<\/b><\/td>\n<td><span style=\"font-weight: 400;\">0,75 gram<\/span><\/td>\n<\/tr>\n<tr>\n<td><b>Antal portioner<\/b><\/td>\n<td><span style=\"font-weight: 400;\">20 pr. d\u00e5se<\/span><\/td>\n<\/tr>\n<tr>\n<td><b>Samlet d\u00e5sev\u00e6gt<\/b><\/td>\n<td><span style=\"font-weight: 400;\">15 gram<\/span><\/td>\n<\/tr>\n<tr>\n<td><b>Producent<\/b><\/td>\n<td><span style=\"font-weight: 400;\">White Fox<\/span><\/td>\n<\/tr>\n<tr>\n<td><b>Bem\u00e6rkelsesv\u00e6rdige funktioner<\/b><\/td>\n<td><span style=\"font-weight: 400;\">Tobaksfri, slankt format, st\u00e6rk pebermynte med en peberagtig twist<\/span><\/td>\n<\/tr>\n<\/tbody>\n<\/table>","protected":false},"excerpt":{"rendered":"<p><span style=\"font-weight: 400;\">White Fox Peppered Mint tilbyder en unik vending p\u00e5 traditionelle mintsmage, som kombinerer en <\/span><b>skarp pebermyntbase<\/b><span style=\"font-weight: 400;\"> med en subtil, krydret pepperudertone. Denne kombination giver en forfriskende alligevel let dristig oplevelse, perfekt for brugere, der s\u00f8ger en afbalanceret og stimulerende nikotinfrigivelse. Hver slim, helt hvid pose indeholder <\/span><b>12 mg nikotin<\/b><span style=\"font-weight: 400;\">, og giver en st\u00e6rk og konsekvent effekt, der er ideel for erfarne brugere.<\/span><\/p>","protected":false},"featured_media":8423,"comment_status":"open","ping_status":"closed","template":"","format":[206],"meta":{"_acf_changed":false},"product_brand":[],"product_cat":[76],"product_tag":[16561],"flavours":[199],"nicotine":[213,232],"class_list":{"0":"post-8422","1":"product","2":"type-product","3":"status-publish","4":"has-post-thumbnail","6":"product_cat-white-fox","7":"product_tag-12-mg-pouch","8":"pa_quantity-1-pack","9":"pa_quantity-10-pack","10":"pa_quantity-3-pack","11":"pa_quantity-30-pack","12":"pa_quantity-5-pack","13":"pa_quantity-60-pack","14":"flavours-mint","15":"format-slim","16":"nicotine-16-mg-g","17":"nicotine-extra-strong","19":"first","20":"outofstock","21":"taxable","22":"shipping-taxable","23":"purchasable","24":"product-type-variable"},"acf":[],"_links":{"self":[{"href":"https:\/\/whitelip.com\/da\/wp-json\/wp\/v2\/product\/8422","targetHints":{"allow":["GET"]}}],"collection":[{"href":"https:\/\/whitelip.com\/da\/wp-json\/wp\/v2\/product"}],"about":[{"href":"https:\/\/whitelip.com\/da\/wp-json\/wp\/v2\/types\/product"}],"replies":[{"embeddable":true,"href":"https:\/\/whitelip.com\/da\/wp-json\/wp\/v2\/comments?post=8422"}],"wp:featuredmedia":[{"embeddable":true,"href":"https:\/\/whitelip.com\/da\/wp-json\/wp\/v2\/media\/8423"}],"wp:attachment":[{"href":"https:\/\/whitelip.com\/da\/wp-json\/wp\/v2\/media?parent=8422"}],"wp:term":[{"taxonomy":"product_brand","embeddable":true,"href":"https:\/\/whitelip.com\/da\/wp-json\/wp\/v2\/product_brand?post=8422"},{"taxonomy":"product_cat","embeddable":true,"href":"https:\/\/whitelip.com\/da\/wp-json\/wp\/v2\/product_cat?post=8422"},{"taxonomy":"product_tag","embeddable":true,"href":"https:\/\/whitelip.com\/da\/wp-json\/wp\/v2\/product_tag?post=8422"},{"taxonomy":"flavours","embeddable":true,"href":"https:\/\/whitelip.com\/da\/wp-json\/wp\/v2\/flavours?post=8422"},{"taxonomy":"format","embeddable":true,"href":"https:\/\/whitelip.com\/da\/wp-json\/wp\/v2\/format?post=8422"},{"taxonomy":"nicotine","embeddable":true,"href":"https:\/\/whitelip.com\/da\/wp-json\/wp\/v2\/nicotine?post=8422"}],"curies":[{"name":"wp","href":"https:\/\/api.w.org\/{rel}","templated":true}]}}