{"id":8418,"date":"2024-11-28T12:45:01","date_gmt":"2024-11-28T12:45:01","guid":{"rendered":"https:\/\/whitelip.com\/cuba-black-banana-hit\/"},"modified":"2026-05-09T10:11:21","modified_gmt":"2026-05-09T10:11:21","slug":"cuba-black-banana-hit","status":"publish","type":"product","link":"https:\/\/whitelip.com\/da\/cuba\/cuba-black-banana-hit\/","title":{"rendered":"CUBA Black Banana Hit"},"content":{"rendered":"<h2><b>CUBA Black Banana Hit<\/b><\/h2>\n<p><span style=\"font-weight: 400;\">CUBA Black Banan Hit nikotinpouches tilbyder en rig og cremet banansmag, der afgiver en potent og tilfredsstillende oplevelse. Hver slim, hvid pouch indeholder 43 mg nikotin, hvilket giver en st\u00e6rk f\u00f8lelse egnet til erfarne brugere. De sort-farvede pouches er designet til at v\u00e6re diskrete og ikke-pletfarvende for t\u00e6nderne. Hver d\u00e5se indeholder 20 pouches, hvilket tilbyder rigelig forsyning til din nydelse. Produceret af CUBA, en polsk producent kendt for at blande samtidsmetoder med traditionel kvalitet, eksemplificerer disse pouches h\u00f8je standarder og innovative smagkombinationer.<\/span><\/p>\n<table>\n<tbody>\n<tr>\n<td><b>Attribute<\/b><\/td>\n<td><b>Detaljer<\/b><\/td>\n<\/tr>\n<tr>\n<td><b>Indhold pr. d\u00e5se<\/b><\/td>\n<td><span style=\"font-weight: 400;\">13g (20 poser)<\/span><\/td>\n<\/tr>\n<tr>\n<td><b>Nikotinindhold<\/b><\/td>\n<td><span style=\"font-weight: 400;\">43 mg\/g (43 mg per pouch)<\/span><\/td>\n<\/tr>\n<tr>\n<td><b>Poseformat<\/b><\/td>\n<td><span style=\"font-weight: 400;\">Slim<\/span><\/td>\n<\/tr>\n<tr>\n<td><b>Producent<\/b><\/td>\n<td><span style=\"font-weight: 400;\">CUBA<\/span><\/td>\n<\/tr>\n<tr>\n<td><b>Smag<\/b><\/td>\n<td><span style=\"font-weight: 400;\">Banan<\/span><\/td>\n<\/tr>\n<tr>\n<td><b>Type<\/b><\/td>\n<td><span style=\"font-weight: 400;\">Helt hvid pose<\/span><\/td>\n<\/tr>\n<\/tbody>\n<\/table>","protected":false},"excerpt":{"rendered":"<p>Rig og cremet <strong data-start=\"13\" data-end=\"23\">banan<\/strong> for en potent, tilfredsstillende smag. De <strong data-start=\"60\" data-end=\"75\">smalle, <\/strong>sorte pouches sidder diskret under l\u00e6ben og vil ikke plette t\u00e6nderne. Hver pouch indeholder <strong data-start=\"156\" data-end=\"184\">43 mg nikotin per pouch<\/strong>, afgiver et st\u00e6rkt spark egnet til erfarne brugere. Hver d\u00e5se indeholder 20 pouches, fremstillet af CUBA til premium, tobaksfri ydeevne.<\/p>","protected":false},"featured_media":8419,"comment_status":"open","ping_status":"closed","template":"","format":[206],"meta":{"_acf_changed":false},"product_brand":[],"product_cat":[46],"product_tag":[16567],"flavours":[196],"nicotine":[227,233],"class_list":{"0":"post-8418","1":"product","2":"type-product","3":"status-publish","4":"has-post-thumbnail","6":"product_cat-cuba","7":"product_tag-43-mg-pouch","8":"pa_quantity-1-pack","9":"pa_quantity-10-pack","10":"pa_quantity-3-pack","11":"pa_quantity-30-pack","12":"pa_quantity-5-pack","13":"pa_quantity-60-pack","14":"flavours-fruits-berries","15":"format-slim","16":"nicotine-43-mg-g","17":"nicotine-extreme","19":"first","20":"outofstock","21":"taxable","22":"shipping-taxable","23":"purchasable","24":"product-type-variable"},"acf":[],"_links":{"self":[{"href":"https:\/\/whitelip.com\/da\/wp-json\/wp\/v2\/product\/8418","targetHints":{"allow":["GET"]}}],"collection":[{"href":"https:\/\/whitelip.com\/da\/wp-json\/wp\/v2\/product"}],"about":[{"href":"https:\/\/whitelip.com\/da\/wp-json\/wp\/v2\/types\/product"}],"replies":[{"embeddable":true,"href":"https:\/\/whitelip.com\/da\/wp-json\/wp\/v2\/comments?post=8418"}],"wp:featuredmedia":[{"embeddable":true,"href":"https:\/\/whitelip.com\/da\/wp-json\/wp\/v2\/media\/8419"}],"wp:attachment":[{"href":"https:\/\/whitelip.com\/da\/wp-json\/wp\/v2\/media?parent=8418"}],"wp:term":[{"taxonomy":"product_brand","embeddable":true,"href":"https:\/\/whitelip.com\/da\/wp-json\/wp\/v2\/product_brand?post=8418"},{"taxonomy":"product_cat","embeddable":true,"href":"https:\/\/whitelip.com\/da\/wp-json\/wp\/v2\/product_cat?post=8418"},{"taxonomy":"product_tag","embeddable":true,"href":"https:\/\/whitelip.com\/da\/wp-json\/wp\/v2\/product_tag?post=8418"},{"taxonomy":"flavours","embeddable":true,"href":"https:\/\/whitelip.com\/da\/wp-json\/wp\/v2\/flavours?post=8418"},{"taxonomy":"format","embeddable":true,"href":"https:\/\/whitelip.com\/da\/wp-json\/wp\/v2\/format?post=8418"},{"taxonomy":"nicotine","embeddable":true,"href":"https:\/\/whitelip.com\/da\/wp-json\/wp\/v2\/nicotine?post=8418"}],"curies":[{"name":"wp","href":"https:\/\/api.w.org\/{rel}","templated":true}]}}