{"id":8356,"date":"2024-12-20T19:39:09","date_gmt":"2024-12-20T19:39:09","guid":{"rendered":"https:\/\/whitelip.com\/xqs-cactus-sour-strong\/"},"modified":"2026-05-11T10:11:55","modified_gmt":"2026-05-11T10:11:55","slug":"xqs-cactus-sour-strong","status":"publish","type":"product","link":"https:\/\/whitelip.com\/da\/xqs\/xqs-cactus-sour-strong\/","title":{"rendered":"XQS Cactus Sour Strong"},"content":{"rendered":"<h2><b>XQS Cactus Sour Strong<\/b><\/h2>\n<p><span style=\"font-weight: 400;\">XQS Kaktus Sur Strong leverer en <\/span><b>unik og syrlig kaktusmag<\/b><span style=\"font-weight: 400;\"> med en friskende syrlig vending, hvilket giver en karakteristisk og stimulerende nikotinoplevelse. Denne dristig og let sur profil er perfekt for brugere, der nyder eventyrlyste og muggy smagsvarianter. Hver tynde pose i hvidt indeholder <\/span><b>10 mg nikotin<\/b><span style=\"font-weight: 400;\">, hvilket giver en st\u00e6rk og stabil frigivelse egnet til erfarne brugere.<\/span><\/p>\n<p><span style=\"font-weight: 400;\">Det tynde format sikrer en komfortabel og diskret pasform under l\u00e6ben, hvilket giver mulighed for ren og pletfri brug n\u00e5r som helst. Fremstillet helt tobaksfrit og bruger h\u00f8jkvalitets plantebaserede materialer, XQS Kaktus Sur Strong er et moderne nikotinalternativ med en frisk og sur smag, der stikker ud fra det ordin\u00e6re.<\/span><\/p>\n<table>\n<tbody>\n<tr>\n<td><b>Attribute<\/b><\/td>\n<td><b>Detaljer<\/b><\/td>\n<\/tr>\n<tr>\n<td><b>M\u00e6rke<\/b><\/td>\n<td><span style=\"font-weight: 400;\">XQS<\/span><\/td>\n<\/tr>\n<tr>\n<td><b>Produkttype<\/b><\/td>\n<td><span style=\"font-weight: 400;\">Alt hvide nikotinposer<\/span><\/td>\n<\/tr>\n<tr>\n<td><b>Format<\/b><\/td>\n<td><span style=\"font-weight: 400;\">Slim<\/span><\/td>\n<\/tr>\n<tr>\n<td><b>Smag<\/b><\/td>\n<td><span style=\"font-weight: 400;\">Kaktus- og sournoter<\/span><\/td>\n<\/tr>\n<tr>\n<td><b>Nikotinstyrke<\/b><\/td>\n<td><span style=\"font-weight: 400;\">10 mg pr. pose (13 mg\/g)<\/span><\/td>\n<\/tr>\n<tr>\n<td><b>Portionsv\u00e6gt<\/b><\/td>\n<td><span style=\"font-weight: 400;\">0,75 gram<\/span><\/td>\n<\/tr>\n<tr>\n<td><b>Antal portioner<\/b><\/td>\n<td><span style=\"font-weight: 400;\">20 pr. d\u00e5se<\/span><\/td>\n<\/tr>\n<tr>\n<td><b>Samlet d\u00e5sev\u00e6gt<\/b><\/td>\n<td><span style=\"font-weight: 400;\">15 gram<\/span><\/td>\n<\/tr>\n<tr>\n<td><b>Producent<\/b><\/td>\n<td><span style=\"font-weight: 400;\">XQS International<\/span><\/td>\n<\/tr>\n<tr>\n<td><b>Bem\u00e6rkelsesv\u00e6rdige funktioner<\/b><\/td>\n<td><span style=\"font-weight: 400;\">Tobaksfri, tyndt format, syrlig kaktusmag med en sur vending<\/span><\/td>\n<\/tr>\n<\/tbody>\n<\/table>","protected":false},"excerpt":{"rendered":"<p>XQS <strong data-start=\"4\" data-end=\"19\">Cactus Sour<\/strong> <strong data-start=\"20\" data-end=\"30\">St\u00e6rk<\/strong> leverer syrlig kaktus med en friskende syrlig vending for en karakteristisk, stimulerende profil. Den <strong data-start=\"127\" data-end=\"135\">slim<\/strong>helt hvide poser er diskrete og komfortable. Hver pose indeholder <strong data-start=\"205\" data-end=\"223\">10 mg nikotin<\/strong> for en st\u00e6rk, stabil frigivelse, der passer til erfarne brugere.<\/p>","protected":false},"featured_media":8357,"comment_status":"open","ping_status":"closed","template":"","format":[206],"meta":{"_acf_changed":false},"product_brand":[],"product_cat":[27],"product_tag":[16587],"flavours":[196],"nicotine":[213,232],"class_list":{"0":"post-8356","1":"product","2":"type-product","3":"status-publish","4":"has-post-thumbnail","6":"product_cat-xqs","7":"product_tag-10-mg-pouch","8":"pa_quantity-1-pack","9":"pa_quantity-10-pack","10":"pa_quantity-3-pack","11":"pa_quantity-30-pack","12":"pa_quantity-5-pack","13":"pa_quantity-60-pack","14":"flavours-fruits-berries","15":"format-slim","16":"nicotine-16-mg-g","17":"nicotine-extra-strong","19":"first","20":"instock","21":"taxable","22":"shipping-taxable","23":"product-type-variable"},"acf":[],"_links":{"self":[{"href":"https:\/\/whitelip.com\/da\/wp-json\/wp\/v2\/product\/8356","targetHints":{"allow":["GET"]}}],"collection":[{"href":"https:\/\/whitelip.com\/da\/wp-json\/wp\/v2\/product"}],"about":[{"href":"https:\/\/whitelip.com\/da\/wp-json\/wp\/v2\/types\/product"}],"replies":[{"embeddable":true,"href":"https:\/\/whitelip.com\/da\/wp-json\/wp\/v2\/comments?post=8356"}],"wp:featuredmedia":[{"embeddable":true,"href":"https:\/\/whitelip.com\/da\/wp-json\/wp\/v2\/media\/8357"}],"wp:attachment":[{"href":"https:\/\/whitelip.com\/da\/wp-json\/wp\/v2\/media?parent=8356"}],"wp:term":[{"taxonomy":"product_brand","embeddable":true,"href":"https:\/\/whitelip.com\/da\/wp-json\/wp\/v2\/product_brand?post=8356"},{"taxonomy":"product_cat","embeddable":true,"href":"https:\/\/whitelip.com\/da\/wp-json\/wp\/v2\/product_cat?post=8356"},{"taxonomy":"product_tag","embeddable":true,"href":"https:\/\/whitelip.com\/da\/wp-json\/wp\/v2\/product_tag?post=8356"},{"taxonomy":"flavours","embeddable":true,"href":"https:\/\/whitelip.com\/da\/wp-json\/wp\/v2\/flavours?post=8356"},{"taxonomy":"format","embeddable":true,"href":"https:\/\/whitelip.com\/da\/wp-json\/wp\/v2\/format?post=8356"},{"taxonomy":"nicotine","embeddable":true,"href":"https:\/\/whitelip.com\/da\/wp-json\/wp\/v2\/nicotine?post=8356"}],"curies":[{"name":"wp","href":"https:\/\/api.w.org\/{rel}","templated":true}]}}