{"id":8346,"date":"2024-12-20T19:39:25","date_gmt":"2024-12-20T19:39:25","guid":{"rendered":"https:\/\/whitelip.com\/xqs-blueberry-mint-strong\/"},"modified":"2026-04-26T10:10:49","modified_gmt":"2026-04-26T10:10:49","slug":"xqs-blueberry-mint-strong","status":"publish","type":"product","link":"https:\/\/whitelip.com\/da\/xqs\/xqs-blueberry-mint-strong\/","title":{"rendered":"XQS Blueberry Mint Strong"},"content":{"rendered":"<h2><b>XQS Blueberry Mint Strong<\/b><\/h2>\n<p><span style=\"font-weight: 400;\">XQS Blueberry Mint Strong leverer en herlig blanding af <\/span><b>s\u00f8d bl\u00e5b\u00e6rsmag<\/b><span style=\"font-weight: 400;\"> og en klar <\/span><b>mintgr\u00f8n friskhed<\/b><span style=\"font-weight: 400;\">, hvilket skaber en afbalanceret og stimulerende nikotinoplevelse. Perfekt for brugere, der nyder frugtede noter med en friskhed, hver tynde pose i hvidt indeholder <\/span><b>10 mg nikotin<\/b><span style=\"font-weight: 400;\">, hvilket giver en st\u00e6rk og konsistent frigivelse, der er ideel til daglig brug.<\/span><\/p>\n<p><span style=\"font-weight: 400;\">Det tynde format sikrer en komfortabel og diskret pasform under l\u00e6ben, hvilket giver en ren, tobaksfri mulighed uden at f\u00e5 plettet t\u00e6nderne. Fremstillet af h\u00f8jkvalitets plantebaserede fibre kombinerer XQS Blueberry Mint Strong glat s\u00f8dme med en k\u00f8lig afslutning, hvilket g\u00f8r det til et go-to valg for brugere, der s\u00f8ger p\u00e5lidelig styrke parret med en behagelig smag.<\/span><\/p>\n<table>\n<tbody>\n<tr>\n<td><b>Attribute<\/b><\/td>\n<td><b>Detaljer<\/b><\/td>\n<\/tr>\n<tr>\n<td><b>M\u00e6rke<\/b><\/td>\n<td><span style=\"font-weight: 400;\">XQS<\/span><\/td>\n<\/tr>\n<tr>\n<td><b>Produkttype<\/b><\/td>\n<td><span style=\"font-weight: 400;\">Alt hvide nikotinposer<\/span><\/td>\n<\/tr>\n<tr>\n<td><b>Format<\/b><\/td>\n<td><span style=\"font-weight: 400;\">Slim<\/span><\/td>\n<\/tr>\n<tr>\n<td><b>Smag<\/b><\/td>\n<td><span style=\"font-weight: 400;\">Bl\u00e5b\u00e6r og Mint<\/span><\/td>\n<\/tr>\n<tr>\n<td><b>Nikotinstyrke<\/b><\/td>\n<td><span style=\"font-weight: 400;\">10 mg pr. pose (13 mg\/g)<\/span><\/td>\n<\/tr>\n<tr>\n<td><b>Portionsv\u00e6gt<\/b><\/td>\n<td><span style=\"font-weight: 400;\">0,75 gram<\/span><\/td>\n<\/tr>\n<tr>\n<td><b>Antal portioner<\/b><\/td>\n<td><span style=\"font-weight: 400;\">20 pr. d\u00e5se<\/span><\/td>\n<\/tr>\n<tr>\n<td><b>Samlet d\u00e5sev\u00e6gt<\/b><\/td>\n<td><span style=\"font-weight: 400;\">15 gram<\/span><\/td>\n<\/tr>\n<tr>\n<td><b>Producent<\/b><\/td>\n<td><span style=\"font-weight: 400;\">XQS International<\/span><\/td>\n<\/tr>\n<tr>\n<td><b>Bem\u00e6rkelsesv\u00e6rdige funktioner<\/b><\/td>\n<td><span style=\"font-weight: 400;\">Tobaksfri, tyndt format, s\u00f8d bl\u00e5b\u00e6rsmag med en frisk mintaftryk<\/span><\/td>\n<\/tr>\n<\/tbody>\n<\/table>","protected":false},"excerpt":{"rendered":"<p><span style=\"font-weight: 400;\">XQS Blueberry Mint Strong leverer en herlig blanding af <\/span><b>s\u00f8d bl\u00e5b\u00e6rsmag<\/b><span style=\"font-weight: 400;\"> og en klar <\/span><b>mintgr\u00f8n friskhed<\/b><span style=\"font-weight: 400;\">, hvilket skaber en afbalanceret og stimulerende nikotinoplevelse. Perfekt for brugere, der nyder frugtede noter med en friskhed, hver <strong>slim<\/strong>, hvid pose indeholder <\/span><b>10 mg nikotin<\/b><span style=\"font-weight: 400;\">, hvilket giver en st\u00e6rk og konsistent frigivelse, der er ideel til daglig brug.<\/span><\/p>","protected":false},"featured_media":63916,"comment_status":"open","ping_status":"closed","template":"","format":[206],"meta":{"_acf_changed":false},"product_brand":[],"product_cat":[27],"product_tag":[16587],"flavours":[196,199],"nicotine":[210,232],"class_list":{"0":"post-8346","1":"product","2":"type-product","3":"status-publish","4":"has-post-thumbnail","6":"product_cat-xqs","7":"product_tag-10-mg-pouch","8":"pa_quantity-1-pack","9":"pa_quantity-10-pack","10":"pa_quantity-3-pack","11":"pa_quantity-30-pack","12":"pa_quantity-5-pack","13":"pa_quantity-60-pack","14":"flavours-fruits-berries","15":"flavours-mint","16":"format-slim","17":"nicotine-13-mg-g","18":"nicotine-extra-strong","20":"first","21":"instock","22":"taxable","23":"shipping-taxable","24":"purchasable","25":"product-type-variable"},"acf":[],"_links":{"self":[{"href":"https:\/\/whitelip.com\/da\/wp-json\/wp\/v2\/product\/8346","targetHints":{"allow":["GET"]}}],"collection":[{"href":"https:\/\/whitelip.com\/da\/wp-json\/wp\/v2\/product"}],"about":[{"href":"https:\/\/whitelip.com\/da\/wp-json\/wp\/v2\/types\/product"}],"replies":[{"embeddable":true,"href":"https:\/\/whitelip.com\/da\/wp-json\/wp\/v2\/comments?post=8346"}],"wp:featuredmedia":[{"embeddable":true,"href":"https:\/\/whitelip.com\/da\/wp-json\/wp\/v2\/media\/63916"}],"wp:attachment":[{"href":"https:\/\/whitelip.com\/da\/wp-json\/wp\/v2\/media?parent=8346"}],"wp:term":[{"taxonomy":"product_brand","embeddable":true,"href":"https:\/\/whitelip.com\/da\/wp-json\/wp\/v2\/product_brand?post=8346"},{"taxonomy":"product_cat","embeddable":true,"href":"https:\/\/whitelip.com\/da\/wp-json\/wp\/v2\/product_cat?post=8346"},{"taxonomy":"product_tag","embeddable":true,"href":"https:\/\/whitelip.com\/da\/wp-json\/wp\/v2\/product_tag?post=8346"},{"taxonomy":"flavours","embeddable":true,"href":"https:\/\/whitelip.com\/da\/wp-json\/wp\/v2\/flavours?post=8346"},{"taxonomy":"format","embeddable":true,"href":"https:\/\/whitelip.com\/da\/wp-json\/wp\/v2\/format?post=8346"},{"taxonomy":"nicotine","embeddable":true,"href":"https:\/\/whitelip.com\/da\/wp-json\/wp\/v2\/nicotine?post=8346"}],"curies":[{"name":"wp","href":"https:\/\/api.w.org\/{rel}","templated":true}]}}