{"id":8319,"date":"2024-11-28T12:42:21","date_gmt":"2024-11-28T12:42:21","guid":{"rendered":"https:\/\/whitelip.com\/apres-cola\/"},"modified":"2026-04-13T17:48:07","modified_gmt":"2026-04-13T17:48:07","slug":"apres-cola","status":"publish","type":"product","link":"https:\/\/whitelip.com\/da\/apres\/apres-cola\/","title":{"rendered":"APR\u00c8S Cola"},"content":{"rendered":"<h2><b>APR\u00c8S Cola<\/b><\/h2>\n<p><span style=\"font-weight: 400;\">APR\u00c8S Cola nikotinposer leverer en klassisk cola-smag med afbalanceret s\u00f8dme, hvilket giver en nostalgisk smagoplevelse. Hver slim, hvid pose indeholder 4,4 mg nikotin, hvilket giver en mild virkning velegnet til dem, der s\u00f8ger en mild nikotineffekt. Det diskrete design sikrer en behagelig pasform under l\u00e6ben, hvilket tillader brug til enhver tid uden at plette t\u00e6nderne. Produceret af APR\u00c8S Nicotine AB er disse tobaksfri poser eksempler p\u00e5 h\u00f8je kvalitetsstandarder og innovative smag kombinationer.<\/span><\/p>\n<table>\n<tbody>\n<tr>\n<td><b>Attribute<\/b><\/td>\n<td><b>Detaljer<\/b><\/td>\n<\/tr>\n<tr>\n<td><b>Indhold pr. d\u00e5se<\/b><\/td>\n<td><span style=\"font-weight: 400;\">11g (20 pouches)<\/span><\/td>\n<\/tr>\n<tr>\n<td><b>Nikotinindhold<\/b><\/td>\n<td><span style=\"font-weight: 400;\">8 mg\/g (4,4 mg pr. pouch)<\/span><\/td>\n<\/tr>\n<tr>\n<td><b>Poseformat<\/b><\/td>\n<td><span style=\"font-weight: 400;\">Slim<\/span><\/td>\n<\/tr>\n<tr>\n<td><b>Producent<\/b><\/td>\n<td><span style=\"font-weight: 400;\">APR\u00c8S Nicotine AB<\/span><\/td>\n<\/tr>\n<tr>\n<td><b>Smag<\/b><\/td>\n<td><span style=\"font-weight: 400;\">Cola<\/span><\/td>\n<\/tr>\n<tr>\n<td><b>Type<\/b><\/td>\n<td><span style=\"font-weight: 400;\">Helt hvid pose<\/span><\/td>\n<\/tr>\n<\/tbody>\n<\/table>\n<p>\u00a0<\/p>","protected":false},"excerpt":{"rendered":"<p>Klassisk <strong data-start=\"8\" data-end=\"16\">cola<\/strong> med afbalanceret s\u00f8dme for en ren, nostalgisk smag. Den <strong data-start=\"75\" data-end=\"94\">smalle, <\/strong>hvide puder sidder diskret og komfortabelt under l\u00e6ben til pletsikkert, n\u00e5r som helst brug. Hver pose indeholder <strong data-start=\"197\" data-end=\"216\">4,4 mg nikotin<\/strong>, der giver en mild, tilg\u00e6ngelig virkning fra APR\u00c8S Nicotine AB.<\/p>","protected":false},"featured_media":8320,"comment_status":"open","ping_status":"closed","template":"","format":[206],"meta":{"_acf_changed":false},"product_brand":[],"product_cat":[41],"product_tag":[16549],"flavours":[193],"nicotine":[230,236],"class_list":{"0":"post-8319","1":"product","2":"type-product","3":"status-publish","4":"has-post-thumbnail","6":"product_cat-apres","7":"product_tag-4-4-mg-pouch","8":"pa_quantity-1-pack","9":"pa_quantity-10-pack","10":"pa_quantity-3-pack","11":"pa_quantity-30-pack","12":"pa_quantity-5-pack","13":"pa_quantity-60-pack","14":"flavours-cola","15":"format-slim","16":"nicotine-8-mg-g","17":"nicotine-strong","19":"first","20":"instock","21":"taxable","22":"shipping-taxable","23":"purchasable","24":"product-type-variable"},"acf":[],"_links":{"self":[{"href":"https:\/\/whitelip.com\/da\/wp-json\/wp\/v2\/product\/8319","targetHints":{"allow":["GET"]}}],"collection":[{"href":"https:\/\/whitelip.com\/da\/wp-json\/wp\/v2\/product"}],"about":[{"href":"https:\/\/whitelip.com\/da\/wp-json\/wp\/v2\/types\/product"}],"replies":[{"embeddable":true,"href":"https:\/\/whitelip.com\/da\/wp-json\/wp\/v2\/comments?post=8319"}],"wp:featuredmedia":[{"embeddable":true,"href":"https:\/\/whitelip.com\/da\/wp-json\/wp\/v2\/media\/8320"}],"wp:attachment":[{"href":"https:\/\/whitelip.com\/da\/wp-json\/wp\/v2\/media?parent=8319"}],"wp:term":[{"taxonomy":"product_brand","embeddable":true,"href":"https:\/\/whitelip.com\/da\/wp-json\/wp\/v2\/product_brand?post=8319"},{"taxonomy":"product_cat","embeddable":true,"href":"https:\/\/whitelip.com\/da\/wp-json\/wp\/v2\/product_cat?post=8319"},{"taxonomy":"product_tag","embeddable":true,"href":"https:\/\/whitelip.com\/da\/wp-json\/wp\/v2\/product_tag?post=8319"},{"taxonomy":"flavours","embeddable":true,"href":"https:\/\/whitelip.com\/da\/wp-json\/wp\/v2\/flavours?post=8319"},{"taxonomy":"format","embeddable":true,"href":"https:\/\/whitelip.com\/da\/wp-json\/wp\/v2\/format?post=8319"},{"taxonomy":"nicotine","embeddable":true,"href":"https:\/\/whitelip.com\/da\/wp-json\/wp\/v2\/nicotine?post=8319"}],"curies":[{"name":"wp","href":"https:\/\/api.w.org\/{rel}","templated":true}]}}